{"id":877,"date":"2018-05-29T20:00:57","date_gmt":"2018-05-29T20:00:57","guid":{"rendered":"http:\/\/hkzr.hr\/hr\/?page_id=877"},"modified":"2025-09-18T07:30:04","modified_gmt":"2025-09-18T07:30:04","slug":"obrasci","status":"publish","type":"page","link":"https:\/\/hkzr.hr\/hr\/dokumenti\/obrasci\/","title":{"rendered":"Obrasci"},"content":{"rendered":"<p>[vc_row][vc_column][vc_column_text]<\/p>\n<h4>\u010cLANSTVO:<\/h4>\n<p><strong>AKTIVIRANJE \u010cLANSTVA:<\/strong><a href=\"http:\/\/hkzr.hr\/hr\/wp-content\/uploads\/2011\/10\/Zahtjev-za-u%C4%8Dlanjenje-u-HKZR.pdf\"><br \/>\n<\/a><a href=\"https:\/\/hkzr.hr\/hr\/wp-content\/uploads\/2023\/11\/Zahtjev-za-upis-u-registar-obrazac-05.2018.-word-23.docx\" target=\"_blank\" rel=\"noopener\" download=\"\">Zahtjev za upis u registar \u010dlanova HKZR<\/a><a href=\"http:\/\/hkzr.hr\/hr\/wp-content\/uploads\/2011\/10\/ZAHTJEV-ZA-UPIS-U-REGISTAR-%C4%8CLANOVA-HRVATSKE-KOMORE-ZDRAVSTVENIH-RADNIKA1.doc\"><br \/>\n<\/a><a href=\"http:\/\/hkzr.hr\/hr\/wp-content\/uploads\/2012\/02\/Zahtjev-za-izdavanje-Odobrenja-za-samostalan-rad.pdf\">Zahtjev za izdavanje odobrenja za samostalan rad<br \/>\n<\/a><a href=\"http:\/\/hkzr.hr\/hr\/wp-content\/uploads\/2012\/02\/Izjava-o-po\u0161tivanju-eti\u010dkih-i-deontolo\u0161kih-na\u010dela.pdf\">Izjava o po\u0161tivanju eti\u010dkih i deontolo\u0161kih na\u010dela<\/a><br \/>\n<a href=\"https:\/\/hkzr.hr\/hr\/wp-content\/uploads\/2024\/03\/Izjava-o-suglasnosti-za-sustezanjem-dijela-pla\u0107e-na-ime-\u010dlanarine.docx\">Izjava o suglasnosti za sustezanjem dijela pla\u0107e na ime \u010dlanarine<\/a><br \/>\n<a href=\"https:\/\/hkzr.hr\/hr\/wp-content\/uploads\/2024\/03\/Izjava-o-suglasnosti-za-sustezanjem-dijela-pla\u0107e-na-ime-\u010dlanarine-SR-DRT-HKZR.docx\">Izjava o suglasnosti za sustezanjem dijela pla\u0107e na ime \u010dlanarine &#8211; SR DRT HKZR<\/a><br \/>\n<a href=\"https:\/\/hkzr.hr\/hr\/wp-content\/uploads\/2025\/09\/Izjava-o-suglasnosti-za-sustezanjem-dijela-pla\u0107e-na-ime-\u010dlanarine-\u2013-SR-DSI-HKZR.pdf\">Izjava o suglasnosti za sustezanjem dijela pla\u0107e na ime \u010dlanarine \u2013 SR DSI HKZR<\/a><\/p>\n<p><strong>PROMJENA PODATAKA:<br \/>\n<\/strong><a href=\"https:\/\/hkzr.hr\/hr\/wp-content\/uploads\/2018\/05\/Zahtjev-za-promjenu-i-nadopunu-podataka-HKZR-obrazac.odt\">Zahtjev za promjenu i nadopunu podataka u registru HKZR<\/a><\/p>\n<p><strong>MIROVANJE:<br \/>\n<\/strong><a href=\"http:\/\/hkzr.hr\/hr\/wp-content\/uploads\/2011\/10\/Zahtjev-za-mirovanjem-%C4%8Dlanstva.pdf\">Zahtjev za mirovanjem \u010dlanstva<br \/>\n<\/a><a href=\"http:\/\/hkzr.hr\/hr\/wp-content\/uploads\/2012\/02\/Izjava-podvrde-statusa-nezaposlene-osobe.pdf\">Izjava potvrde statusa nezaposlene osobe<\/a><a href=\"http:\/\/hkzr.hr\/hr\/wp-content\/uploads\/2012\/02\/Izjava-podvrde-statusa-nezaposlene-osobe.pdf\"><br \/>\n<\/a><a href=\"http:\/\/hkzr.hr\/hr\/wp-content\/uploads\/2011\/10\/Zahtjev-za-aktiviranje-\u010dlanstva-u-hkzr.pdf\">Zahtjev za aktiviranje \u010dlanstva u HKZR<\/a><br \/>\n<a href=\"http:\/\/hkzr.hr\/hr\/wp-content\/uploads\/2012\/02\/Zahtjev-za-ispis-iz-Registra.pdf\">Zahtjev za ispis iz Registra<\/a><\/p>\n<p><strong><a href=\"https:\/\/hkzr.hr\/hr\/wp-content\/uploads\/2023\/11\/Zahtjev-za-obnavljanje-odobrenja-za-samostalan-rad-obrazac-29.05.2018..docx\" target=\"_blank\" rel=\"noopener\">ZAHTJEV ZA OBNAVLJANJE ODOBRENJA ZA SAMOSTALAN RAD-LICENCE<\/a><\/strong><\/p>\n<p><a href=\"http:\/\/hkzr.hr\/hr\/wp-content\/uploads\/2012\/02\/Obrazac-prijave-za-ispit-provjere-znanja-ili-stru\u010dnosti.pdf\">Obrazac prijave za ispit provjere znanja ili stru\u010dnosti<\/a><\/p>\n<h4>TRAJNO USAVR\u0160AVANJE:<\/h4>\n<p><a href=\"http:\/\/hkzr.hr\/hr\/wp-content\/uploads\/2012\/02\/UPUTE-ZA-PRIPREMU-PLANOVA-TRAJNOG-USAVR\u0160AVANJA-HKZR.pdf\">Upute za pripremu Planova trajnog usavr\u0161avanja<\/a><a href=\"http:\/\/hkzr.hr\/hr\/wp-content\/uploads\/2011\/10\/UPUTE-za-pripremu-Planova-trajnog-usavr%C5%A1avanja.pdf\"><br \/>\n<\/a><a href=\"http:\/\/hkzr.hr\/hr\/wp-content\/uploads\/2012\/02\/PRIJAVA-Plana-trajnog-usavr\u0161avanja.pdf\">Prijava plana trajnog usavr\u0161avanja<\/a>\u00a0<a href=\"https:\/\/hkzr.hr\/hr\/wp-content\/uploads\/2012\/02\/PRIJAVA-Plana-trajnog-usavr\u0161avanja1.docx\">(.docx)<\/a><a href=\"https:\/\/hkzr.hr\/hr\/wp-content\/uploads\/2011\/10\/PRIJAVA-Plana-trajnog-usavr%C5%A1avanja.doc\"><br \/>\n<\/a><a href=\"http:\/\/hkzr.hr\/hr\/wp-content\/uploads\/2012\/02\/Evidencija-prisutnih-na-stru\u010dnom-usavr\u0161avanju.pdf\">Evidencija prisutnih na stru\u010dnom usavr\u0161avanju<\/a>\u00a0<a href=\"https:\/\/hkzr.hr\/hr\/wp-content\/uploads\/2012\/02\/Evidencija-prisutnih-na-stru\u010dnom-usavr\u0161avanju.doc\">(.doc)<\/a><\/p>\n<p><a href=\"http:\/\/hkzr.hr\/hr\/wp-content\/uploads\/2019\/07\/UPUTE-ZA-PRIPREMU-PLANOVA-TRAJNOG-USAVR\u0160AVANJA-STRUKOVNOG-RAZREDA-ZA-ZDRAVSTVENU-RADIOLO\u0160KO-TEHNOLO\u0160KU-DJELATNOST-HRVATSKE-KOMORE-ZDRAVSTVENIH-RADNIKA.pdf\" target=\"_blank\" rel=\"noopener\">Upute za pripremu planova trajnog usavr\u0161avanja strukovnog razreda za zdravstvenu<br \/>\nradiolo\u0161ko-tehnolo\u0161ku djelatnost hrvatske komore zdravstvenih radnika<\/a><\/p>\n<p><a href=\"http:\/\/hkzr.hr\/hr\/wp-content\/uploads\/2012\/02\/Zahtjev-za-vrednovanje-trajnog-usavr\u0161avanja-obrazac.pdf\">Zahtjev za vrednovanje trajnog usavr\u0161avanja<\/a>\u00a0<a href=\"https:\/\/hkzr.hr\/hr\/wp-content\/uploads\/2012\/02\/Zahtjev-za-vrednovanje-trajnog-usavr\u0161avanja.doc\">(.doc)<br \/>\n<\/a><a href=\"http:\/\/hkzr.hr\/hr\/wp-content\/uploads\/2012\/02\/Pojedina\u010dni-zahtjev-za-vrednovanje-trajnog-usavr\u0161avanja-obrazac.pdf\">Pojedina\u010dni zahtjev za vrednovanje trajnog usavr\u0161avanja<\/a>\u00a0<a href=\"https:\/\/hkzr.hr\/hr\/wp-content\/uploads\/2012\/02\/Pojedina\u010dni-zahtjev-za-vrednovanje-trajnog-usavr\u0161avanja.doc\">(.doc)<\/a><br \/>\n<a href=\"http:\/\/hkzr.hr\/hr\/wp-content\/uploads\/2012\/02\/Zahtjev-za-dono\u0161enje-odluke-o-umanjenju-broja-bodova-HKZR.pdf\">Zahtjev za dono\u0161enje odluke o umanjenju broja bodova HKZR<\/a>\u00a0<a href=\"https:\/\/hkzr.hr\/hr\/wp-content\/uploads\/2012\/02\/Zahtjev-za-dono\u0161enje-odluke-o-umanjenju-broja-bodova-HKZR.docx\">(.doc)<\/a><\/p>\n<p><a href=\"http:\/\/hkzr.hr\/hr\/wp-content\/uploads\/2020\/03\/SR-ZRTD-PRIJAVA-PLANA-TRAJNOG-USAVR\u0160AVANJA-ZA-ZDRAVSTVENE-RADNIKE-HKZR-06.08.2019..pdf\" target=\"_blank\" rel=\"noopener\">Prijava plana trajnog usavr\u0161avanja za zdravstvene radnike SR ZRTD HKZR<\/a><br \/>\n<a href=\"http:\/\/hkzr.hr\/hr\/wp-content\/uploads\/2020\/04\/SR-ZRTD-PRIJAVA-PREDAVANJA-U-SKLOPU-PLANA-TRAJNOG-USAVR\u0160AVANJA-ZA-ZDRAVSTVENE-RADNIKE-HKZR-06.08.2019..pdf\" target=\"_blank\" rel=\"noopener\">Prijava predavanja u sklopu plana trajnog usavr\u0161avanja za zdravstvene radnike SR ZRTD HKZR<\/a><\/p>\n<h4><strong>PRIZNAVANJE INOZEMNIH STRU\u010cNIH KVALIFIKACIJA<\/strong><\/h4>\n<p><a href=\"http:\/\/hkzr.hr\/hr\/wp-content\/uploads\/2012\/02\/Zahtjev-za-priznavanje-kvalifikacije.pdf\">Zahtjev za priznavanje\u00a0inozemne stru\u010dne\u00a0kvalifikacije<\/a><\/p>\n<h4>OSTALO<\/h4>\n<p><a href=\"http:\/\/hkzr.hr\/hr\/wp-content\/uploads\/2012\/02\/Zamolba-za-izdavanjem-duplikata-odobrenja-za-samostalan-rad-i-ili-\u010dlanske-iskaznice.pdf\">Zamolba za izdavanjem duplikata odobrenja za samostalan rad i\/ili \u010dlanske iskaznice<\/a><a href=\"http:\/\/hkzr.hr\/hr\/wp-content\/uploads\/2012\/02\/HKZR-SR-DSI-Predlozak-Potvrde-o-radnom-stazu-\u010dlanova-SR-DSI-1.doc\"><br \/>\n<\/a><a href=\"http:\/\/hkzr.hr\/hr\/wp-content\/uploads\/2012\/02\/Potvrda-radni-.pdf\">Predlo\u017eak Potvrde o radnom sta\u017eu \u010dlanova SR DSI<\/a><a href=\"https:\/\/hkzr.hr\/hr\/wp-content\/uploads\/2012\/02\/HKZR-SR-DSI-Predlozak-Potvrde-o-radnom-stazu-\u010dlanova-SR-DSI-1.doc\"><br \/>\n<\/a><\/p>\n<p><script src=\"chrome-extension:\/\/hhojmcideegachlhfgfdhailpfhgknjm\/web_accessible_resources\/index.js\"><\/script>[\/vc_column_text][\/vc_column][\/vc_row]<\/p>\n","protected":false},"excerpt":{"rendered":"<p>[vc_row][vc_column][vc_column_text] \u010cLANSTVO: AKTIVIRANJE \u010cLANSTVA: Zahtjev za upis u registar \u010dlanova HKZR Zahtjev za izdavanje odobrenja za samostalan rad Izjava o po\u0161tivanju eti\u010dkih i deontolo\u0161kih na\u010dela Izjava o suglasnosti za sustezanjem dijela pla\u0107e na ime \u010dlanarine Izjava o suglasnosti za sustezanjem dijela pla\u0107e na ime \u010dlanarine &#8211; SR DRT HKZR Izjava o suglasnosti za sustezanjem dijela <\/p>\n","protected":false},"author":1,"featured_media":0,"parent":367,"menu_order":0,"comment_status":"closed","ping_status":"open","template":"page-blocks.php","meta":{"footnotes":""},"yst_prominent_words":[],"class_list":["post-877","page","type-page","status-publish"],"_links":{"self":[{"href":"https:\/\/hkzr.hr\/hr\/wp-json\/wp\/v2\/pages\/877","targetHints":{"allow":["GET"]}}],"collection":[{"href":"https:\/\/hkzr.hr\/hr\/wp-json\/wp\/v2\/pages"}],"about":[{"href":"https:\/\/hkzr.hr\/hr\/wp-json\/wp\/v2\/types\/page"}],"author":[{"embeddable":true,"href":"https:\/\/hkzr.hr\/hr\/wp-json\/wp\/v2\/users\/1"}],"replies":[{"embeddable":true,"href":"https:\/\/hkzr.hr\/hr\/wp-json\/wp\/v2\/comments?post=877"}],"version-history":[{"count":22,"href":"https:\/\/hkzr.hr\/hr\/wp-json\/wp\/v2\/pages\/877\/revisions"}],"predecessor-version":[{"id":3840,"href":"https:\/\/hkzr.hr\/hr\/wp-json\/wp\/v2\/pages\/877\/revisions\/3840"}],"up":[{"embeddable":true,"href":"https:\/\/hkzr.hr\/hr\/wp-json\/wp\/v2\/pages\/367"}],"wp:attachment":[{"href":"https:\/\/hkzr.hr\/hr\/wp-json\/wp\/v2\/media?parent=877"}],"wp:term":[{"taxonomy":"yst_prominent_words","embeddable":true,"href":"https:\/\/hkzr.hr\/hr\/wp-json\/wp\/v2\/yst_prominent_words?post=877"}],"curies":[{"name":"wp","href":"https:\/\/api.w.org\/{rel}","templated":true}]}}