{"id":726,"date":"2011-10-19T15:46:54","date_gmt":"2011-10-19T13:46:54","guid":{"rendered":"http:\/\/hkzr.hr\/hr\/?page_id=726"},"modified":"2026-03-20T15:55:34","modified_gmt":"2026-03-20T15:55:34","slug":"sudovi-komore-u-i-i-ii-stupnju","status":"publish","type":"page","link":"https:\/\/hkzr.hr\/hr\/o-nama\/ustrojstvo\/sudovi-komore-u-i-i-ii-stupnju\/","title":{"rendered":"Sudovi Komore u I. i II. Stupnju"},"content":{"rendered":"<p>[vc_row][vc_column][vc_column_text]<\/p>\n<h3>Saziv Sudova HKZR za mandatno razdoblje od 01.03.2026. do 28.02.2030. godine<\/h3>\n<h4>Sud Komore u prvom stupnju\u00a0konstituiran je u sljede\u0107em sastavu i utvr\u0111enim redoslijedom:<\/h4>\n<ol>\n<li>Sven Gruji\u0107, predsjednik, predstavnik Strukovnog razreda za djelatnost sanitarnog in\u017eenjerstva<\/li>\n<li>Krunoslav Fabijani\u0107, predstavnik iz Strukovnog razreda za zdravstvenu radiolo\u0161ko-tehnolo\u0161ku djelatnost<\/li>\n<li>Natalija Stepan, predstavnica Strukovnog razreda za djelatnost radne terapije<\/li>\n<li>Ljilana Brneti\u0107, predstavnik iz\u00a0Strukovnog razreda za medicinsko-Iaboratorijsku djelatnost<\/li>\n<\/ol>\n<h4>Sud Komore u drugom stupnju\u00a0konstituran je u sljede\u0107em sastavu i utvr\u0111enim redoslijedom:<\/h4>\n<ol>\n<li>Bo\u017eidar Putarek, predsjednik, predstavnik iz Strukovnog razreda za djelatnost sanitarnog in\u017eenjerstva<\/li>\n<li>Hrvoje Kuhner, predstavnik Strukovnog razreda za zdravstvenu radiolo\u0161ko-tehnolo\u0161ku djelatnost<\/li>\n<li>Mihael Cerove\u010dki, predstavnik Strukovnog razreda za djelatnost radne terapije<\/li>\n<li>Jelena Plazibat, predstavnica Strukovnog razreda za medicinsko-laboratorijsku djelatnost<\/li>\n<\/ol>\n<p>[\/vc_column_text][\/vc_column][\/vc_row]<\/p>\n","protected":false},"excerpt":{"rendered":"<p>[vc_row][vc_column][vc_column_text] Saziv Sudova HKZR za mandatno razdoblje od 01.03.2026. do 28.02.2030. godine Sud Komore u prvom stupnju\u00a0konstituiran je u sljede\u0107em sastavu i utvr\u0111enim redoslijedom: Sven Gruji\u0107, predsjednik, predstavnik Strukovnog razreda za djelatnost sanitarnog in\u017eenjerstva Krunoslav Fabijani\u0107, predstavnik iz Strukovnog razreda za zdravstvenu radiolo\u0161ko-tehnolo\u0161ku djelatnost Natalija Stepan, predstavnica Strukovnog razreda za djelatnost radne terapije Ljilana Brneti\u0107, <\/p>\n","protected":false},"author":1,"featured_media":0,"parent":669,"menu_order":0,"comment_status":"closed","ping_status":"open","template":"page-blocks.php","meta":{"footnotes":""},"yst_prominent_words":[],"class_list":["post-726","page","type-page","status-publish"],"_links":{"self":[{"href":"https:\/\/hkzr.hr\/hr\/wp-json\/wp\/v2\/pages\/726","targetHints":{"allow":["GET"]}}],"collection":[{"href":"https:\/\/hkzr.hr\/hr\/wp-json\/wp\/v2\/pages"}],"about":[{"href":"https:\/\/hkzr.hr\/hr\/wp-json\/wp\/v2\/types\/page"}],"author":[{"embeddable":true,"href":"https:\/\/hkzr.hr\/hr\/wp-json\/wp\/v2\/users\/1"}],"replies":[{"embeddable":true,"href":"https:\/\/hkzr.hr\/hr\/wp-json\/wp\/v2\/comments?post=726"}],"version-history":[{"count":13,"href":"https:\/\/hkzr.hr\/hr\/wp-json\/wp\/v2\/pages\/726\/revisions"}],"predecessor-version":[{"id":3936,"href":"https:\/\/hkzr.hr\/hr\/wp-json\/wp\/v2\/pages\/726\/revisions\/3936"}],"up":[{"embeddable":true,"href":"https:\/\/hkzr.hr\/hr\/wp-json\/wp\/v2\/pages\/669"}],"wp:attachment":[{"href":"https:\/\/hkzr.hr\/hr\/wp-json\/wp\/v2\/media?parent=726"}],"wp:term":[{"taxonomy":"yst_prominent_words","embeddable":true,"href":"https:\/\/hkzr.hr\/hr\/wp-json\/wp\/v2\/yst_prominent_words?post=726"}],"curies":[{"name":"wp","href":"https:\/\/api.w.org\/{rel}","templated":true}]}}