{"id":724,"date":"2018-03-21T20:00:18","date_gmt":"2018-03-21T19:00:18","guid":{"rendered":"http:\/\/hkzr.hr\/hr\/?page_id=724"},"modified":"2026-03-17T06:35:59","modified_gmt":"2026-03-17T06:35:59","slug":"nadzorni-odbor","status":"publish","type":"page","link":"https:\/\/hkzr.hr\/hr\/o-nama\/ustrojstvo\/nadzorni-odbor\/","title":{"rendered":"Nadzorni Odbor"},"content":{"rendered":"<p>[vc_row][vc_column][vc_column_text]<strong>PREDSJEDNICA:<\/strong><\/p>\n<table width=\"757\">\n<tbody>\n<tr>\n<td>\n<p style=\"text-align: center;\">\u00a0<strong>\u00a0 MAJA KARI\u0106<br \/>\nStrukovni razred za zdravstvenu radiolo\u0161ko \u2013 tehnolo\u0161ku djelatnost<br \/>\n<a href=\"mailto:no@zrtd.hkzr.hr\">no@zrtd.hkzr.hr<\/a><br \/>\n<\/strong><\/p>\n<\/td>\n<\/tr>\n<tr>\n<td><strong>\u010cLANOVI:<\/strong><\/p>\n<table style=\"height: 242px;\" width=\"763\">\n<tbody>\n<tr>\n<td>\n<p style=\"text-align: center;\"><strong> TOMISLAV VULI\u0106<br \/>\nStrukovni razred za\u00a0djelatnost sanitarnog in\u017eenjerstva<br \/>\n<\/strong><a href=\"mailto:no@dsi.hkzr.hr\">no@dsi.hkzr.hr<\/a><\/p>\n<\/td>\n<\/tr>\n<tr>\n<td style=\"text-align: center;\"><strong>HELENA DRMI\u0106<\/strong><br \/>\nStrukovni razred za djelatnost radne terapije<br \/>\n<a href=\"mailto:no@zrtd.hkzr.hr\">no@drt.hkzr.hr<\/a><\/td>\n<\/tr>\n<\/tbody>\n<\/table>\n<p>&nbsp;<\/p>\n<table style=\"height: 88px;\" width=\"754\">\n<tbody>\n<tr>\n<td>\n<p style=\"text-align: center;\"><strong>ANDREA RIPPL-GOTVALD<br \/>\n<\/strong>Strukovni razred za medicinsko \u2013 labaratorijsku djelatnost<strong><br \/>\n<\/strong><a href=\"mailto:no@drt.hkzr.hr\">no@mld.hkzr.hr<\/a><\/p>\n<\/td>\n<\/tr>\n<\/tbody>\n<\/table>\n<p>&nbsp;<\/p>\n<p>[\/vc_column_text][\/vc_column][\/vc_row]<\/td>\n<\/tr>\n<\/tbody>\n<\/table>\n","protected":false},"excerpt":{"rendered":"<p>[vc_row][vc_column][vc_column_text]PREDSJEDNICA: \u00a0\u00a0 MAJA KARI\u0106 Strukovni razred za zdravstvenu radiolo\u0161ko \u2013 tehnolo\u0161ku djelatnost no@zrtd.hkzr.hr \u010cLANOVI: TOMISLAV VULI\u0106 Strukovni razred za\u00a0djelatnost sanitarnog in\u017eenjerstva no@dsi.hkzr.hr HELENA DRMI\u0106 Strukovni razred za djelatnost radne terapije no@drt.hkzr.hr &nbsp; ANDREA RIPPL-GOTVALD Strukovni razred za medicinsko \u2013 labaratorijsku djelatnost no@mld.hkzr.hr &nbsp; [\/vc_column_text][\/vc_column][\/vc_row]<\/p>\n","protected":false},"author":1,"featured_media":0,"parent":669,"menu_order":0,"comment_status":"closed","ping_status":"open","template":"page-blocks.php","meta":{"footnotes":""},"yst_prominent_words":[],"class_list":["post-724","page","type-page","status-publish"],"_links":{"self":[{"href":"https:\/\/hkzr.hr\/hr\/wp-json\/wp\/v2\/pages\/724","targetHints":{"allow":["GET"]}}],"collection":[{"href":"https:\/\/hkzr.hr\/hr\/wp-json\/wp\/v2\/pages"}],"about":[{"href":"https:\/\/hkzr.hr\/hr\/wp-json\/wp\/v2\/types\/page"}],"author":[{"embeddable":true,"href":"https:\/\/hkzr.hr\/hr\/wp-json\/wp\/v2\/users\/1"}],"replies":[{"embeddable":true,"href":"https:\/\/hkzr.hr\/hr\/wp-json\/wp\/v2\/comments?post=724"}],"version-history":[{"count":12,"href":"https:\/\/hkzr.hr\/hr\/wp-json\/wp\/v2\/pages\/724\/revisions"}],"predecessor-version":[{"id":3933,"href":"https:\/\/hkzr.hr\/hr\/wp-json\/wp\/v2\/pages\/724\/revisions\/3933"}],"up":[{"embeddable":true,"href":"https:\/\/hkzr.hr\/hr\/wp-json\/wp\/v2\/pages\/669"}],"wp:attachment":[{"href":"https:\/\/hkzr.hr\/hr\/wp-json\/wp\/v2\/media?parent=724"}],"wp:term":[{"taxonomy":"yst_prominent_words","embeddable":true,"href":"https:\/\/hkzr.hr\/hr\/wp-json\/wp\/v2\/yst_prominent_words?post=724"}],"curies":[{"name":"wp","href":"https:\/\/api.w.org\/{rel}","templated":true}]}}