{"id":712,"date":"2018-09-24T20:00:08","date_gmt":"2018-09-24T20:00:08","guid":{"rendered":"http:\/\/hkzr.hr\/hr\/?page_id=712"},"modified":"2025-04-15T10:47:14","modified_gmt":"2025-04-15T10:47:14","slug":"vijece","status":"publish","type":"page","link":"https:\/\/hkzr.hr\/hr\/o-nama\/ustrojstvo\/vijece\/","title":{"rendered":"Vije\u0107e"},"content":{"rendered":"<p>[vc_row][vc_column][vc_column_text]<\/p>\n<h3>VIJE\u0106E HKZR:<\/h3>\n<h4>Predsjednik Vije\u0107a:<\/h4>\n<table style=\"width: 100%;\" border=\"0\">\n<colgroup>\n<col \/> <\/colgroup>\n<tbody>\n<tr>\n<td>\n<p align=\"center\"><strong><span style=\"color: #454545;\"><span style=\"font-family: Open Sans, sans-serif;\"><span style=\"font-size: medium;\">Nives Bo\u017ei\u0107<br \/>\n<\/span><\/span><\/span><\/strong>Strukovni razred za medicinsko-laboratorijsku djelatnost<\/p>\n<\/td>\n<\/tr>\n<\/tbody>\n<\/table>\n<p>&nbsp;<\/p>\n<h4>Zamjenik predsjednika Vije\u0107a:<\/h4>\n<table style=\"width: 100%;\" border=\"0\">\n<colgroup>\n<col \/> <\/colgroup>\n<tbody>\n<tr>\n<td>\n<p align=\"center\"><span style=\"color: #494949;\"><span style=\"font-family: Open Sans, sans-serif;\"><span style=\"font-size: medium;\"><b>Matija Kranj\u010devi\u0107<br \/>\n<\/b><\/span><\/span><\/span><span style=\"font-family: Tahoma, serif;\">Strukovni razred za djelatnost radne terapije<br \/>\n<\/span><\/p>\n<\/td>\n<\/tr>\n<\/tbody>\n<\/table>\n<p>&nbsp;<\/p>\n<h4>\u010clan Vije\u0107a:<\/h4>\n<table style=\"width: 100%;\" border=\"0\">\n<colgroup>\n<col \/> <\/colgroup>\n<tbody>\n<tr>\n<td>\n<p align=\"center\"><span style=\"font-family: Tahoma, serif;\"><strong>Tatjana Bedenikovi\u0107<\/strong><br \/>\n<\/span><span style=\"font-family: Tahoma, serif;\">Strukovni razred za zdravstvenu radiolo\u0161ko-tehnolo\u0161ku djelatnost<\/span><\/p>\n<\/td>\n<\/tr>\n<\/tbody>\n<\/table>\n<p>&nbsp;<\/p>\n<h4>\u010clan Vije\u0107a:<\/h4>\n<table style=\"width: 100%;\" border=\"0\">\n<colgroup>\n<col \/> <\/colgroup>\n<tbody>\n<tr>\n<td>\n<p align=\"center\"><strong><span style=\"color: #454545;\"><span style=\"font-family: Open Sans, sans-serif;\"><span style=\"font-size: medium;\">Margareta Luka\u010din<br \/>\n<\/span><\/span><\/span><\/strong>Strukovni razred za djelatnost sanitarnog in\u017eenjerstva<\/p>\n<\/td>\n<\/tr>\n<\/tbody>\n<\/table>\n<p>[\/vc_column_text][\/vc_column][\/vc_row][vc_row][vc_column][vc_column_text]<\/p>\n<p><script src=\"chrome-extension:\/\/hhojmcideegachlhfgfdhailpfhgknjm\/web_accessible_resources\/index.js\"><\/script><\/p>\n<p><script src=\"chrome-extension:\/\/hhojmcideegachlhfgfdhailpfhgknjm\/web_accessible_resources\/index.js\"><\/script>[\/vc_column_text][\/vc_column][\/vc_row]<\/p>\n","protected":false},"excerpt":{"rendered":"<p>[vc_row][vc_column][vc_column_text] VIJE\u0106E HKZR: Predsjednik Vije\u0107a: Nives Bo\u017ei\u0107 Strukovni razred za medicinsko-laboratorijsku djelatnost &nbsp; Zamjenik predsjednika Vije\u0107a: Matija Kranj\u010devi\u0107 Strukovni razred za djelatnost radne terapije &nbsp; \u010clan Vije\u0107a: Tatjana Bedenikovi\u0107 Strukovni razred za zdravstvenu radiolo\u0161ko-tehnolo\u0161ku djelatnost &nbsp; \u010clan Vije\u0107a: Margareta Luka\u010din Strukovni razred za djelatnost sanitarnog in\u017eenjerstva [\/vc_column_text][\/vc_column][\/vc_row][vc_row][vc_column][vc_column_text] [\/vc_column_text][\/vc_column][\/vc_row]<\/p>\n","protected":false},"author":1,"featured_media":0,"parent":669,"menu_order":0,"comment_status":"closed","ping_status":"open","template":"page-blocks.php","meta":{"footnotes":""},"yst_prominent_words":[],"class_list":["post-712","page","type-page","status-publish"],"_links":{"self":[{"href":"https:\/\/hkzr.hr\/hr\/wp-json\/wp\/v2\/pages\/712","targetHints":{"allow":["GET"]}}],"collection":[{"href":"https:\/\/hkzr.hr\/hr\/wp-json\/wp\/v2\/pages"}],"about":[{"href":"https:\/\/hkzr.hr\/hr\/wp-json\/wp\/v2\/types\/page"}],"author":[{"embeddable":true,"href":"https:\/\/hkzr.hr\/hr\/wp-json\/wp\/v2\/users\/1"}],"replies":[{"embeddable":true,"href":"https:\/\/hkzr.hr\/hr\/wp-json\/wp\/v2\/comments?post=712"}],"version-history":[{"count":20,"href":"https:\/\/hkzr.hr\/hr\/wp-json\/wp\/v2\/pages\/712\/revisions"}],"predecessor-version":[{"id":3761,"href":"https:\/\/hkzr.hr\/hr\/wp-json\/wp\/v2\/pages\/712\/revisions\/3761"}],"up":[{"embeddable":true,"href":"https:\/\/hkzr.hr\/hr\/wp-json\/wp\/v2\/pages\/669"}],"wp:attachment":[{"href":"https:\/\/hkzr.hr\/hr\/wp-json\/wp\/v2\/media?parent=712"}],"wp:term":[{"taxonomy":"yst_prominent_words","embeddable":true,"href":"https:\/\/hkzr.hr\/hr\/wp-json\/wp\/v2\/yst_prominent_words?post=712"}],"curies":[{"name":"wp","href":"https:\/\/api.w.org\/{rel}","templated":true}]}}