{"id":709,"date":"2018-03-21T20:00:14","date_gmt":"2018-03-21T19:00:14","guid":{"rendered":"http:\/\/hkzr.hr\/hr\/?page_id=709"},"modified":"2026-03-03T06:33:23","modified_gmt":"2026-03-03T06:33:23","slug":"predsjednistvo","status":"publish","type":"page","link":"https:\/\/hkzr.hr\/hr\/o-nama\/ustrojstvo\/predsjednistvo\/","title":{"rendered":"Predsjedni\u0161tvo"},"content":{"rendered":"<p>[vc_row][vc_column][vc_column_text]<\/p>\n<h3 style=\"text-align: left;\">Predsjedni\u0161tvo Hrvatske komore zdravstvenih radnika<\/h3>\n<h4 style=\"text-align: left;\">Predsjednik HKZR:<\/h4>\n<table class=\" alignleft\" style=\"width: 100%;\" border=\"0\">\n<colgroup>\n<col \/> <\/colgroup>\n<tbody>\n<tr>\n<td>\n<p style=\"text-align: center;\"><strong>KATJA PULJ\u010cAN<\/strong><strong>, mag.med.lab.diag.<\/strong><br \/>\nVoditeljica Strukovnog razreda za medicinsko-laboratorijsku djelatnost<br \/>\n<a href=\"mailto:voditeljica@mld.hkzr.hr\">voditeljica@mld.hkzr.hr<\/a><\/p>\n<\/td>\n<\/tr>\n<\/tbody>\n<\/table>\n<h4><strong>Dopredsjednici Hrvatske komore zdravstvenih radnika:<\/strong><\/h4>\n<table class=\" alignleft\" style=\"width: 939px; height: 53px;\" border=\"0\">\n<colgroup>\n<col \/> <\/colgroup>\n<tbody>\n<tr>\n<td>\n<p style=\"text-align: center;\"><strong>MIRJANA KU\u010cINA<\/strong><strong>, bacc.therap.occup.<\/strong><br \/>\nVoditeljica Strukovnog razreda za djelatnost radne terapije<br \/>\n<a href=\"mailto:mirjana.kucina@drt.hkzr.hr\">mirjana.kucina@drt.hkzr.hr<\/a><\/p>\n<\/td>\n<\/tr>\n<\/tbody>\n<\/table>\n<table class=\" alignleft\" style=\"width: 100%;\" border=\"0\">\n<colgroup>\n<col \/> <\/colgroup>\n<tbody>\n<tr>\n<td>\n<p style=\"text-align: center;\"><strong>dr.sc. BRUNO CVETKOVI\u0106, dipl.sanit.ing.<\/strong><br \/>\nVoditelj Strukovnog razreda za djelatnost sanitarnog in\u017eenjerstva<br \/>\n<a href=\"mailto:bruno.cvetkovi\u0107@dsi.hkzr.hr\">bruno.cvetkovi\u0107@dsi.hkzr.hr<\/a><\/p>\n<\/td>\n<\/tr>\n<\/tbody>\n<\/table>\n<table class=\" alignleft\" style=\"width: 100%;\" border=\"0\">\n<colgroup>\n<col \/> <\/colgroup>\n<tbody>\n<tr>\n<td>\n<p style=\"text-align: center;\"><strong>MIROSLAV BA\u0160I\u0106, bacc.radiol.techn.<\/strong><br \/>\nVoditelj Strukovnog razreda za zdravstvenu radiolo\u0161ko-tehnolo\u0161ku djelatnost<br \/>\n<a href=\"mailto:voditelj@zrtd.hkzr.hr\">voditelj@zrtd.hkzr.hr<\/a><\/p>\n<\/td>\n<\/tr>\n<\/tbody>\n<\/table>\n<p>&nbsp;<\/p>\n<p>[\/vc_column_text][\/vc_column][\/vc_row]<\/p>\n","protected":false},"excerpt":{"rendered":"<p>[vc_row][vc_column][vc_column_text] Predsjedni\u0161tvo Hrvatske komore zdravstvenih radnika Predsjednik HKZR: KATJA PULJ\u010cAN, mag.med.lab.diag. Voditeljica Strukovnog razreda za medicinsko-laboratorijsku djelatnost voditeljica@mld.hkzr.hr Dopredsjednici Hrvatske komore zdravstvenih radnika: MIRJANA KU\u010cINA, bacc.therap.occup. Voditeljica Strukovnog razreda za djelatnost radne terapije mirjana.kucina@drt.hkzr.hr dr.sc. BRUNO CVETKOVI\u0106, dipl.sanit.ing. Voditelj Strukovnog razreda za djelatnost sanitarnog in\u017eenjerstva bruno.cvetkovi\u0107@dsi.hkzr.hr MIROSLAV BA\u0160I\u0106, bacc.radiol.techn. Voditelj Strukovnog razreda za zdravstvenu radiolo\u0161ko-tehnolo\u0161ku <\/p>\n","protected":false},"author":1,"featured_media":0,"parent":669,"menu_order":0,"comment_status":"closed","ping_status":"open","template":"page-blocks.php","meta":{"footnotes":""},"yst_prominent_words":[],"class_list":["post-709","page","type-page","status-publish"],"_links":{"self":[{"href":"https:\/\/hkzr.hr\/hr\/wp-json\/wp\/v2\/pages\/709","targetHints":{"allow":["GET"]}}],"collection":[{"href":"https:\/\/hkzr.hr\/hr\/wp-json\/wp\/v2\/pages"}],"about":[{"href":"https:\/\/hkzr.hr\/hr\/wp-json\/wp\/v2\/types\/page"}],"author":[{"embeddable":true,"href":"https:\/\/hkzr.hr\/hr\/wp-json\/wp\/v2\/users\/1"}],"replies":[{"embeddable":true,"href":"https:\/\/hkzr.hr\/hr\/wp-json\/wp\/v2\/comments?post=709"}],"version-history":[{"count":21,"href":"https:\/\/hkzr.hr\/hr\/wp-json\/wp\/v2\/pages\/709\/revisions"}],"predecessor-version":[{"id":3925,"href":"https:\/\/hkzr.hr\/hr\/wp-json\/wp\/v2\/pages\/709\/revisions\/3925"}],"up":[{"embeddable":true,"href":"https:\/\/hkzr.hr\/hr\/wp-json\/wp\/v2\/pages\/669"}],"wp:attachment":[{"href":"https:\/\/hkzr.hr\/hr\/wp-json\/wp\/v2\/media?parent=709"}],"wp:term":[{"taxonomy":"yst_prominent_words","embeddable":true,"href":"https:\/\/hkzr.hr\/hr\/wp-json\/wp\/v2\/yst_prominent_words?post=709"}],"curies":[{"name":"wp","href":"https:\/\/api.w.org\/{rel}","templated":true}]}}