{"id":661,"date":"2011-10-18T21:44:52","date_gmt":"2011-10-18T19:44:52","guid":{"rendered":"http:\/\/hkzr.hr\/hr\/?page_id=661"},"modified":"2011-10-18T21:44:52","modified_gmt":"2011-10-18T19:44:52","slug":"obavijest-zdravstvenim-ustanovama","status":"publish","type":"page","link":"https:\/\/hkzr.hr\/hr\/clanstvo\/obavijest-zdravstvenim-ustanovama\/","title":{"rendered":"Obavijest Zdravstvenim Ustanovama"},"content":{"rendered":"<p>Zagreb, 25.02.2011.<\/p>\n<p>Ur. broj: 351-2\/11-39<\/p>\n<p>&nbsp;<\/p>\n<p style=\"text-align: right;\">Zdravstvenim ustanovama<br \/>\nu Republici Hrvatskoj<br \/>\nOBRA\u010cUN PLA\u0106A<\/p>\n<p style=\"text-align: left; padding-left: 30px;\">PREDMET: PLA\u0106ANJE \u010cLANARINA ZA HRVATSKU KOMORU ZDRAVSTVENIH RADNIKA<\/p>\n<p style=\"text-align: left; padding-left: 60px;\">Po\u0161tovani,<\/p>\n<p>Vezano uz o\u010ditovanje Hrvatske komore zdravstvenih radnika, sukladno preporuci\u00a0Ministarstva zdravstva i socijalne skrbi, datum:05.12.2010.,KLASA: P-i-69,Ur. broj: 351-2\/10-69, objavljeno na web stranici HKZR (www.hkzr.hr). i na web stranici MZSS\u00a0(http:\/\/www.mzss.hr\/hr\/novostiJpriopcenja\/obavijest), obavje\u0161tavamo vas da sukladno odluci\u00a0Vije\u0107a HKZR od 27. listopada 2010. godine\/ \u010dlanarina za obveznike u\u010dlanjenja u HKZR\u00a0iznosi 0,8% od neto pla\u0107e. Svaki \u010dlan du\u017ean je u Obra\u010dun pla\u0107a predati potpisanu Izjavu o\u00a0suglasnosti da mu se uste\u017ee od pla\u0107e mjese\u010dna \u010dlanarina. Izjava je dostupna na web\u00a0stranici HKZR.<br \/>\nMolimo Vas da u ured Komore, PP 191., 10000 Zagreb, redovite \u0161aljete specifikacije\u00a0obustava s pla\u0107a za va\u0161e djelatnike (obveznike u\u010dlanjenja u Komoru), kako bismo imali\u00a0uvid u ispunjavanje \u010dlanskih obveza i evidenciju istih u registru \u010dlanova HKZR.<\/p>\n<p><a href=\"http:\/\/hkzr.hr\/hr\/wp-content\/uploads\/2011\/10\/Obavijest-zdravstvenim-ustanovama.pdf\">PREUZMI Obavijest zdravstvenim ustanovama<\/a><\/p>\n<p>&nbsp;<\/p>\n","protected":false},"excerpt":{"rendered":"<p>Zagreb, 25.02.2011. Ur. broj: 351-2\/11-39 &nbsp; Zdravstvenim ustanovama u Republici Hrvatskoj OBRA\u010cUN PLA\u0106A PREDMET: PLA\u0106ANJE \u010cLANARINA ZA HRVATSKU KOMORU ZDRAVSTVENIH RADNIKA Po\u0161tovani, Vezano uz o\u010ditovanje Hrvatske komore zdravstvenih radnika, sukladno preporuci\u00a0Ministarstva zdravstva i socijalne skrbi, datum:05.12.2010.,KLASA: P-i-69,Ur. broj: 351-2\/10-69, objavljeno na web stranici HKZR (www.hkzr.hr). i na web stranici MZSS\u00a0(http:\/\/www.mzss.hr\/hr\/novostiJpriopcenja\/obavijest), obavje\u0161tavamo vas da sukladno odluci\u00a0Vije\u0107a <\/p>\n","protected":false},"author":1,"featured_media":0,"parent":386,"menu_order":0,"comment_status":"closed","ping_status":"open","template":"","meta":{"footnotes":""},"yst_prominent_words":[],"class_list":["post-661","page","type-page","status-publish"],"_links":{"self":[{"href":"https:\/\/hkzr.hr\/hr\/wp-json\/wp\/v2\/pages\/661","targetHints":{"allow":["GET"]}}],"collection":[{"href":"https:\/\/hkzr.hr\/hr\/wp-json\/wp\/v2\/pages"}],"about":[{"href":"https:\/\/hkzr.hr\/hr\/wp-json\/wp\/v2\/types\/page"}],"author":[{"embeddable":true,"href":"https:\/\/hkzr.hr\/hr\/wp-json\/wp\/v2\/users\/1"}],"replies":[{"embeddable":true,"href":"https:\/\/hkzr.hr\/hr\/wp-json\/wp\/v2\/comments?post=661"}],"version-history":[{"count":0,"href":"https:\/\/hkzr.hr\/hr\/wp-json\/wp\/v2\/pages\/661\/revisions"}],"up":[{"embeddable":true,"href":"https:\/\/hkzr.hr\/hr\/wp-json\/wp\/v2\/pages\/386"}],"wp:attachment":[{"href":"https:\/\/hkzr.hr\/hr\/wp-json\/wp\/v2\/media?parent=661"}],"wp:term":[{"taxonomy":"yst_prominent_words","embeddable":true,"href":"https:\/\/hkzr.hr\/hr\/wp-json\/wp\/v2\/yst_prominent_words?post=661"}],"curies":[{"name":"wp","href":"https:\/\/api.w.org\/{rel}","templated":true}]}}