{"id":393,"date":"2019-01-28T18:00:31","date_gmt":"2019-01-28T18:00:31","guid":{"rendered":"http:\/\/hkzr.hr\/hr\/?page_id=393"},"modified":"2026-02-27T16:23:54","modified_gmt":"2026-02-27T16:23:54","slug":"akti","status":"publish","type":"page","link":"https:\/\/hkzr.hr\/hr\/dokumenti\/akti\/","title":{"rendered":"Akti Komore"},"content":{"rendered":"<p>[vc_row][vc_column][vc_column_text]<\/p>\n<h4>OSNOVNI AKTI:<\/h4>\n<p><a href=\"http:\/\/hkzr.hr\/hr\/wp-content\/uploads\/2011\/10\/PRO\u010cI\u0160\u0106ENI-TEKST-STATUTA-HKZR1.pdf\" target=\"_blank\" rel=\"noopener\">Pro\u010di\u0161\u0107eni tekst statuta HKZR<\/a><a href=\"http:\/\/hkzr.hr\/hr\/wp-content\/uploads\/2011\/10\/PRO\u010cI\u0160\u0106ENI-TEKST-STATUTA-HKZR.pdf\"><br \/>\n<\/a><a href=\"http:\/\/hkzr.hr\/hr\/wp-content\/uploads\/2011\/10\/ODLUKA-O-OSNIVANJU-HRVATSKE-KOMORE-ZDRAVSTVENIH-RADNIKA.pdf\" target=\"_blank\" rel=\"noopener\">Odluka o osnivanju Hrvatske komore zdravstvenih radnika<\/a><\/p>\n<h4>\u010cLANSTVO U HKZR:<\/h4>\n<p><a href=\"http:\/\/hkzr.hr\/hr\/wp-content\/uploads\/2011\/10\/Pravilnik-o-pravima-i-odgovornostima-\u010dlanova-HKZR2.pdf\" target=\"_blank\" rel=\"noopener\">Pravilnik o pravima i odgovornostima \u010dlanova HKZR<\/a><br \/>\n<a href=\"http:\/\/hkzr.hr\/hr\/wp-content\/uploads\/2011\/10\/Kodeks-etike-i-deontologije-djelatnosti-sanitarnog-in\u017eenjerstva-zdravstvene-radiolo\u0161ko-tehnolo\u0161ke-djelatnosti-djelatnosti-radne-terapije-i-medicinsko-laboratorijske-djelatnosti1.pdf\" target=\"_blank\" rel=\"noopener\">Kodeks etike i deontologije djelatnosti sanitarnog in\u017eenjerstva, zdravstvene radiolo\u0161ko tehnolo\u0161ke djelatnosti, djelatnosti radne terapije i medicinsko-laboratorijske djelatnosti<\/a><br \/>\n<a href=\"http:\/\/hkzr.hr\/hr\/wp-content\/uploads\/2023\/05\/Pro\u010di\u0161\u0107eni-tekst-Pravilnik-o-Registru-\u010dlanova-Hrvatske-komore-zdravstvenih-radnika-1-1.pdf\" target=\"_blank\" rel=\"noopener\">Pro\u010di\u0161\u0107eni tekst Pravilnik o Registru \u010dlanova Hrvatske komore zdravstvenih radnika<\/a><br \/>\n<a href=\"https:\/\/hkzr.hr\/hr\/wp-content\/uploads\/2025\/09\/Pravilnik-o-Registru-\u010dlanova-Hrvatske-komore-zdravstvenih-radnika-pro\u010di\u0161\u0107eni-tekst.pdf\">Pravilnik o Registru \u010dlanova Hrvatske komore zdravstvenih radnika (pro\u010di\u0161\u0107eni tekst)<\/a>\u00a0&#8211; novo 25.09.2025.<br \/>\n<a href=\"http:\/\/hkzr.hr\/hr\/wp-content\/uploads\/2023\/03\/Pro\u010di\u0161\u0107eni-tekst-Pravilnika-o-izdavanju-obnavljanju-i-oduzimanju-odobrenja-za-samostalan-rad-licence.pdf\" target=\"_blank\" rel=\"noopener\">Pro\u010di\u0161\u0107eni tekst Pravilnika o izdavanju, obnavljanju i oduzimanju odobrenja za samostalan rad (licence)<\/a><br \/>\n<a href=\"https:\/\/hkzr.hr\/hr\/wp-content\/uploads\/2025\/09\/Pravilnik-o-izdavanju-obnavljanju-i-oduzimanju-odobrenja-za-samostalan-rad-licence-pro\u010di\u0161\u0107eni-tekst.pdf\">Pravilnik o izdavanju, obnavljanju i oduzimanju odobrenja za samostalan rad (licence) (pro\u010di\u0161\u0107eni tekst)<\/a>\u00a0&#8211; novo 25.09.2025.<br \/>\n<a href=\"http:\/\/hkzr.hr\/hr\/wp-content\/uploads\/2019\/12\/Kodeks-etike-i-deontologije-MLD-a-10.12.2019.-1.pdf\" target=\"_blank\" rel=\"noopener\">Kodeks etike i deontologije zdravstvenih radnika medicinsko-laboratorijske djelatnosti<\/a><br \/>\n<a href=\"http:\/\/hkzr.hr\/hr\/wp-content\/uploads\/2020\/01\/Kodeks-etike-i-deontologije-radiolo\u0161kih-tehnologa.pdf\" target=\"_blank\" rel=\"noopener\">Kodeks etike i deontologije zdravstvenih radnika radiolo\u0161ko-tehnolo\u0161ke djelatnosti<\/a><br \/>\n<a href=\"http:\/\/hkzr.hr\/hr\/wp-content\/uploads\/2022\/10\/Kodeks-etike-i-deontologije-radnih-terapeuta.pdf\">Kodeks etike i deontologije radnih terapeuta<\/a><\/p>\n<h4>STRU\u010cNI NADZOR:<\/h4>\n<p><a href=\"http:\/\/narodne-novine.nn.hr\/clanci\/sluzbeni\/2011_01_6_126.html\" target=\"_blank\" rel=\"noopener\">Pravilnik o stru\u010dnom nadzoru<\/a><\/p>\n<h4><strong>POSTUPAK PROVJERE ZNANJA ILI STRU\u010cNOSTI<br \/>\n<\/strong><\/h4>\n<p><a style=\"font-family: 'Open Sans', sans-serif; font-size: 14px; letter-spacing: 0px; opacity: 0.84;\" href=\"https:\/\/hkzr.hr\/hr\/wp-content\/uploads\/2025\/09\/Pravilnik-o-sadr\u017eaju-uvjetima-i-postupku-provjere-znanja-ili-stru\u010dnosti-zdravstvenih-radnika.pdf\">Pravilnik o sadr\u017eaju, uvjetima i postupku provjere znanja ili stru\u010dnosti zdravstvenih radnika<\/a><a style=\"font-family: 'Open Sans', sans-serif; font-size: 14px; letter-spacing: 0px;\" href=\"http:\/\/hkzr.hr\/hr\/wp-content\/uploads\/2011\/10\/Pravilnik-o-sadr\u017eaju-rokovima-i-postupku-provje-znanja-ili-stru\u010dnosti-zdravstvenih-radnika-iz-djelatnosti-DSI-ZRTD-DRT-MLD.pdf\">\u00a0&#8211; novo 25.09.2025.<\/a><br \/>\n<a href=\"http:\/\/hkzr.hr\/hr\/wp-content\/uploads\/2021\/02\/Pro\u010di\u0161\u0107eni-tekst-Pravilnika-o-sadr\u017eaju-uvjetima-i-postupku-provjere-znanja-ili-stru\u010dnosti-zdravstvenih-radnika-iz-DSI-ZRTD-DRT-MLD.pdf\">Pravilnik o sadr\u017eaju, uvjetima i postupku provje znanja ili stru\u010dnosti zdravstvenih radnika iz DSI, ZRTD, DRT, MLD<\/a><a href=\"http:\/\/hkzr.hr\/hr\/wp-content\/uploads\/2011\/10\/Pravilnik-o-sadr\u017eaju-rokovima-i-postupku-provje-znanja-ili-stru\u010dnosti-zdravstvenih-radnika-iz-djelatnosti-DSI-ZRTD-DRT-MLD.pdf\"><br \/>\n<\/a><a href=\"http:\/\/hkzr.hr\/hr\/wp-content\/uploads\/2020\/05\/Pravilnik-o-sadr\u017eaju-rokovima-i-postupku-provjere-stru\u010dnosti-zdravstvenih-radnika-iz-djelatnosti-sanitarnog-in\u017eenjerstva.pdf\">Pravilnik o sadr\u017eaju, rokovima i postupku provjere stru\u010dnosti zdravstvenih radnika iz djelatnosti sanitarnog in\u017eenjerstva<\/a><br \/>\n<a href=\"http:\/\/hkzr.hr\/hr\/wp-content\/uploads\/2021\/01\/Pravilnik-o-sadr\u017eaju-rokovima-i-postupku-provjere-stru\u010dnosti-zdravstvenih-radnika-zdravstvene-radiolo\u0161ko-tehnolo\u0161ke-djelatnosti.pdf\" target=\"_blank\" rel=\"noopener\">Pro\u010di\u0161\u0107eni tekst Pravilnika o sadr\u017eaju, rokovima i postupku provjere stru\u010dnosti zdravstvenih radnika iz zdravstvene radiolo\u0161ko-tehnolo\u0161ke djelatnosti<\/a><br \/>\n<a style=\"font-family: 'Open Sans', sans-serif; font-size: 14px; letter-spacing: 0px; opacity: 0.84;\" href=\"https:\/\/hkzr.hr\/hr\/wp-content\/uploads\/2025\/01\/Pro\u010di\u0161\u0107eni-tekst-Pravilnika-o-sadr\u017eaju-rokovima-i-postupku-provjere-stru\u010dnosti-20.01.2025..pdf\">Pro\u010di\u0161\u0107eni<\/a><a style=\"font-family: 'Open Sans', sans-serif; font-size: 14px; letter-spacing: 0px;\" href=\"https:\/\/hkzr.hr\/hr\/wp-content\/uploads\/2025\/01\/Pro\u010di\u0161\u0107eni-tekst-Pravilnika-o-sadr\u017eaju-rokovima-i-postupku-provjere-stru\u010dnosti-20.01.2025..pdf\">\u00a0tekst Pravilnika-o-sadr\u017eaju-rokovima-i-postupku-provjere-stru\u010dnosti\u00a0zdravstvenih radnika iz zdravstvene radiolo\u0161ko-tehnolo\u0161ke djelatnosti- 20.01.2025.<\/a><br \/>\n<a href=\"http:\/\/hkzr.hr\/hr\/wp-content\/uploads\/2018\/12\/proc\u030cis\u030cc\u0301eni-tekst-Pravilnika-o-sadrz\u030caju-rokovima-i-postupku-provjere-struc\u030cnosti-zdravstvenih-radnika-DRT-v.r.-PDF.pdf\" target=\"_blank\" rel=\"noopener\">Pro\u010di\u0161\u0107eni tekst Pravilnika o sadr\u017eaju, rokovima i postupku provjere stru\u010dnosti zdravstvenih radnika iz djelatnosti radne terapije <\/a><a href=\"http:\/\/hkzr.hr\/hr\/wp-content\/uploads\/2019\/02\/Pravilnik-o-izmijenama-i-dopunama-Pravilnika-o-sadrz\u030caju-rokovima-i-postupku-provjere-struc\u030cnosti-zdravstvenih-radnika-DRT-27.12.2018.g.-2.pdf\" target=\"_blank\" rel=\"noopener\">(Sustav vrednovanja \/ bodovne tablice)<\/a><br \/>\n<a href=\"http:\/\/hkzr.hr\/hr\/wp-content\/uploads\/2021\/01\/Pro\u010di\u0161\u0107eni-tekst-Pravilnika-o-sadr\u017eaju-rokovima-i-postupku-provjere-stru\u010dnosti-zdravstvenih-radnika-MLD-a-29.12.2020..pdf\">Pravilnika o sadr\u017eaju, rokovima i postupku provjere stru\u010dnosti zdravstvenih radnika MLD-a 29.12.2020.<\/a><br \/>\n<a href=\"http:\/\/hkzr.hr\/hr\/wp-content\/uploads\/2011\/10\/PRILOG-I-DSI-Sadr\u017eaj-predmeta-provjere-znanja-ili-stru\u010dnosti-uvjeti-i-na\u010din-polaganja-ispita-provjere-znanja-ili-stru\u010dnosti.pdf\">PRILOG I-DSI-Sadr\u017eaj predmeta provjere znanja ili stru\u010dnosti, uvjeti i na\u010din polaganja ispita provjere znanja ili stru\u010dnosti<br \/>\n<\/a><a href=\"http:\/\/hkzr.hr\/hr\/wp-content\/uploads\/2011\/10\/PRILOG-II-ZRTD-Postupnik-o-uvjetima-na\u010dinu-i-postupku-provo\u0111enja-provjere-osposobljenosti-stru\u010dnosti-radiolo\u0161kih-tehnologa.pdf\">PRILOG II-ZRTD-Postupnik o uvjetima, na\u010dinu i postupku provo\u0111enja provjere osposobljenosti (stru\u010dnosti) radiolo\u0161kih tehnologa<\/a><br \/>\n<a href=\"https:\/\/hkzr.hr\/hr\/wp-content\/uploads\/2025\/01\/PRILOG-II-SR-ZRTD-Sadr\u017eaj-predmeta-provjere-znanja-ili-stru\u010dnosti-te-uvjeti-i-na\u010din-polaganja-ispita-iz-provjere-znanja-i-stru\u010dnosti.pdf\">PRILOG II SR ZRTD Sadr\u017eaj predmeta provjere znanja ili stru\u010dnosti te uvjeti i na\u010din polaganja ispita iz provjere znanja i stru\u010dnosti 20.01.2025.<\/a><br \/>\n<a style=\"font-size: 14px; letter-spacing: 0px;\" href=\"http:\/\/hkzr.hr\/hr\/wp-content\/uploads\/2021\/02\/PRILOG-III-DRT-Sadr\u017eaj-predmeta-provjere-znanja-ili-stru\u010dnosti-te-uvjeti-i-na\u010din-polaganja-ispita.pdf\">PRILOG III-DRT-Sadr\u017eaj predmeta provjere znanja ili stru\u010dnosti te uvjeti i na\u010din polaganja ispita iz provjere znanja i stru\u010dnosti<\/a><br \/>\n<a href=\"http:\/\/hkzr.hr\/hr\/wp-content\/uploads\/2021\/02\/PRILOG-IV-MLD-Sadr\u017eaj-predmeta-provjere-znanja-ili-stru\u010dnosti-te-uvjeti-i-na\u010din-polaganja-ispita.pdf\">PRILOG IV-MLD-Sadr\u017eaj predmeta provjere znanja ili stru\u010dnosti te uvjeti i na\u010din polaganja ispita provjere znanja ili stru\u010dnosti<\/a><\/p>\n<p><a href=\"https:\/\/hkzr.hr\/hr\/wp-content\/uploads\/2026\/02\/Prilog-IV-MLD-Sadrzaj-predmeta-provjere-znanja-ili-strucnosti-te-uvjeti-i-nacin-polaganja-ispita-provjere-znanja-ili-strucnosti.pdf\">Prilog IV MLD &#8211; Sadr\u017eaj predmeta provjere znanja ili stru\u010dnosti te uvjeti i na\u010din polaganja ispita provjere znanja ili stru\u010dnosti<\/a> 27.02.2026.<\/p>\n<h4><strong>PRIZNAVANJE INOZEMNIH STRU\u010cNIH KVALIFIKACIJA<\/strong><\/h4>\n<p><a href=\"http:\/\/hkzr.hr\/hr\/wp-content\/uploads\/2013\/10\/Pravilnik-o-postupku-za-priznavanje-inozemnih-stru\u010dnih-kvalifikacija-HKZR.pdf\">Pravilnik o postupku za priznavanje inozemnih stru\u010dnih kvalifikacija HKZR<\/a><br \/>\n<a href=\"http:\/\/hkzr.hr\/hr\/wp-content\/uploads\/2013\/10\/PRILOG-VII-DIREKTIVE-Pravilnika-o-priznavanju-inozemnih-kvalifikacija.pdf\">Prilog VII DIREKTIVE Pravilnika o priznavanju inozemnih kvalifikacija<\/a><\/p>\n<h4>OSTALI PRAVILNICI:<\/h4>\n<p><a href=\"http:\/\/hkzr.hr\/hr\/wp-content\/uploads\/2023\/05\/Pravilnik-o-postupku-i-na\u010dinu-davanja-mi\u0161ljenja-o-opravdanosti-osnivanja-preseljenja-pro\u0161irenja-i-ili-promjene-djelatnosti-privatne-prakse-i-zdravstvene-ustanove.pdf\">Pravilnik o postupku i na\u010dinu davanja mi\u0161ljenja o opravdanosti osnivanja, preseljenja, pro\u0161irenja i\/ili promjene djelatnosti privatne prakse i zdravstvene ustanove.<\/a><br \/>\n<a href=\"http:\/\/hkzr.hr\/hr\/wp-content\/uploads\/2011\/10\/Pravilnik-o-radu-Stalnih-Povjerenstva-HKZR1.pdf\">Pravilnik o radu Stalnih Povjerenstva HKZR<br \/>\n<\/a><a href=\"http:\/\/hkzr.hr\/hr\/wp-content\/uploads\/2011\/10\/Pravilnik-o-radu-Strukovnih-razreda-HKZR.pdf\">Pravilnik o radu Strukovnih razreda HKZR<br \/>\n<\/a><a href=\"http:\/\/hkzr.hr\/hr\/wp-content\/uploads\/2011\/10\/Pravilnik-o-financijskom-poslovanju-HKZR.pdf\">Pravilnik o financijskom poslovanju HKZR<\/a><a href=\"http:\/\/hkzr.hr\/hr\/wp-content\/uploads\/2011\/10\/Pravilnik-o-financijskom-poslovanju-HKZR.pdf\"><br \/>\n<\/a><a href=\"http:\/\/hkzr.hr\/hr\/wp-content\/uploads\/2011\/10\/Pravilnik-o-izboru-tijela-HKZR1.pdf\">Pravilnik o izboru tijela HKZR<\/a><br \/>\n<span style=\"color: #08528b; font-family: 'Open Sans', sans-serif; font-size: 14px;\">Izmjena i dopuna Pravilnika o izboru tijela Hrvatske komore zdravstvenih radnika<br \/>\n<\/span><a href=\"https:\/\/hkzr.hr\/hr\/wp-content\/uploads\/2025\/07\/Pravilnik-o-izboru-tijela-Hrvatske-komore-zdravstvenih-radnika.pdf\">Pravilnik o izboru tijela Hrvatske komore zdravstvenih radnika<\/a>\u00a0&#8211; pro\u010di\u0161\u0107eni tekst<br \/>\n<a href=\"http:\/\/hkzr.hr\/hr\/wp-content\/uploads\/2021\/03\/Pro\u010di\u0161\u0107eni-tekst-PRAVILNIKA-O-RADU-HKZR.pdf\">Pro\u010di\u0161\u0107eni tekst Pravilnika o radu HKZR<\/a><br \/>\n<a href=\"http:\/\/hkzr.hr\/hr\/wp-content\/uploads\/2023\/03\/Pro\u010di\u0161\u0107eni-tekst-Pravilnika-o-dodjeli-nov\u010dane-pomo\u0107i-\u010dlanovima-Strukovnog-razreda-za-zdravstvenu-radiolo\u0161ko-tehnolo\u0161ku-djelatnost-Hrvatske-komore-zdravstvenih-radnika.pdf\" target=\"_blank\" rel=\"noopener\">Pro\u010di\u0161\u0107eni tekst Pravilnika o dodjeli nov\u010dane pomo\u0107i \u010dlanovima Strukovnog razreda za zdravstvenu radiolo\u0161ko-tehnolo\u0161ku djelatnost Hrvatske komore zdravstvenih radnika<\/a><br \/>\n<a href=\"http:\/\/hkzr.hr\/hr\/wp-content\/uploads\/2021\/01\/Pravilnik-o-dodjeli-nov\u010dane-pomo\u0107i-\u010dlanovima-HKZR-SR-MLD-1.pdf\" target=\"_blank\" rel=\"noopener\">Pravilnik o dodjeli nov\u010dane pomo\u0107i \u010dlanovima HKZR-SR MLD<\/a><br \/>\n<a href=\"https:\/\/hkzr.hr\/hr\/wp-content\/uploads\/2024\/10\/Pravilnik-o-radu-HKZR.pdf\" target=\"_blank\" rel=\"noopener\">Pravilnik o radu HKZR<\/a><br \/>\n<a href=\"https:\/\/hkzr.hr\/hr\/wp-content\/uploads\/2024\/09\/Pravilnik-o-unutarnjem-ustroju-i-sistematizaciji-HKZR.pdf\" target=\"_blank\" rel=\"noopener\">Pravilnik o unutarnjem ustroju i sistematizaciji radnih mjesta HKZR<\/a><\/p>\n<p>Pravila za upravljanje dokumentarnim gradivom Hrvatske komore zdravstvenih radnika, prilog Popis dokumentarnog gradiva Hrvatske komore zdravstvenih radnika s rokovima \u010duvanja, KLASA: 025-01\/22-02\/05, URBROJ: 351\/02-22-4, od 21. rujna 2022.<br \/>\n<a href=\"http:\/\/hkzr.hr\/hr\/wp-content\/uploads\/2022\/10\/Pravila-za-upravljanje-dokumentarnim-gradivom-Hrvatske-komore-zdravstvenih-radnika.pdf\" target=\"_blank\" rel=\"noopener\"> Pravila za upravljanje dokumentarnim gradivom Hrvatske komore zdravstvenih radnika <\/a><br \/>\n<a href=\"http:\/\/hkzr.hr\/hr\/wp-content\/uploads\/2022\/10\/Popis-dokumentarnog-gradiva-Hrvatske-komore-zdravstvenih-radnika-s-rokovima-\u010duvanja.pdf\" target=\"_blank\" rel=\"noopener\">Prilog Popis dokumentarnog gradiva Hrvatske komore zdravstvenih radnika s rokovima \u010duvanja.<\/a><\/p>\n<h4>POSLOVNICI:<\/h4>\n<p><a href=\"http:\/\/hkzr.hr\/hr\/wp-content\/uploads\/2020\/11\/Poslovnik-o-radu-skupstine-HKZR.pdf\" target=\"_blank\" rel=\"noopener\">Poslovnik o radu Skup\u0161tine HKZR<\/a><a href=\"http:\/\/hkzr.hr\/hr\/wp-content\/uploads\/2011\/10\/Poslovnik-o-radu-Skup\u0161tine-HKZR.pdf\"><br \/>\n<\/a><a href=\"http:\/\/hkzr.hr\/hr\/wp-content\/uploads\/2011\/10\/Poslovnik-o-radu-Predsjedni\u0161tva-HKZR-1.pdf\">Poslovnik o radu Predsjedni\u0161tva HKZR<\/a><a href=\"http:\/\/hkzr.hr\/hr\/wp-content\/uploads\/2011\/10\/Poslovnik-o-radu-predsjedni\u0161tva-HKZR.pdf\"><br \/>\n<\/a><a href=\"http:\/\/hkzr.hr\/hr\/wp-content\/uploads\/2011\/10\/poslovnik-o-radu-Vije\u0107a-HKZR-pro\u010di\u0161\u0107eni.pdf\">Poslovnik o radu Vije\u0107a HKZR<\/a><a href=\"http:\/\/hkzr.hr\/hr\/wp-content\/uploads\/2011\/10\/Poslovnik-o-radu-Vije\u0107a-HKZR1.pdf\"><br \/>\n<\/a><a href=\"http:\/\/hkzr.hr\/hr\/wp-content\/uploads\/2022\/02\/Poslovnik-o-radu-Vije\u0107a-SR-HKZR-pro\u010di\u0161\u0107eni-tekst.pdf\">Poslovnik o radu Vije\u0107a SR HKZR (pro\u010di\u0161\u0107eni tekst)<br \/>\n<\/a><a href=\"http:\/\/hkzr.hr\/hr\/wp-content\/uploads\/2011\/10\/Poslovnik-o-radu-podru\u010dnih-Vije\u0107a-HKZR-a.pdf\">Poslovnik o radu Podru\u010dnih Vije\u0107a HKZR<br \/>\n<\/a><a href=\"http:\/\/hkzr.hr\/hr\/wp-content\/uploads\/2011\/10\/Poslovnik-o-radu-Nadzornog-odbora.pdf\">Poslovnik o radu Nadzornog odbora HKZR<\/a>[\/vc_column_text][\/vc_column][\/vc_row][vc_row][vc_column][vc_column_text]<\/p>\n<h4>ODLUKE KOMORE<\/h4>\n<p><a href=\"https:\/\/hkzr.hr\/hr\/wp-content\/uploads\/2023\/12\/Odluka-o-naknadama-i-iznosima-za-usluge-Hrvatske-komore-zdravstvenih-radnika-pro\u010di\u0161\u0107eni-tekst.pdf\" target=\"_blank\" rel=\"noopener\">Odluka o naknadama i iznosima za usluge Hrvatske komore zdravstvenih radnika (pro\u010di\u0161\u0107eni tekst)<\/a><\/p>\n<p><a href=\"http:\/\/hkzr.hr\/hr\/wp-content\/uploads\/2022\/09\/Omogu\u0107ujem-vam-zajedni\u010dko-kori\u0161tenje-za-datoteku-Odluka-o-upisnini-u-slu\u010daju-ponovljenog-i-svakog-daljnjeg-upisa-za-\u010dlanove-Hrvatske-komore-zdravstvenih-radnika.pdf\">Odluka o upisnini u slu\u010daju ponovljenog i svakog daljnjeg upisa za \u010dlanove Hrvatske komore zdravstvenih radnika.<\/a>[\/vc_column_text][\/vc_column][\/vc_row]<\/p>\n","protected":false},"excerpt":{"rendered":"<p>[vc_row][vc_column][vc_column_text] OSNOVNI AKTI: Pro\u010di\u0161\u0107eni tekst statuta HKZR Odluka o osnivanju Hrvatske komore zdravstvenih radnika \u010cLANSTVO U HKZR: Pravilnik o pravima i odgovornostima \u010dlanova HKZR Kodeks etike i deontologije djelatnosti sanitarnog in\u017eenjerstva, zdravstvene radiolo\u0161ko tehnolo\u0161ke djelatnosti, djelatnosti radne terapije i medicinsko-laboratorijske djelatnosti Pro\u010di\u0161\u0107eni tekst Pravilnik o Registru \u010dlanova Hrvatske komore zdravstvenih radnika Pravilnik o Registru \u010dlanova <\/p>\n","protected":false},"author":1,"featured_media":0,"parent":367,"menu_order":0,"comment_status":"closed","ping_status":"closed","template":"page-blocks.php","meta":{"footnotes":""},"yst_prominent_words":[],"class_list":["post-393","page","type-page","status-publish"],"_links":{"self":[{"href":"https:\/\/hkzr.hr\/hr\/wp-json\/wp\/v2\/pages\/393","targetHints":{"allow":["GET"]}}],"collection":[{"href":"https:\/\/hkzr.hr\/hr\/wp-json\/wp\/v2\/pages"}],"about":[{"href":"https:\/\/hkzr.hr\/hr\/wp-json\/wp\/v2\/types\/page"}],"author":[{"embeddable":true,"href":"https:\/\/hkzr.hr\/hr\/wp-json\/wp\/v2\/users\/1"}],"replies":[{"embeddable":true,"href":"https:\/\/hkzr.hr\/hr\/wp-json\/wp\/v2\/comments?post=393"}],"version-history":[{"count":64,"href":"https:\/\/hkzr.hr\/hr\/wp-json\/wp\/v2\/pages\/393\/revisions"}],"predecessor-version":[{"id":3921,"href":"https:\/\/hkzr.hr\/hr\/wp-json\/wp\/v2\/pages\/393\/revisions\/3921"}],"up":[{"embeddable":true,"href":"https:\/\/hkzr.hr\/hr\/wp-json\/wp\/v2\/pages\/367"}],"wp:attachment":[{"href":"https:\/\/hkzr.hr\/hr\/wp-json\/wp\/v2\/media?parent=393"}],"wp:term":[{"taxonomy":"yst_prominent_words","embeddable":true,"href":"https:\/\/hkzr.hr\/hr\/wp-json\/wp\/v2\/yst_prominent_words?post=393"}],"curies":[{"name":"wp","href":"https:\/\/api.w.org\/{rel}","templated":true}]}}