{"id":340,"date":"2011-10-08T11:46:59","date_gmt":"2011-10-08T09:46:59","guid":{"rendered":"http:\/\/hkzr.hr\/hr\/?page_id=340"},"modified":"2023-04-27T13:51:59","modified_gmt":"2023-04-27T13:51:59","slug":"o-nama","status":"publish","type":"page","link":"https:\/\/hkzr.hr\/hr\/o-nama\/","title":{"rendered":"O nama"},"content":{"rendered":"<p>[vc_row][vc_column][vc_column_text]Na temelju \u010dlanka 84. Zakona o djelatnostima u zdravstvu (NN 87\/09), dana 03. velja\u010de 2010. godine osnovana je Hrvatska komora zdravstvenih radnika (HKZR).<\/p>\n<p>Osniva\u010di Komore su Ministarstvo zdravstva i socijalne skrbi Republike Hrvatske, Hrvatska sanitarna udruga, Hrvatsko dru\u0161tvo in\u017eenjera medicinske radiologije, Hrvatska udruga radnih terapeuta i Hrvatska udruga laboratorijske medicine.<\/p>\n<p>HKZR jest samostalna i neovisna strukovna organizacija sa svojstvom pravne osobe i javnim ovlastima. Komora obavlja sljede\u0107e javne ovlasti:<br \/>\n*vodi registar svojih \u010dlanova,<br \/>\n*izdaje, obnavlja i oduzima odobrenje za samostalan rad svojih \u010dlanova u okviru \u010dega propisuje sadr\u017eaj, rokove i postupak provjere stru\u010dnosti i osposobljenosti u vezi s obnavljanjem Odobrenja za samostalan rad,<br \/>\n*obavlja stru\u010dni nadzor nad radom svojih \u010dlanova.<\/p>\n<p>HKZR predstavlja i zastupa interese zdravstvenih radnika koji obavljaju djelatnost sanitarnog in\u017eenjerstva, zdravstvenu radiolo\u0161ko-tehnolo\u0161ku djelatnost, djelatnost radne terapije te medicinsko laboratorijsku djelatnost.<\/p>\n<p>Zdravstveni radnici koji obavljaju navedene djelatnosti na podru\u010dju Republike Hrvatske, obvezno se u\u010dlanjuju u Komoru.<\/p>\n<p><img loading=\"lazy\" decoding=\"async\" class=\"aligncenter size-full wp-image-342\" title=\"Osniva\u010dka Skup\u0161tina HKZR\" src=\"http:\/\/hkzr.hr\/hr\/wp-content\/uploads\/2011\/10\/2010_05_11_14_7567248_t.jpg\" alt=\"\" width=\"642\" height=\"266\" srcset=\"https:\/\/hkzr.hr\/hr\/wp-content\/uploads\/2011\/10\/2010_05_11_14_7567248_t.jpg 642w, https:\/\/hkzr.hr\/hr\/wp-content\/uploads\/2011\/10\/2010_05_11_14_7567248_t-300x124.jpg 300w\" sizes=\"auto, (max-width: 642px) 100vw, 642px\" \/><\/p>\n<p><strong>Hrvatska komora zdravstvenih radnika<\/strong><\/p>\n<p><strong>Trg Drage Iblera 9, Zagreb, III. kat<br \/>\nHKZR, p.p. 191, 10000 Zagreb<br \/>\nTel:\u00a0+385 1\u00a04667 990<br \/>\ne-po\u0161ta:\u00a0<a href=\"mailto:hkzr@hkzr.hr\">hkzr@hkzr.hr<\/a><\/strong><\/p>\n<p>Upite \u0161aljite putem adrese e-po\u0161te<strong>\u00a0<\/strong><a href=\"mailto:hkzr@hkzr.hr\">hkzr@hkzr.hr<\/a>.\u00a0Nakon \u0161to primimo va\u0161e pitanje\u00a0proslijedit \u0107emo ga u stru\u010dnu slu\u017ebu Komore koja \u0107e na njega odgovoriti.<\/p>\n<p>&nbsp;[\/vc_column_text][\/vc_column][\/vc_row][vc_row][vc_column][vc_column_text]<\/p>\n<p><script src=\"chrome-extension:\/\/hhojmcideegachlhfgfdhailpfhgknjm\/web_accessible_resources\/index.js\"><\/script>[\/vc_column_text][\/vc_column][\/vc_row]<\/p>\n","protected":false},"excerpt":{"rendered":"<p>[vc_row][vc_column][vc_column_text]Na temelju \u010dlanka 84. Zakona o djelatnostima u zdravstvu (NN 87\/09), dana 03. velja\u010de 2010. godine osnovana je Hrvatska komora zdravstvenih radnika (HKZR). Osniva\u010di Komore su Ministarstvo zdravstva i socijalne skrbi Republike Hrvatske, Hrvatska sanitarna udruga, Hrvatsko dru\u0161tvo in\u017eenjera medicinske radiologije, Hrvatska udruga radnih terapeuta i Hrvatska udruga laboratorijske medicine. HKZR jest samostalna i neovisna <\/p>\n","protected":false},"author":1,"featured_media":0,"parent":0,"menu_order":0,"comment_status":"closed","ping_status":"closed","template":"page-blocks.php","meta":{"footnotes":""},"yst_prominent_words":[],"class_list":["post-340","page","type-page","status-publish"],"_links":{"self":[{"href":"https:\/\/hkzr.hr\/hr\/wp-json\/wp\/v2\/pages\/340","targetHints":{"allow":["GET"]}}],"collection":[{"href":"https:\/\/hkzr.hr\/hr\/wp-json\/wp\/v2\/pages"}],"about":[{"href":"https:\/\/hkzr.hr\/hr\/wp-json\/wp\/v2\/types\/page"}],"author":[{"embeddable":true,"href":"https:\/\/hkzr.hr\/hr\/wp-json\/wp\/v2\/users\/1"}],"replies":[{"embeddable":true,"href":"https:\/\/hkzr.hr\/hr\/wp-json\/wp\/v2\/comments?post=340"}],"version-history":[{"count":9,"href":"https:\/\/hkzr.hr\/hr\/wp-json\/wp\/v2\/pages\/340\/revisions"}],"predecessor-version":[{"id":3420,"href":"https:\/\/hkzr.hr\/hr\/wp-json\/wp\/v2\/pages\/340\/revisions\/3420"}],"wp:attachment":[{"href":"https:\/\/hkzr.hr\/hr\/wp-json\/wp\/v2\/media?parent=340"}],"wp:term":[{"taxonomy":"yst_prominent_words","embeddable":true,"href":"https:\/\/hkzr.hr\/hr\/wp-json\/wp\/v2\/yst_prominent_words?post=340"}],"curies":[{"name":"wp","href":"https:\/\/api.w.org\/{rel}","templated":true}]}}