{"id":3388,"date":"2023-04-27T08:09:23","date_gmt":"2023-04-27T08:09:23","guid":{"rendered":"http:\/\/hkzr.hr\/hr\/?page_id=3388"},"modified":"2026-03-27T10:47:42","modified_gmt":"2026-03-27T10:47:42","slug":"kontakt","status":"publish","type":"page","link":"https:\/\/hkzr.hr\/hr\/o-nama\/kontakt\/","title":{"rendered":"Kontakt"},"content":{"rendered":"<p>[vc_row][vc_column][vc_column_text]<\/p>\n<p style=\"text-align: center;\"><i><\/i><strong><i>Kontakti Ureda HKZR i Strukovnih razreda HKZR<\/i><\/strong><\/p>\n<p><script src=\"chrome-extension:\/\/hhojmcideegachlhfgfdhailpfhgknjm\/web_accessible_resources\/index.js\"><\/script>[\/vc_column_text][vc_tta_tabs][vc_tta_section title=&#8221; Ured HKZR &#8221; tab_id=&#8221;1526635059701-5ee7c13c-5d42&#8243;][vc_column_text]<strong>Kontakt<\/strong><\/p>\n<p><strong>Trg Drage Iblera 9, Zagreb, III. kat<\/strong><b><br \/>\n<strong>Po\u0161ta: HKZR, p.p. 191, 10000 Zagreb<\/strong><br \/>\n<strong>Tel:\u00a0+385 1\u00a0212 37 13<\/strong><br \/>\n<strong>Adresa e-po\u0161te:\u00a0<a href=\"mailto:hkzr@hkzr.hr\">hkzr@hkzr.hr<\/a><\/strong><\/b><\/p>\n<p><b>Ljubazno molimo \u010dlanove da svoj dolazak najave na broj telefona <strong>+385 1\u00a0212 37 13<\/strong><\/b>[\/vc_column_text][\/vc_tta_section][vc_tta_section title=&#8221;HKZR &#8211; UP postupci&#8221; tab_id=&#8221;1538074499587-ae8d9b90-ab32&#8243;][vc_column_text]<strong>Slu\u017ebena osoba\u00a0HKZR-a za UP postupke<\/strong><\/p>\n<ul>\n<li>mr.sc. Ante Klari\u0107, dipl.iur. spec.med.iur<br \/>\nMarijo Ro\u0111ak, dipl.iur.<\/li>\n<\/ul>\n<p>[\/vc_column_text][\/vc_tta_section][vc_tta_section title=&#8221;SR DSI&#8221; tab_id=&#8221;1526635061556-c9237902-0344&#8243;][vc_column_text]<strong>Hrvatska Komora Zdravstvenih Radnika<\/strong><br \/>\n<strong>Strukovni Razred Za Djelatnost Sanitarnog In\u017eenjerstva<\/strong><\/p>\n<p>Trg Drage Iblera 9\/III<br \/>\n10000 Zagreb<br \/>\nHrvatska<br \/>\np.p.191<br \/>\nZagreb 10000<\/p>\n<p><strong>IBAN<\/strong>: HR98 2340009 1510431346<br \/>\n<strong>E-po\u0161ta<\/strong>: <a href=\"mailto:sanitarno.inzenjerstvo@dsi.hkzr.hr\" target=\"_blank\" rel=\"noopener\">sanitarno.inzenjerstvo@dsi.hkzr.hr<\/a><\/p>\n<p><strong>RADNO VRIJEME UREDA HKZR SR DSI:<\/strong><br \/>\nPonedjeljak: 07,00 \u2013 15,00 sati<br \/>\nUtorak: 07,00 \u2013 15,00 satii<br \/>\nSrijeda: 07,00 \u2013 15,00 sati<br \/>\n\u010cetvrtak: 07,00 \u2013 15,00 sati<br \/>\nPetak: 7,00-15,00 sati<\/p>\n<p>*Zbog odsutnosti administratora mole se stranke da prethodno najave svoj dolazak putem e-maila ili telefona kako bi im se osigurala dostupnost.<\/p>\n<p>*Radno vrijeme telefonskog poziva za \u010dlanove<strong>:<\/strong>\u00a0svaki radni dan od 09,00 do 12,00.<\/p>\n<p>Referent<\/p>\n<p><span style=\"font-size: 14px; letter-spacing: 0px;\">e-mail: <\/span><a style=\"font-size: 14px; letter-spacing: 0px;\" href=\"mailto:ured@dsi.hkzr.hr\" target=\"_blank\" rel=\"noopener\">ured@dsi.hkzr.hr<\/a><br \/>\ntel: 0957722013<\/p>\n<p>Pravnik<br \/>\nMr.sc. Ante Klari\u0107 dipl.iur<br \/>\n<span style=\"font-size: 14px; letter-spacing: 0px;\">e-mail: <\/span><a style=\"font-size: 14px; letter-spacing: 0px;\" href=\"pravna.sluzba@dsi.hkzr.hr\" target=\"_blank\" rel=\"noopener\">pravna.sluzba@dsi.hkzr.hr<\/a><\/p>\n<p><strong>ADRESA UREDA HKZR JE:<\/strong><br \/>\nHrvatska Komora Zdravstvenih Radnika<br \/>\nIblerov trg 9. (3.kat)<br \/>\n10000 Zagreb<br \/>\nHrvatska[\/vc_column_text][\/vc_tta_section][vc_tta_section title=&#8221;SR ZRTD&#8221; tab_id=&#8221;1526635062382-27b4e22e-10a1&#8243;][vc_column_text]<strong>E-po\u0161ta: info@zrtd.hkzr.hr<\/strong><\/p>\n<p><strong>Uredovno vrijeme:<br \/>\n<\/strong><b>Ponedjeljak, utorak, \u010detvrtak od 10,00 do 14,00 sati<br \/>\n<\/b><b>Srijeda,\u00a0 od 10,00-18,00 sati<br \/>\nPetak \u2013 Ured ne radi sa strankama<\/b><\/p>\n<p><strong>\u00a0<\/strong>Telefon: <strong>01\/ 777 4048<\/strong> ( u uredovno vrijeme )<\/p>\n<p><strong>ADRESA UREDA HKZR-SR ZRTD JE:<\/strong><br \/>\nHrvatska Komora Zdravstvenih Radnika<br \/>\nStrukovni Razred Za Zdravstvenu Radiolo\u0161ko-Tehnolo\u0161ku Djelatnost<br \/>\nTrg Drage Iblera 9,<br \/>\n10000 Zagreb<br \/>\nHrvatska[\/vc_column_text][\/vc_tta_section][vc_tta_section title=&#8221;SR DRT&#8221; tab_id=&#8221;1526635063354-f0d19253-ef9b&#8221;][vc_column_text]<strong>Ured HKZR &#8211; Strukovni razred\u00a0za\u00a0djelatnost radne terapije<\/strong><\/p>\n<p><strong>Ured SR DRT HKZR mo\u017eete kontaktirati<\/strong><\/p>\n<p>Adresa:\u00a0 Trg Drage Iblera 9, Zagreb, 3. kat, soba 62<br \/>\nPo\u0161ta: HKZR, p.p. 191, 10000 Zagreb<br \/>\nTelefon: +385 91 634 2384<br \/>\nE-mail: \u00a0<a title=\"mailto:hkzr.radna.terapija@gmail.com\" href=\"mailto:radna.terapija@gmail.com\" target=\"_blank\" rel=\"noopener\">radna.terapija@gmail.com<\/a><\/p>\n<p><em><strong>Ured SR DRT privremeno ne prima stranke zbog bolovanja djelatnice. Molimo \u010dlanove za razumijevanje i strpljenje. Ukoliko imate ne\u0161to hitno i neodgodivo \u0161to ne mo\u017ee \u010dekati do povratka djelatnice, molimo da se javite e-mailom na ana.cicak@zrtd.hkzr.hr<\/strong><\/em><\/p>\n<p><em><strong>Svi upiti koji nisu hitni, bit \u0107e stavljeni u red \u010dekanja i u rje\u0161avanje nakon povratka djelatnice s bolovanja.\u00a0<\/strong><\/em><\/p>\n<p><strong>Dolazak u ured SR DRT isklju\u010divo u vrijeme predvi\u0111eno za primanje stranaka!<\/strong><\/p>\n<p><strong>Mole se stranke da prethodno najave svoj dolazak putem e-maila ili telefona!<\/strong><\/p>\n<p><strong><u>Radno vrijeme SR DRT HKZR\u00a0za\u00a0stranke:<\/u><\/strong><strong><br \/>\n<\/strong>Ponedjeljak od 17.00 do 19.00 sati<br \/>\nSrijeda, \u010detvrtak od 10.00 do 12.00 sati<\/p>\n<p><strong><u>Radno vrijeme SR DRT HKZR:<\/u><\/strong><strong><br \/>\n<\/strong>Ponedjeljak, od 11.00 do 19.00 sati<br \/>\nUtorak, srijeda, \u010detvrtak od 07.00 do 15,00 sati[\/vc_column_text][\/vc_tta_section][vc_tta_section title=&#8221;SR MLD&#8221; tab_id=&#8221;1526635064100-4a907c2d-41fd&#8221;][vc_column_text]<strong>Kontaktirajte nas<\/strong><\/p>\n<p><strong>Ukoliko \u017eelite kontaktirati Strukovni razred za medicinsko-laboratorijsku djelatnost:<\/strong><\/p>\n<p><strong>ADRESA UREDA SR MLD JE:<\/strong><br \/>\n<strong>Hrvatska Komora Zdravstvenih Radnika<\/strong><br \/>\nStrukovni razred za medicinsko laboratorijsku djelatnost<br \/>\nTrg hrvatskih velikana 4,<br \/>\n10 000 Zagreb<\/p>\n<p><strong>DJELATNICI UREDA SR MLD:<\/strong><\/p>\n<p><strong>\u2013 za pravne poslove:<\/strong><\/p>\n<ul>\n<li>Marijo Ro\u0111ak, dipl. iur. \u2013\u00a0<a href=\"mailto:djurdja.sakal@mld.hkzr.hr\">marijo.rodak@mld.hkzr.hr<\/a><\/li>\n<\/ul>\n<p><strong>\u2013 za administrativne poslove:<\/strong><\/p>\n<ul>\n<li>Vladimir Kranj\u010devi\u0107, bacc. oec. \u2013\u00a0<a href=\"mailto:vladimir.kranjcevic@mld.hkzr.hr\">vladimir.kranjcevic@mld.hkzr.hr<\/a><\/li>\n<li>Ivana Vlahovi\u0107, administrator \u2013\u00a0<a href=\"mailto:ivana.vlahovic@mld.hkzr.hr\">ivana.vlahovic@mld.hkzr.hr<\/a><\/li>\n<\/ul>\n<p><strong>KONTAKT PODACI UREDA SR MLD:<\/strong><\/p>\n<ul>\n<li>Tel\/Fax: +385 (0)1 212 3713<\/li>\n<li>E-mail:\u00a0<a href=\"mailto:mld@mld.hkzr.hr\">mld@mld.hkzr.hr<\/a><\/li>\n<\/ul>\n<p><strong>RADNO VRIJEME UREDA SR MLD:<\/strong><\/p>\n<ul>\n<li>PONEDJELJAK \u2013 PETAK: 09:00 \u2013 17:00<\/li>\n<\/ul>\n<p>[\/vc_column_text][\/vc_tta_section][\/vc_tta_tabs][\/vc_column][\/vc_row]<\/p>\n","protected":false},"excerpt":{"rendered":"<p>[vc_row][vc_column][vc_column_text] Kontakti Ureda HKZR i Strukovnih razreda HKZR [\/vc_column_text][vc_tta_tabs][vc_tta_section title=&#8221; Ured HKZR &#8221; tab_id=&#8221;1526635059701-5ee7c13c-5d42&#8243;][vc_column_text]Kontakt Trg Drage Iblera 9, Zagreb, III. kat Po\u0161ta: HKZR, p.p. 191, 10000 Zagreb Tel:\u00a0+385 1\u00a0212 37 13 Adresa e-po\u0161te:\u00a0hkzr@hkzr.hr Ljubazno molimo \u010dlanove da svoj dolazak najave na broj telefona +385 1\u00a0212 37 13[\/vc_column_text][\/vc_tta_section][vc_tta_section title=&#8221;HKZR &#8211; UP postupci&#8221; tab_id=&#8221;1538074499587-ae8d9b90-ab32&#8243;][vc_column_text]Slu\u017ebena osoba\u00a0HKZR-a za UP <\/p>\n","protected":false},"author":1,"featured_media":0,"parent":340,"menu_order":0,"comment_status":"closed","ping_status":"closed","template":"page-blocks.php","meta":{"footnotes":""},"yst_prominent_words":[],"class_list":["post-3388","page","type-page","status-publish"],"_links":{"self":[{"href":"https:\/\/hkzr.hr\/hr\/wp-json\/wp\/v2\/pages\/3388","targetHints":{"allow":["GET"]}}],"collection":[{"href":"https:\/\/hkzr.hr\/hr\/wp-json\/wp\/v2\/pages"}],"about":[{"href":"https:\/\/hkzr.hr\/hr\/wp-json\/wp\/v2\/types\/page"}],"author":[{"embeddable":true,"href":"https:\/\/hkzr.hr\/hr\/wp-json\/wp\/v2\/users\/1"}],"replies":[{"embeddable":true,"href":"https:\/\/hkzr.hr\/hr\/wp-json\/wp\/v2\/comments?post=3388"}],"version-history":[{"count":17,"href":"https:\/\/hkzr.hr\/hr\/wp-json\/wp\/v2\/pages\/3388\/revisions"}],"predecessor-version":[{"id":3937,"href":"https:\/\/hkzr.hr\/hr\/wp-json\/wp\/v2\/pages\/3388\/revisions\/3937"}],"up":[{"embeddable":true,"href":"https:\/\/hkzr.hr\/hr\/wp-json\/wp\/v2\/pages\/340"}],"wp:attachment":[{"href":"https:\/\/hkzr.hr\/hr\/wp-json\/wp\/v2\/media?parent=3388"}],"wp:term":[{"taxonomy":"yst_prominent_words","embeddable":true,"href":"https:\/\/hkzr.hr\/hr\/wp-json\/wp\/v2\/yst_prominent_words?post=3388"}],"curies":[{"name":"wp","href":"https:\/\/api.w.org\/{rel}","templated":true}]}}