{"id":3238,"date":"2022-05-16T07:02:59","date_gmt":"2022-05-16T07:02:59","guid":{"rendered":"http:\/\/hkzr.hr\/hr\/?page_id=3238"},"modified":"2025-07-04T07:51:05","modified_gmt":"2025-07-04T07:51:05","slug":"postupak-priznavanja-inozemne-strucne-kvalifikacije-i-postupak-izdavanja-potvrda-za-rad-u-inozemstvu","status":"publish","type":"page","link":"https:\/\/hkzr.hr\/hr\/clanstvo\/postupak-priznavanja-inozemne-strucne-kvalifikacije-i-postupak-izdavanja-potvrda-za-rad-u-inozemstvu\/","title":{"rendered":"Postupak priznavanja inozemne stru\u010dne kvalifikacije i postupak izdavanja potvrda za rad u inozemstvu"},"content":{"rendered":"<h2><strong>Priznavanje stru\u010dnih kvalifikacija<\/strong><\/h2>\n<p style=\"font-weight: 400;\">Danom pristupanja Republike Hrvatske Europskoj uniji, 1. srpnja 2013. godine, po\u010dele su se provoditi\u00a0odredbe\u00a0<a href=\"https:\/\/www.zakon.hr\/z\/499\/Zakon-o-reguliranim-profesijama-i-priznavanju-inozemnih-stru%C4%8Dnih-kvalifikacija\">Zakona o reguliranim profesijama i priznavanju inozemnih stru\u010dnih\u00a0kvalifikacija<\/a>\u00a0(<a href=\"http:\/\/narodne-novine.nn.hr\/clanci\/sluzbeni\/2009_10_124_3045.html\">NN, br. 124\/2009<\/a>,\u00a0<a href=\"http:\/\/narodne-novine.nn.hr\/clanci\/sluzbeni\/2011_04_45_1050.html\">NN, br. 45\/2011<\/a>,\u00a0<a href=\"http:\/\/narodne-novine.nn.hr\/clanci\/sluzbeni\/2015_07_82_1569.html\">NN, br. 82\/2015<\/a>,\u00a0<a href=\"https:\/\/narodne-novine.nn.hr\/clanci\/sluzbeni\/2019_07_70_1452.html\">NN, br. 70\/2019<\/a>,\u00a0<a href=\"https:\/\/narodne-novine.nn.hr\/clanci\/sluzbeni\/2020_04_47_948.html\">NN br. 47\/2020<\/a>)\u00a0kojima se regulira pitanje priznavanja inozemnih stru\u010dnih\u00a0<a href=\"https:\/\/www.azvo.hr\/hr\/pojmovnik\/104-kvalifikacija\">kvalifikacija<\/a>\u00a0za obavljanje reguliranih profesija u Republici Hrvatskoj u svrhu poslovnog nastana i sloboda pru\u017eanja usluga na privremenoj i povremenoj osnovi u Republici Hrvatskoj na temelju inozemnih stru\u010dnih kvalifikacija. Prema navedenom Zakonu, sve osobe koje \u017eele pru\u017eati usluge obavljanjem odre\u0111ene regulirane profesije u Republici Hrvatskoj\u00a0(<a href=\"https:\/\/www.azvo.hr\/images\/stories\/enic\/Popis_reguliranih_profesija_u_Republici_Hrvatskoj_3.1.2019.pdf\">Popis reguliranih profesija u RH<\/a>), a stru\u010dnu kvalifikaciju su stekle u inozemstvu, du\u017ene su se obratiti nadle\u017enom tijelu (profesionalne udruge (komore) ili nadle\u017ena ministarstva) koje odobrava pristup obavljanju odre\u0111ene regulirane profesije u Republici Hrvatskoj za provo\u0111enje postupka priznavanja inozemnih stru\u010dnih kvalifikacija.<\/p>\n<p style=\"font-weight: 400;\">Hrvatska komora zdravstvenih radnika je nadle\u017eno tijelo za priznavanje inozemnih stru\u010dnih kvalifikacija za zdravstvene radnike iz djelatnosti\u00a0sanitarnog in\u017eenjerstva,\u00a0zdravstvene radiolo\u0161ko-tehnolo\u0161ke djelatnosti, djelatnosti radne terapije i\u00a0medicinsko-laboratorijske djelatnosti,\u00a0a sukladno\u00a0<a href=\"https:\/\/zakon.hr\/z\/190\/Zakon-o-zdravstvenoj-za%C5%A1titi?msclkid=8cb4e521d06411ec8f27fa8143158828\">Zakonu o zdravstvenoj za\u0161titi\u00a0<\/a>NN\u00a0<a href=\"https:\/\/www.zakon.hr\/cms.htm?id=42307\">100\/18<\/a>,\u00a0<a href=\"https:\/\/www.zakon.hr\/cms.htm?id=42305\">125\/19<\/a>,\u00a0<a href=\"https:\/\/www.zakon.hr\/cms.htm?id=46858\">147\/20<\/a>. Za priznavanje inozemne stru\u010dne kvalifikacije iz djelatnosti sanitarnog in\u017eenjerstva,\u00a0zdravstvene radiolo\u0161ko-tehnolo\u0161ke djelatnosti, djelatnosti radne terapije i\u00a0medicinsko-laboratorijske djelatnosti primjenjuje se Op\u0107i postupak priznavanja\u00a0i to:<\/p>\n<ol>\n<li style=\"font-weight: 400;\">Priznavanje inozemne stru\u010dne kvalifikacije ste\u010dene unutar EU\/EGP dr\u017eave i \u0160vicarske Konfederacije (dr\u017eava \u010dlanica),<\/li>\n<li style=\"font-weight: 400;\">Priznavanje inozemne stru\u010dne kvalifikacije ste\u010dene izvan dr\u017eava \u010dlanica (tre\u0107e zemlje).<\/li>\n<\/ol>\n<p style=\"font-weight: 400;\">Mjerila za priznavanje inozemnih stru\u010dnih kvalifikacija koje provodi nadle\u017ena komora definirana su\u00a0<a href=\"http:\/\/narodne-novine.nn.hr\/clanci\/sluzbeni\/2013_07_89_1959.html\">Pravilnikom o mjerilima za priznavanje inozemnih stru\u010dnih kvalifikacija<\/a>\u00a0(NN 89\/2013 od 10.07.2013.).<\/p>\n<p style=\"font-weight: 400;\">Zakon o reguliranim profesijama i priznavanju inozemnih stru\u010dnih kvalifikacija uskla\u0111en je s\u00a0<a href=\"http:\/\/ec.europa.eu\/internal_market\/qualifications\/policy_developments\/legislation\/index_en.htm\">Direktivom 2005\/36\/EZ<\/a>\u00a0i\u00a0<a href=\"https:\/\/eur-lex.europa.eu\/legal-content\/HR\/TXT\/PDF\/?uri=CELEX:32013L0055&amp;from=EN%20\">Direktivom 2013\/55\/EU<\/a>\u00a0koje jam\u010de osobama koje su stekle stru\u010dne kvalifikacije u jednoj od dr\u017eava \u010dlanica pristup istoj profesiji i ista prava prilikom obavljanja te profesije u drugoj dr\u017eavi \u010dlanici, kao i dr\u017eavljanima te dr\u017eave \u010dlanice. Cilj je direktiva pobolj\u0161anje pravila va\u017ee\u0107ih sustava priznavanja kvalifikacija u svjetlu iskustava te istovremeno odr\u017eanje na\u010dela i jamstva slobode poslovnog nastana koja su ugra\u0111ena u te sustave.<\/p>\n<p style=\"font-weight: 400;\">Obrazac za priznavanje mo\u017eete preuzeti\u00a0<a href=\"http:\/\/hkzr.hr\/hr\/wp-content\/uploads\/2013\/10\/Obrazac-za-prijavu-4-7-2013-zadnje-pdf.pdf\">ovdje<\/a>.<\/p>\n<p style=\"font-weight: 400;\">Cjenik za priznavanje inozemnih stru\u010dnih kvalifikacija koje provodi HKZR mo\u017eete prona\u0107i\u00a0<a href=\"http:\/\/hkzr.hr\/hr\/wp-content\/uploads\/2022\/09\/Cjenik-usluga-HKZR-vezano-uz-priznavanje-inozemnih-stru\u010dnih-kvalifikacija.pdf\">ovdje.<\/a><\/p>\n<p style=\"font-weight: 400;\">Suglasnost Ministarstva zdravlja na gore\u00a0navedeni cjenik mo\u017eete prona\u0107i\u00a0<a href=\"http:\/\/hkzr.hr\/hr\/wp-content\/uploads\/2013\/10\/Cjenik-usluga-za-priznavanje-inozemnih-stru%C4%8Dnih-kvalifikacija-22.01.2014.pdf\">ovdje.<\/a><\/p>\n<p style=\"font-weight: 400;\">Suglasnost Ministarstva zdravlja na nadopunu cjenika mo\u017eete prona\u0107i\u00a0<a href=\"http:\/\/hkzr.hr\/hr\/wp-content\/uploads\/2013\/10\/Odgovor-MZ-nadopuna-cjenika-za-priznavanje-inozemne-stru%C4%8Dne-kvalifikacije.pdf\">ovdje.<\/a><\/p>\n<p style=\"font-weight: 400;\">Tako\u0111er ovdje mo\u017eete preuzeti:<\/p>\n<p style=\"font-weight: 400;\"><a href=\"http:\/\/hkzr.hr\/hr\/wp-content\/uploads\/2013\/10\/Pravilnik-o-postupku-za-priznavanje-inozemnih-stru%C4%8Dnih-kvalifikacija-HKZR.pdf\">Pravilnik o postupku za priznavanje inozemnih stru\u010dnih kvalifikacija HKZR<br \/>\n<\/a><a href=\"http:\/\/hkzr.hr\/hr\/wp-content\/uploads\/2013\/10\/PRILOG-VII-DIREKTIVE-Pravilnika-o-priznavanju-inozemnih-kvalifikacija.pdf\">Prilog VII DIREKTIVE Pravilnika o priznavanju inozemnih kvalifikacija<\/a>.<\/p>\n<p style=\"font-weight: 400;\"><strong>Izdavanje potvrda za rad u inozemstvu<\/strong><\/p>\n<p style=\"font-weight: 400;\">Tako\u0111er ovdje mo\u017eete preuzeti:<\/p>\n<p style=\"font-weight: 400;\"><a href=\"http:\/\/hkzr.hr\/hr\/wp-content\/uploads\/2013\/10\/Obavijest-o-izdavanju-EU-potvrda1.pdf\">Obavijest o izdavanju EU potvrda<\/a><\/p>\n<p style=\"font-weight: 400;\"><a href=\"https:\/\/hkzr.hr\/hr\/wp-content\/uploads\/2025\/07\/Zahtjev-za-izdavanje-EU-potvrde.docx.odt\" target=\"_blank\" rel=\"noopener\">Zahtjev za izdavanjem EU potvrde<\/a><\/p>\n<p style=\"font-weight: 400;\"><a href=\"http:\/\/hkzr.hr\/hr\/wp-content\/uploads\/2012\/02\/Zahtjev-za-izdavanje-potvrde-o-sukladnosti-obrazovanja.pdf\">Zahtjev za izdavanje potvrde o sukladnosti obrazovanja<\/a><\/p>\n<p style=\"font-weight: 400;\"><a href=\"http:\/\/hkzr.hr\/hr\/wp-content\/uploads\/2012\/02\/Zahtjev-za-izdavanje-potvrde-o-trenutnom-profesionalnom-statusu.pdf\">Zahtjev za izdavanje potvrde o trenutnom profesionalnom statusu<\/a><\/p>\n<p>&nbsp;<\/p>\n","protected":false},"excerpt":{"rendered":"<p>Priznavanje stru\u010dnih kvalifikacija Danom pristupanja Republike Hrvatske Europskoj uniji, 1. srpnja 2013. godine, po\u010dele su se provoditi\u00a0odredbe\u00a0Zakona o reguliranim profesijama i priznavanju inozemnih stru\u010dnih\u00a0kvalifikacija\u00a0(NN, br. 124\/2009,\u00a0NN, br. 45\/2011,\u00a0NN, br. 82\/2015,\u00a0NN, br. 70\/2019,\u00a0NN br. 47\/2020)\u00a0kojima se regulira pitanje priznavanja inozemnih stru\u010dnih\u00a0kvalifikacija\u00a0za obavljanje reguliranih profesija u Republici Hrvatskoj u svrhu poslovnog nastana i sloboda pru\u017eanja usluga na <\/p>\n","protected":false},"author":4,"featured_media":0,"parent":386,"menu_order":0,"comment_status":"closed","ping_status":"closed","template":"","meta":{"footnotes":""},"yst_prominent_words":[],"class_list":["post-3238","page","type-page","status-publish"],"_links":{"self":[{"href":"https:\/\/hkzr.hr\/hr\/wp-json\/wp\/v2\/pages\/3238","targetHints":{"allow":["GET"]}}],"collection":[{"href":"https:\/\/hkzr.hr\/hr\/wp-json\/wp\/v2\/pages"}],"about":[{"href":"https:\/\/hkzr.hr\/hr\/wp-json\/wp\/v2\/types\/page"}],"author":[{"embeddable":true,"href":"https:\/\/hkzr.hr\/hr\/wp-json\/wp\/v2\/users\/4"}],"replies":[{"embeddable":true,"href":"https:\/\/hkzr.hr\/hr\/wp-json\/wp\/v2\/comments?post=3238"}],"version-history":[{"count":4,"href":"https:\/\/hkzr.hr\/hr\/wp-json\/wp\/v2\/pages\/3238\/revisions"}],"predecessor-version":[{"id":3800,"href":"https:\/\/hkzr.hr\/hr\/wp-json\/wp\/v2\/pages\/3238\/revisions\/3800"}],"up":[{"embeddable":true,"href":"https:\/\/hkzr.hr\/hr\/wp-json\/wp\/v2\/pages\/386"}],"wp:attachment":[{"href":"https:\/\/hkzr.hr\/hr\/wp-json\/wp\/v2\/media?parent=3238"}],"wp:term":[{"taxonomy":"yst_prominent_words","embeddable":true,"href":"https:\/\/hkzr.hr\/hr\/wp-json\/wp\/v2\/yst_prominent_words?post=3238"}],"curies":[{"name":"wp","href":"https:\/\/api.w.org\/{rel}","templated":true}]}}