{"id":3192,"date":"2022-01-10T12:51:13","date_gmt":"2022-01-10T12:51:13","guid":{"rendered":"http:\/\/hkzr.hr\/hr\/?page_id=3192"},"modified":"2025-01-13T10:24:01","modified_gmt":"2025-01-13T10:24:01","slug":"izvjesce-o-provedbi-zakona-o-pravu-na-pristup-informacijama-za-2022-godinu","status":"publish","type":"page","link":"https:\/\/hkzr.hr\/hr\/pristup-informacijama\/izvjesce-o-provedbi-zakona-o-pravu-na-pristup-informacijama-za-2022-godinu\/","title":{"rendered":"Izvje\u0161\u0107e o provedbi Zakona o pravu na pristup informacijama za 2021. godinu"},"content":{"rendered":"<p><a href=\"http:\/\/hkzr.hr\/hr\/wp-content\/uploads\/2022\/01\/Godisnje_izvjesce-1.pdf\">Godi\u0161nje izvje\u0161\u0107e [PDF]<\/a><\/p>\n<p><a href=\"http:\/\/hkzr.hr\/hr\/wp-content\/uploads\/2022\/01\/Godisnje_izvjesce-1.csv\">Godi\u0161nje izvje\u0161\u0107e [CSV]<\/a><\/p>\n","protected":false},"excerpt":{"rendered":"<p>Godi\u0161nje izvje\u0161\u0107e [PDF] Godi\u0161nje izvje\u0161\u0107e [CSV]<\/p>\n","protected":false},"author":4,"featured_media":0,"parent":1890,"menu_order":0,"comment_status":"closed","ping_status":"closed","template":"","meta":{"footnotes":""},"yst_prominent_words":[],"class_list":["post-3192","page","type-page","status-publish"],"_links":{"self":[{"href":"https:\/\/hkzr.hr\/hr\/wp-json\/wp\/v2\/pages\/3192","targetHints":{"allow":["GET"]}}],"collection":[{"href":"https:\/\/hkzr.hr\/hr\/wp-json\/wp\/v2\/pages"}],"about":[{"href":"https:\/\/hkzr.hr\/hr\/wp-json\/wp\/v2\/types\/page"}],"author":[{"embeddable":true,"href":"https:\/\/hkzr.hr\/hr\/wp-json\/wp\/v2\/users\/4"}],"replies":[{"embeddable":true,"href":"https:\/\/hkzr.hr\/hr\/wp-json\/wp\/v2\/comments?post=3192"}],"version-history":[{"count":2,"href":"https:\/\/hkzr.hr\/hr\/wp-json\/wp\/v2\/pages\/3192\/revisions"}],"predecessor-version":[{"id":3197,"href":"https:\/\/hkzr.hr\/hr\/wp-json\/wp\/v2\/pages\/3192\/revisions\/3197"}],"up":[{"embeddable":true,"href":"https:\/\/hkzr.hr\/hr\/wp-json\/wp\/v2\/pages\/1890"}],"wp:attachment":[{"href":"https:\/\/hkzr.hr\/hr\/wp-json\/wp\/v2\/media?parent=3192"}],"wp:term":[{"taxonomy":"yst_prominent_words","embeddable":true,"href":"https:\/\/hkzr.hr\/hr\/wp-json\/wp\/v2\/yst_prominent_words?post=3192"}],"curies":[{"name":"wp","href":"https:\/\/api.w.org\/{rel}","templated":true}]}}