{"id":2971,"date":"2021-01-14T15:40:01","date_gmt":"2021-01-14T15:40:01","guid":{"rendered":"http:\/\/hkzr.hr\/hr\/?page_id=2971"},"modified":"2025-01-13T10:24:01","modified_gmt":"2025-01-13T10:24:01","slug":"izvjesce-o-provedbi-zakona-o-pravu-na-pristup-informacijama-nn-25-13-85-15-za-2020-godinu","status":"publish","type":"page","link":"https:\/\/hkzr.hr\/hr\/pristup-informacijama\/izvjesce-o-provedbi-zakona-o-pravu-na-pristup-informacijama-nn-25-13-85-15-za-2020-godinu\/","title":{"rendered":"Izvje\u0161\u0107e o provedbi Zakona o pravu na pristup informacijama (NN 25\/13, 85\/15) za 2020. godinu"},"content":{"rendered":"<p><a href=\"http:\/\/hkzr.hr\/hr\/wp-content\/uploads\/2021\/01\/Godisnje-izvjesce-o-provedbi-ZPPI-za-2020..pdf\" target=\"_blank\" rel=\"noopener\"><img loading=\"lazy\" decoding=\"async\" class=\" wp-image-2975 alignleft\" src=\"http:\/\/hkzr.hr\/hr\/wp-content\/uploads\/2021\/01\/free-pdf-icon-2616-thumb-150x150.png\" alt=\"\" width=\"50\" height=\"59\" \/>Godi\u0161nje izvje\u0161\u0107e o provedbi ZPPI za 2020.<\/a><\/p>\n","protected":false},"excerpt":{"rendered":"<p>Godi\u0161nje izvje\u0161\u0107e o provedbi ZPPI za 2020.<\/p>\n","protected":false},"author":1,"featured_media":0,"parent":1890,"menu_order":0,"comment_status":"closed","ping_status":"closed","template":"","meta":{"footnotes":""},"yst_prominent_words":[],"class_list":["post-2971","page","type-page","status-publish"],"_links":{"self":[{"href":"https:\/\/hkzr.hr\/hr\/wp-json\/wp\/v2\/pages\/2971","targetHints":{"allow":["GET"]}}],"collection":[{"href":"https:\/\/hkzr.hr\/hr\/wp-json\/wp\/v2\/pages"}],"about":[{"href":"https:\/\/hkzr.hr\/hr\/wp-json\/wp\/v2\/types\/page"}],"author":[{"embeddable":true,"href":"https:\/\/hkzr.hr\/hr\/wp-json\/wp\/v2\/users\/1"}],"replies":[{"embeddable":true,"href":"https:\/\/hkzr.hr\/hr\/wp-json\/wp\/v2\/comments?post=2971"}],"version-history":[{"count":4,"href":"https:\/\/hkzr.hr\/hr\/wp-json\/wp\/v2\/pages\/2971\/revisions"}],"predecessor-version":[{"id":2977,"href":"https:\/\/hkzr.hr\/hr\/wp-json\/wp\/v2\/pages\/2971\/revisions\/2977"}],"up":[{"embeddable":true,"href":"https:\/\/hkzr.hr\/hr\/wp-json\/wp\/v2\/pages\/1890"}],"wp:attachment":[{"href":"https:\/\/hkzr.hr\/hr\/wp-json\/wp\/v2\/media?parent=2971"}],"wp:term":[{"taxonomy":"yst_prominent_words","embeddable":true,"href":"https:\/\/hkzr.hr\/hr\/wp-json\/wp\/v2\/yst_prominent_words?post=2971"}],"curies":[{"name":"wp","href":"https:\/\/api.w.org\/{rel}","templated":true}]}}