{"id":2724,"date":"2020-04-17T10:31:05","date_gmt":"2020-04-17T10:31:05","guid":{"rendered":"http:\/\/hkzr.hr\/hr\/?page_id=2724"},"modified":"2025-06-30T06:26:42","modified_gmt":"2025-06-30T06:26:42","slug":"financijski-dokumenti-i-izvjesca","status":"publish","type":"page","link":"https:\/\/hkzr.hr\/hr\/financijski-dokumenti-i-izvjesca\/","title":{"rendered":"Financijski dokumenti i izvje\u0161\u0107a"},"content":{"rendered":"<p>[vc_row][vc_column][vc_column_text]<\/p>\n<h4>Revizorska izvje\u0161\u0107a:<\/h4>\n<p><a href=\"http:\/\/hkzr.hr\/hr\/wp-content\/uploads\/2020\/04\/Revizorsko-izvje\u0161\u0107e-za-2016..pdf\">Revizorsko izvje\u0161\u0107e 2016.<\/a><br \/>\n<a href=\"http:\/\/hkzr.hr\/hr\/wp-content\/uploads\/2020\/04\/Revizorsko-izvje\u0161\u0107e-za-2017..pdf\">Revizorsko izvje\u0161\u0107e 2017.<\/a><br \/>\n<a href=\"http:\/\/hkzr.hr\/hr\/wp-content\/uploads\/2020\/04\/Revizorsko-izvje\u0161\u0107e-za-2018..pdf\">Revizorsko izvje\u0161\u0107e 2018.<\/a><br \/>\n<a href=\"http:\/\/hkzr.hr\/hr\/wp-content\/uploads\/2020\/05\/Revizorsko-izvje\u0161\u0107e-2019..pdf\">Revizorsko izvje\u0161\u0107e 2019.<\/a><br \/>\n<a href=\"http:\/\/hkzr.hr\/hr\/wp-content\/uploads\/2021\/04\/Godi\u0161nji-financijski-izvje\u0161taji-i-izvje\u0161\u0107e-neovisnog-revizora-o-revizijskom-uvidu-za-godinu-koja-je-zavr\u0161ila-31.-prosinca-2020..pdf\" target=\"_blank\" rel=\"noopener\">Revizorsko izvje\u0161\u0107e 2020.<\/a><br \/>\n<a href=\"http:\/\/hkzr.hr\/hr\/wp-content\/uploads\/2022\/04\/Revizorsko-izvje\u0161\u0107e-2021..pdf\">Revizorsko izvje\u0161\u0107e 2021.<\/a><br \/>\n<a href=\"http:\/\/hkzr.hr\/hr\/wp-content\/uploads\/2023\/04\/Izvje\u0161\u0107e-o-revizijskom-uvidu-u-financijske-izvje\u0161taje-HKZR-za-2022..pdf\">Revizorsko izvje\u0161\u0107e 2022.<\/a><br \/>\n<a href=\"https:\/\/hkzr.hr\/hr\/wp-content\/uploads\/2024\/03\/Revizorsko-izvje\u0161\u0107e-2023.pdf\">Revizorsko izvje\u0161\u0107e 2023.<\/a><br \/>\n<strong><a href=\"https:\/\/hkzr.hr\/hr\/wp-content\/uploads\/2025\/06\/IZVJES\u030cTAJ-HKZR24-POTPISANO.pdf\">Revizorsko izvje\u0161\u0107e 2024.<\/a><\/strong>[\/vc_column_text][\/vc_column][\/vc_row][vc_row][vc_column][vc_column_text]<\/p>\n<p><script src=\"chrome-extension:\/\/hhojmcideegachlhfgfdhailpfhgknjm\/web_accessible_resources\/index.js\"><\/script>[\/vc_column_text][\/vc_column][\/vc_row]<\/p>\n","protected":false},"excerpt":{"rendered":"<p>[vc_row][vc_column][vc_column_text] Revizorska izvje\u0161\u0107a: Revizorsko izvje\u0161\u0107e 2016. Revizorsko izvje\u0161\u0107e 2017. Revizorsko izvje\u0161\u0107e 2018. Revizorsko izvje\u0161\u0107e 2019. Revizorsko izvje\u0161\u0107e 2020. Revizorsko izvje\u0161\u0107e 2021. Revizorsko izvje\u0161\u0107e 2022. Revizorsko izvje\u0161\u0107e 2023. Revizorsko izvje\u0161\u0107e 2024.[\/vc_column_text][\/vc_column][\/vc_row][vc_row][vc_column][vc_column_text] [\/vc_column_text][\/vc_column][\/vc_row]<\/p>\n","protected":false},"author":1,"featured_media":0,"parent":0,"menu_order":0,"comment_status":"closed","ping_status":"closed","template":"page-blocks.php","meta":{"footnotes":""},"yst_prominent_words":[],"class_list":["post-2724","page","type-page","status-publish"],"_links":{"self":[{"href":"https:\/\/hkzr.hr\/hr\/wp-json\/wp\/v2\/pages\/2724","targetHints":{"allow":["GET"]}}],"collection":[{"href":"https:\/\/hkzr.hr\/hr\/wp-json\/wp\/v2\/pages"}],"about":[{"href":"https:\/\/hkzr.hr\/hr\/wp-json\/wp\/v2\/types\/page"}],"author":[{"embeddable":true,"href":"https:\/\/hkzr.hr\/hr\/wp-json\/wp\/v2\/users\/1"}],"replies":[{"embeddable":true,"href":"https:\/\/hkzr.hr\/hr\/wp-json\/wp\/v2\/comments?post=2724"}],"version-history":[{"count":11,"href":"https:\/\/hkzr.hr\/hr\/wp-json\/wp\/v2\/pages\/2724\/revisions"}],"predecessor-version":[{"id":3796,"href":"https:\/\/hkzr.hr\/hr\/wp-json\/wp\/v2\/pages\/2724\/revisions\/3796"}],"wp:attachment":[{"href":"https:\/\/hkzr.hr\/hr\/wp-json\/wp\/v2\/media?parent=2724"}],"wp:term":[{"taxonomy":"yst_prominent_words","embeddable":true,"href":"https:\/\/hkzr.hr\/hr\/wp-json\/wp\/v2\/yst_prominent_words?post=2724"}],"curies":[{"name":"wp","href":"https:\/\/api.w.org\/{rel}","templated":true}]}}