{"id":2394,"date":"2019-01-30T18:40:41","date_gmt":"2019-01-30T18:40:41","guid":{"rendered":"http:\/\/hkzr.hr\/hr\/?page_id=2394"},"modified":"2025-01-13T10:24:01","modified_gmt":"2025-01-13T10:24:01","slug":"izvjesce-o-provedbi-zakona-o-pravu-na-pristup-informacijama-za-2018-godinu","status":"publish","type":"page","link":"https:\/\/hkzr.hr\/hr\/pristup-informacijama\/izvjesce-o-provedbi-zakona-o-pravu-na-pristup-informacijama-za-2018-godinu\/","title":{"rendered":"Izvje\u0161\u0107e o provedbi Zakona o pravu na pristup informacijama za 2018. godinu"},"content":{"rendered":"<p>[vc_row][vc_column][vc_column_text]<\/p>\n<h1 style=\"text-align: center;\">Izvje\u0161\u0107e o provedbi Zakona o pravu na pristup informacijama za 2018. godinu<\/h1>\n<p>[\/vc_column_text][vc_column_text]<\/p>\n<p style=\"text-align: center;\"><a href=\"http:\/\/hkzr.hr\/hr\/wp-content\/uploads\/2019\/01\/Godisnje_izvjesce.pdf\" target=\"_blank\" rel=\"noopener\">Godi\u0161nje izvje\u0161\u0107e [pdf]<\/a><\/p>\n<p>[\/vc_column_text][\/vc_column][\/vc_row]<\/p>\n","protected":false},"excerpt":{"rendered":"<p>[vc_row][vc_column][vc_column_text] Izvje\u0161\u0107e o provedbi Zakona o pravu na pristup informacijama za 2018. godinu [\/vc_column_text][vc_column_text] Godi\u0161nje izvje\u0161\u0107e [pdf] [\/vc_column_text][\/vc_column][\/vc_row]<\/p>\n","protected":false},"author":2,"featured_media":0,"parent":1890,"menu_order":0,"comment_status":"closed","ping_status":"closed","template":"page-blocks.php","meta":{"footnotes":""},"yst_prominent_words":[],"class_list":["post-2394","page","type-page","status-publish"],"_links":{"self":[{"href":"https:\/\/hkzr.hr\/hr\/wp-json\/wp\/v2\/pages\/2394","targetHints":{"allow":["GET"]}}],"collection":[{"href":"https:\/\/hkzr.hr\/hr\/wp-json\/wp\/v2\/pages"}],"about":[{"href":"https:\/\/hkzr.hr\/hr\/wp-json\/wp\/v2\/types\/page"}],"author":[{"embeddable":true,"href":"https:\/\/hkzr.hr\/hr\/wp-json\/wp\/v2\/users\/2"}],"replies":[{"embeddable":true,"href":"https:\/\/hkzr.hr\/hr\/wp-json\/wp\/v2\/comments?post=2394"}],"version-history":[{"count":4,"href":"https:\/\/hkzr.hr\/hr\/wp-json\/wp\/v2\/pages\/2394\/revisions"}],"predecessor-version":[{"id":3498,"href":"https:\/\/hkzr.hr\/hr\/wp-json\/wp\/v2\/pages\/2394\/revisions\/3498"}],"up":[{"embeddable":true,"href":"https:\/\/hkzr.hr\/hr\/wp-json\/wp\/v2\/pages\/1890"}],"wp:attachment":[{"href":"https:\/\/hkzr.hr\/hr\/wp-json\/wp\/v2\/media?parent=2394"}],"wp:term":[{"taxonomy":"yst_prominent_words","embeddable":true,"href":"https:\/\/hkzr.hr\/hr\/wp-json\/wp\/v2\/yst_prominent_words?post=2394"}],"curies":[{"name":"wp","href":"https:\/\/api.w.org\/{rel}","templated":true}]}}