{"id":2372,"date":"2019-02-08T07:00:09","date_gmt":"2019-02-08T07:00:09","guid":{"rendered":"http:\/\/hkzr.hr\/hr\/?page_id=2372"},"modified":"2019-02-08T10:11:50","modified_gmt":"2019-02-08T10:11:50","slug":"odluke-i-zakljucci-predsjednistva-hkzr","status":"publish","type":"page","link":"https:\/\/hkzr.hr\/hr\/odluke-i-zakljucci-predsjednistva-hkzr\/","title":{"rendered":"Odluke i zaklju\u010dci predsjedni\u0161tva HKZR"},"content":{"rendered":"<p>[vc_row][vc_column][vc_column_text]Kliknite na datum odr\u017eavanja sjednice predsjedni\u0161tva HKZR-a kako bi ste vidjeli odluke i zaklju\u010dke.[\/vc_column_text][\/vc_column][\/vc_row][vc_row][vc_column][vc_tta_accordion][vc_tta_section title=&#8221;04.02.2019. &#8221; tab_id=&#8221;1538417959399-7a0340aa-d2eb&#8221;][vc_column_text]<strong>Na 1. redovnoj sjednici Predsjedni\u0161tva odr\u017eanoj dana 04. velja\u010de 2019.god. Predsjedni\u0161tvo\u00a0HKZR je donijelo sljede\u0107e odluke: <\/strong><\/p>\n<ul>\n<li>Predsjedni\u0161tvo je jednoglasno donijelo odluku o sazivanju redovne Skup\u0161tine HKZR za\u00a0dan 23. velja\u010de 2019.g. i utvrdilo prijedlog Dnevnog reda Skup\u0161tine koji \u0107e 05. velja\u010de\u00a02019. biti poslan delegatima Skup\u0161tine HKZR te biti objavljen na web stranici HKZR.<\/li>\n<li>Predsjedni\u0161tvo jednoglasno donosi odluku da \u0107e \u010dlanovi Radnog predsjedni\u0161tva Skup\u0161tine\u00a0HKZR biti: Neven Su\u010di\u0107 (SR MLD), Maja Lon\u010dar (SR ZRTD), Zdenko Mlinar (SR DSI) i Josip<br \/>\nMikul\u010di\u0107 (SR DRT).\u00a0Predsjedni\u0161tvo jednoglasno donosi odluku da \u0107e Darko Mijatovi\u0107 (SR MLD) biti\u00a0predsjedavaju\u0107i Radnog predsjedni\u0161tva Skup\u0161tine HKZR koja \u0107e se odr\u017eati 23. velja\u010de\u00a02019.g.<br \/>\nRadno predsjedni\u0161tvo Skup\u0161tine HKZR potvr\u0111uju delegati Skup\u0161tine na samoj sjednici\u00a0Skup\u0161tine HKZR.<\/li>\n<li>Predsjedni\u0161tvo HKZR jednoglasno donosi odluku da \u0107e javni bilje\u017enik Vesna Kele\u010di\u0107 voditi\u00a0zapisnik sjednice Skup\u0161tine HKZR koja \u0107e se odr\u017eati 23. velja\u010de 2019.g.<\/li>\n<li>Predsjednica HKZR je poslala dopis administratorima i pravnicima SR HKZR-a da dostave\u00a0izvje\u0161\u0107a o izvr\u0161enim javnim ovlastima SR-a za primopredaju du\u017enosti Predsjednice HKZR.<\/li>\n<li>Predsjednica HKZR je poslala dopis administratorici HKZR da dostavi izvje\u0161\u0107e o izvr\u0161enim\u00a0javnim ovlastima za primopredaju du\u017enosti Predsjednice HKZR.<\/li>\n<li>Izvje\u0161\u0107a iz prethodnih to\u010daka bit \u0107e sadr\u017eana u godi\u0161njem izvje\u0161\u0107u ministru zdravstva za\u00a02018.g.<\/li>\n<li>SR MLD je objavio svoj dio Glasnika za 2018.g. na web stranici MLD s obzirom da Glasnik HKZR jo\u0161 nije spreman za objavu.<br \/>\nSR DRT \u0107e tako\u0111er objaviti na svojoj web stranici svoj dio Glasnika.<\/li>\n<li>Potrebno je revidirati Statut HKZR usvojen na Skup\u0161tini HKZR 2015.god., na koji MZ jo\u0161 uvijek nije dalo svoju suglasnost., jer su zbog proteka vremena odre\u0111ene odredbe\u00a0zastarjele.<\/li>\n<\/ul>\n<p>[\/vc_column_text][\/vc_tta_section][vc_tta_section title=&#8221;01.01.2019. &#8221; tab_id=&#8221;1549620434487-0234f48d-15cb&#8221;][vc_column_text]<strong>Predsjedni\u0161tvo HKZR je na 1. izvanrednoj sjednici Predsjedni\u0161tva HKZR odr\u017eane 01.01.2019. godine donijelo slijede\u0107e Odluke: <\/strong><\/p>\n<ul>\n<li>prihva\u0107ena Ponuda Hotela Antunovi\u0107 za odr\u017eavanje Skup\u0161tine HKZR dana 23.02.1019.g.<\/li>\n<li>podnesak HKZR Op\u0107inskom radnom sudu u Zagrebu, dopis radi isplate g. K.I.<\/li>\n<li>Obavijest Nadzornom odboru HKZR o isplati K.I.<\/li>\n<\/ul>\n<p>&nbsp;<\/p>\n<ul>\n<li>01.2019.g. dopis MZ-u: ponovna Zamolba za sastanak \u2013 Statut HKZR i Plan i program pripravni\u010dkog sta\u017ea<\/li>\n<\/ul>\n<p>[\/vc_column_text][\/vc_tta_section][vc_tta_section title=&#8221;19.11.2018.&#8221; tab_id=&#8221;1548622548600-0ed19645-ce07&#8243;][vc_column_text]<strong>Predsjedni\u0161tvo HKZR je na\u00a0 6. redovnoj sjednici od 19.11.2018.god. donijelo sljede\u0107e odluke i zaklju\u010dke:<\/strong><\/p>\n<ul>\n<li>prihva\u0107a se izvje\u0161taj o realizaciji Financijskog plana HKZR za 2018.god.<\/li>\n<li>usvaja se Prijedlog Financijskog plana HKZR za 2019.god.<\/li>\n<li>Odluka da \u0107e se 30.11.2018. odr\u017eati elektronska sjednice Skup\u0161tine HKZR za usvajanje Financijskog plana HKZR za 2019.god<\/li>\n<li>Tra\u017eit \u0107e se nova ponuda sa cijenom revizijskog uvida, jer ista nije navedena u prvoj ponudi, te \u0107e se tra\u017eiti jo\u0161 jedna nova ponuda, kako bi imali 3 valjane ponude za revizijski uvid za 2018.g..<\/li>\n<li>Objava na web stranici \u2013 ime slu\u017ebene osobe za UP-postupke g\u0111a \u017d.B.\u017d. nakon polo\u017eenog dr\u017eavnog ispita<\/li>\n<li>E-savjetovanje Zakona o reguliranim profesijama do 29.11.2018.god.<\/li>\n<li>Odluka da glavni urednik Glasnika, gosp T.S. u terminu od 26. do 29.11.2018.g. uredi Glasnik HKZR za objavu<\/li>\n<li>Izvje\u0161\u0107e o potpisivanju formulara u svezi Zakona o sprje\u010davanju pranja novca i financiranju terorizma<\/li>\n<li>Izvje\u0161\u0107a pravnica HKZR o dogovoru zatra\u017eenog sastanka u MZ prema predlo\u017eenim to\u010dkama dnevnog reda. Odluka da pravnice HKZR idu u pravnu slu\u017ebu MZ u svezi predlo\u017eenih tema Statuta i Plana i programa pripravni\u010dkog sta\u017ea u \u010detvrtak 22.11.2018.<\/li>\n<li>Odluka da svi SR HKZR-a sudjeluju na 1. Kongresu KOKOZ-a<\/li>\n<li>Promijenjeni su postoci \u010dlanova po SR za obra\u010dun tro\u0161kova HKZR<\/li>\n<\/ul>\n<p>20.12.2018.g. poslan dopis RH Pu\u010dkoj pravobraniteljici, dostava podataka za Izvje\u0161\u0107e Pu\u010dke pravobraniteljice za 2018.g.[\/vc_column_text][\/vc_tta_section][vc_tta_section title=&#8221;26.09.2018.&#8221; tab_id=&#8221;1548621729652-fa37cc7e-4b14&#8243;][vc_column_text]<strong>Predsjedni\u0161tva HKZR je na 5. redovnoj sjednici Predsjedni\u0161tva HKZR odr\u017eanoj 26.09.2018. godine donijelo slijede\u0107u odluku: <\/strong><\/p>\n<ul>\n<li>Odluka Predsjedni\u0161tva HKZR o imenovanju slu\u017ebene osobe za UP postupke i imenovanje slu\u017ebenika za informiranje HKZR od 26.09.2018.godine<\/li>\n<\/ul>\n<p><strong>\u00a0<\/strong><strong>Zaklju\u010dci 5. redovne sjednice Predsjedni\u0161tva od 26.09.2018.;<\/strong><\/p>\n<ul>\n<li>Zaklju\u010dak Predsjedni\u0161tva HKZR o \u017eurnom\u00a0 dogovoru\u00a0 o sastanku s Ministrom zdravstva i zamjenikom ministra zdravstva s to\u010dkama dnevnog reda:<\/li>\n<li>1.Izmjene i dopune\u00a0 Statuta HKZR od 2015.g.<\/li>\n<li>2. Izmjene i dopune Zakona o zdravstvenoj za\u0161titi<\/li>\n<li>3. Pravilnik o pripravni\u010dkom sta\u017eu\u00a0 i Plan i program<\/li>\n<\/ul>\n<p>&nbsp;<\/p>\n<ul>\n<li>Predsjedni\u0161tvo HKZR jednoglasno se slo\u017eilo da se godi\u0161nja\u00a0 redovna Skup\u0161tina HKZR u 2019. godini odr\u017ei\u00a0 23. velja\u010de 2019. godine.<\/li>\n<li>Predsjedni\u0161tvo je jednoglasno donijelo odluku da \u0107e se financijski plan za 2019. godinu za HKZR i za SR\u00a0 donijeti elektronskim glasovanjem delegata na elektronski odr\u017eanoj sjednici u prosincu 2018. godine<\/li>\n<li>Stav Predsjedni\u0161tva HKZR-a je da se kod prekvalifikacija iz nezdravstvenog zanimanja u zdravstveno-laboratorijske tehni\u010dare i sanitarne tehni\u010dare HKZR ne\u0107e izdavati Odobrenja za samostalan rad.<\/li>\n<li>Predsjednica HKZR je obavijestila Predsjedni\u0161tvo HKZR-a da je podnesena pritu\u017eba SR MLD pred Europskom komisijom i Parlamentom.<\/li>\n<li>Voditelj SR ZRTD obavje\u0161tava Predsjedni\u0161tvo o organizaciji 3. Kongresa SR ZRTD u Primo\u0161tenu od 11. do 13.10.2019.godine<\/li>\n<li>Voditelj SR ZRTD obavje\u0161tava da \u0107e SR ZRTD predati molbu za pridru\u017eeno \u010dlanstvo u Europsku organizaciju EFRD.<\/li>\n<\/ul>\n<p>[\/vc_column_text][\/vc_tta_section][vc_tta_section title=&#8221;07.08.2018.&#8221; tab_id=&#8221;1548622065130-05f76951-52b2&#8243;][vc_column_text]<strong>Odluke 2. izvanredne sjednice Predsjedni\u0161tva odr\u017eane 07.08.2018.godine:<\/strong><\/p>\n<ul>\n<li>Odluka o prijenosu ovlasti predsjednice HKZR J.M. na dopredsjednika HKZR B.C. od 13.08. do 7.09.2018.g.<\/li>\n<\/ul>\n<p>[\/vc_column_text][\/vc_tta_section][vc_tta_section title=&#8221;20.06.2018.&#8221; tab_id=&#8221;1548622309568-88cacf09-c421&#8243;][vc_column_text]<strong>Zaklju\u010dci 4. redovne sjednice Predsjedni\u0161tva HKZR 20.06.2018. godine<\/strong><\/p>\n<p>&nbsp;<\/p>\n<ul>\n<li>Potpisan je ugovor sa Zelenim tehnologijama za aplikaciju za unos bodova trajne edukacije putem RFID \u010dita\u010da.<\/li>\n<li>Prihva\u0107ena je ponuda 18-060 DJ za SSL certifikat za domenu Registra HKZR.<\/li>\n<li>\u017dalba koju je odvjetnik S.T. uputio \u017dupanijskom sudu u slu\u010daju K.I. bit \u0107e dostavljena Predsjedni\u0161tvu HKZR.<\/li>\n<li>Dostavit \u0107e se tra\u017eeni podaci o broju ispisanih \u010dlanova zbog odlaska u inozemstvo do utorka 26.06.2018.god., a vezano uz odr\u017eavanje Hrvatskog iseljeni\u010dkog kongresa.<\/li>\n<li>Dostavljen je potpisani zapisnik o primopredaji Registra HKZR.<\/li>\n<\/ul>\n<p>[\/vc_column_text][\/vc_tta_section][vc_tta_section title=&#8221;24.05.2018.&#8221; tab_id=&#8221;1548622210251-f98e557d-2985&#8243;][vc_column_text]<strong>Zaklju\u010dci 3. redovne sjednice Predsjedni\u0161tva HKZR odr\u017eane 24. svibnja 2018. godine:<\/strong><\/p>\n<ul>\n<li>Odluka u vezi primjene Uredbe o za\u0161titi osobnih podataka (GDPR) od 28.05.2018.godine<\/li>\n<li>Zaklju\u010dak o prijedlogu da u programu Kongresa Medicinsko pravo pi\u0161e HKZR-SR DSI i HKZR-SR ZRTD koji su potpisnici sporazuma a ne HKZR, obzirom da SR MLD nije potpisao sporazum KOKOZ<\/li>\n<li>Zaklju\u010dak u svezi kontaktiranja Voditelja SR ZRTD odvjetnika S. T. vezano uz procjenu uspjeha u sporu s K. I.<\/li>\n<li>Odluka o prijenosu ovla\u0161tenja predsjednice HKZR 26.06.2018<\/li>\n<li>Odluka o prijenosu ovla\u0161tenja predsjednice HKZR 10.-15.07.2018.<\/li>\n<li>Odluka o prijenosu ovlasti predsjednice HKZR 13.08.-07.09.2018.<\/li>\n<\/ul>\n<p>[\/vc_column_text][\/vc_tta_section][vc_tta_section title=&#8221;11.04.2018.&#8221; tab_id=&#8221;1548622166458-65dc1a59-56a3&#8243;][vc_column_text]<strong>Zaklju\u010dci 2. redovne sjednice Predsjedni\u0161tva HKZR odr\u017eane 11.04.2018.godine:<\/strong><\/p>\n<ul>\n<li>Zaklju\u010dak o primopredaji aplikacije Registra koju su izradile Zelene tehnologije do 27.04.2018.g. sa svim doradama koje su tra\u017eili administratori HKZR<\/li>\n<li>Zaklju\u010dak o pla\u0107anju svih Strukovnih razreda za\u00a0 ra\u010dun firme &#8220;Kuhada&#8221; \u00a0za izradu web stranice HKZR<\/li>\n<li>Zaklju\u010dak o dostavi prijedloga\u00a0 Voditelja SR ZRTD o glavnom uredniku Glasnika HKZR-a<\/li>\n<li>Pokrenut \u0107e se postupak za izmjenu i dopunu pojedinih pravilnika HKZR-a gdje postoje nelogi\u010dnosti te dijelova koji su u praksi neprimjenjivi<\/li>\n<li>Odluka Predsjedni\u0161tva HKZR o raspisivanju Natje\u010daja za pravnika SR ZRTD HKZR<\/li>\n<\/ul>\n<p>[\/vc_column_text][\/vc_tta_section][vc_tta_section title=&#8221;05.03.2018.&#8221; tab_id=&#8221;1548622118521-1d8c69dc-f87f&#8221;][vc_column_text]<\/p>\n<ul>\n<li>Odluka o osnivanju Povjerenstva za popis imovine \/inventura\/ od 05.03.2018.g.<\/li>\n<\/ul>\n<p>[\/vc_column_text][\/vc_tta_section][vc_tta_section title=&#8221;21.03.2018.&#8221; tab_id=&#8221;1548871368981-94ca2091-b6f4&#8243;][vc_column_text]<strong>Zaklju\u010dci Predsjedni\u0161tva HKZR\u00a0 u novom mandatu s 1. redovne sjednice odr\u017eane 21.03.2018.godine:<\/strong><\/p>\n<ul>\n<li>Zaklju\u010dak o slu\u017ebenim e-mail adresama, s 1.redovne sjednice Predsjedni\u0161tva HKZR od 21.o\u017eujka 2018.g., (novo Predsjedni\u0161tvo, Predsjednica HKZR J. M.)<\/li>\n<li>Zaklju\u010dci o kontaktiranju tvrtke \u201eKuhada\u201c u svezi odr\u017eavanja web stranice HKZR-a, sa 1.redovne sjednice Predsjedni\u0161tva HKZR od 21.o\u017eujka 2018.g., (novo Predsjedni\u0161tvo, Predsjednica HKZR J. M.)<\/li>\n<li>Zaklju\u010dci za novu aplikaciju Zelene tehnologije sa 1. redovne sjednice Predsjedni\u0161tva HKZR od 21.o\u017eujka 2018.g<\/li>\n<li>Zaklju\u010dci o prisustvovanju ZRTD-a na Okruglom stolu<\/li>\n<li>Odluke &#8211; za ponudu &#8220;Kuhada&#8221; za izradu glavne WEB stranice HKZR od 30.3.2018.g. br. 2018-490 i Odluka za ponudu Zelene Tehnologije br. 18-040 JD vezano za izradu programskog rje\u0161enja za evidencije \u00a0polaznika stru\u010dnih seminara<\/li>\n<\/ul>\n<p>(elektronsko glasovanje)<\/p>\n<ul>\n<li>Odluka elektronskim glasovanjem o raspodjeli sredstava za financiranje stru\u010dnih nadzora HKZR po Strukovnim razredima, travanj, 2018.g.<\/li>\n<\/ul>\n<p>[\/vc_column_text][\/vc_tta_section][vc_tta_section title=&#8221;29.01.2018. &#8221; tab_id=&#8221;1548622022178-9aa2da9b-c4da&#8221;][vc_column_text]<strong>Predsjedni\u0161tvo HKZR je na 1. izvanrednoj sjednici <\/strong><strong>Predsjedni\u0161tva HKZR <\/strong><strong>odr\u017eanoj 29.01.2018. godine donijelo slijede\u0107e: <\/strong><\/p>\n<ul>\n<li>Odluka o slanju Molbe za reviziju Revizorskom dru\u0161tvu RKR iz Karlovca<\/li>\n<li>Odluka o preseljenju SR ZRTD sa 1.o\u017eujka 2018.g. u prostorije Ureda HKZR, Ilica 229\/I, Zagreb<\/li>\n<li>Odluka od 23.02.2018.g. D.M. o predsjedatelju Glavne Skup\u0161tine HKZR-a za 24.2.2018.g.<\/li>\n<\/ul>\n<p>[\/vc_column_text][\/vc_tta_section][vc_tta_section title=&#8221;15.01.2018.&#8221; tab_id=&#8221;1548621922557-0add284b-d323&#8243;][vc_column_text]<strong>Odluke Predsjedni\u0161tva HKZR s 1. redovne sjednice odr\u017eane 15.01.2018. godine:<\/strong><\/p>\n<ul>\n<li>Odluka &#8211; Poziv za sastanak SIP-a za 5. velja\u010da 2018.g.<\/li>\n<li>Odluka pravnica SR MLD \u0110. S.\u00a0 o obavljanju upravno pravnih poslova sa SR DSI i SR DRT kao slu\u017ebena osoba HKZR<\/li>\n<li>Odluka &#8211; probni rok S. B. administrator Op\u0107ih poslova HKZR<\/li>\n<li>Odluka &#8211; \u010dlanovima HKZR-a kojima se izdaju nova Odobrenja za samostalan rad ne\u0107e se izdavati nove \u010dlanske iskaznice<\/li>\n<li>Odluka Predsjedni\u0161tva HKZR; ostaje glavna WEB stranica HKZR sa koje se odabiru Web stranice svih ostalih SR HKZR<\/li>\n<li>Odluka o sastanku svih administratora 19.1.2018.godine vezano uz finaliziranje obra\u010duna financijskog poslovanja<\/li>\n<\/ul>\n<p>[\/vc_column_text][\/vc_tta_section][\/vc_tta_accordion][\/vc_column][\/vc_row]<\/p>\n","protected":false},"excerpt":{"rendered":"<p>[vc_row][vc_column][vc_column_text]Kliknite na datum odr\u017eavanja sjednice predsjedni\u0161tva HKZR-a kako bi ste vidjeli odluke i zaklju\u010dke.[\/vc_column_text][\/vc_column][\/vc_row][vc_row][vc_column][vc_tta_accordion][vc_tta_section title=&#8221;04.02.2019. &#8221; tab_id=&#8221;1538417959399-7a0340aa-d2eb&#8221;][vc_column_text]Na 1. redovnoj sjednici Predsjedni\u0161tva odr\u017eanoj dana 04. velja\u010de 2019.god. Predsjedni\u0161tvo\u00a0HKZR je donijelo sljede\u0107e odluke: Predsjedni\u0161tvo je jednoglasno donijelo odluku o sazivanju redovne Skup\u0161tine HKZR za\u00a0dan 23. velja\u010de 2019.g. i utvrdilo prijedlog Dnevnog reda Skup\u0161tine koji \u0107e 05. velja\u010de\u00a02019. <\/p>\n","protected":false},"author":2,"featured_media":0,"parent":0,"menu_order":0,"comment_status":"closed","ping_status":"closed","template":"page-blocks.php","meta":{"footnotes":""},"yst_prominent_words":[],"class_list":["post-2372","page","type-page","status-publish"],"_links":{"self":[{"href":"https:\/\/hkzr.hr\/hr\/wp-json\/wp\/v2\/pages\/2372","targetHints":{"allow":["GET"]}}],"collection":[{"href":"https:\/\/hkzr.hr\/hr\/wp-json\/wp\/v2\/pages"}],"about":[{"href":"https:\/\/hkzr.hr\/hr\/wp-json\/wp\/v2\/types\/page"}],"author":[{"embeddable":true,"href":"https:\/\/hkzr.hr\/hr\/wp-json\/wp\/v2\/users\/2"}],"replies":[{"embeddable":true,"href":"https:\/\/hkzr.hr\/hr\/wp-json\/wp\/v2\/comments?post=2372"}],"version-history":[{"count":5,"href":"https:\/\/hkzr.hr\/hr\/wp-json\/wp\/v2\/pages\/2372\/revisions"}],"predecessor-version":[{"id":2399,"href":"https:\/\/hkzr.hr\/hr\/wp-json\/wp\/v2\/pages\/2372\/revisions\/2399"}],"wp:attachment":[{"href":"https:\/\/hkzr.hr\/hr\/wp-json\/wp\/v2\/media?parent=2372"}],"wp:term":[{"taxonomy":"yst_prominent_words","embeddable":true,"href":"https:\/\/hkzr.hr\/hr\/wp-json\/wp\/v2\/yst_prominent_words?post=2372"}],"curies":[{"name":"wp","href":"https:\/\/api.w.org\/{rel}","templated":true}]}}