{"id":2339,"date":"2018-05-25T11:53:34","date_gmt":"2018-05-25T11:53:34","guid":{"rendered":"http:\/\/hkzr.hr\/hr\/?page_id=2339"},"modified":"2018-05-28T09:49:07","modified_gmt":"2018-05-28T09:49:07","slug":"uvjeti-koristenja","status":"publish","type":"page","link":"https:\/\/hkzr.hr\/hr\/uvjeti-koristenja\/","title":{"rendered":"Uvjeti kori\u0161tenja"},"content":{"rendered":"<p>Kori\u0161tenjem web stranice www.hkzr.hr(u vlasni\u0161tvu tvrtke Hrvatska komora zdravstvenih radnika za usluge) stupate u zakoniti ugovor sa tvrtkom Hrvatska komora zdravstvenih radnika, po kojemu imate odre\u0111ena prava i obaveze. Pristupom, upotrebom, pretragom, pregledom ili bilo kojim sli\u010dnim \u010dinom, vi nedvosmisleno potvr\u0111ujete da ste u potpunosti pro\u010ditali, razumjeli i slo\u017eili se da \u0107e vas ova prava obvezivati, te da \u0107ete postupati u skladu s odredbama ovog ugovora (dalje u tekstu: Ugovor) i ovih Uvjeta kori\u0161tenja (dalje u tekstu \u201cUvjeti\u201d), kao i svim zakonskim normativima i srodnim zakonskim i pravnim propisima koji proizlaze iz ovog Ugovora i ovih Uvjeta, po va\u017ee\u0107im zakonima Republike Hrvatske. Ako se ne sla\u017eete sa bilo kojim dijelom ove stranice, ili bilo kojom odredbom ovog Ugovora i Uvjeta, molimo vas da ne koristite web stranicu www.hkzr.hr(dalje u tekstu: web stranica), te bilo koje druge materijale proiza\u0161le iz kori\u0161tenja web stranice (vodi\u010di, analize, \u010dlanci, tekstovi, i sl.). Hrvatska komora zdravstvenih radnika zadr\u017eava pravo promjeniti sadr\u017eaj ovih Uvjeta u bilo kojem trenutku, te ukinuti pristup ovoj web stranici bez prethodne obavijesti.<\/p>\n<p>Na ovoj web stranici je tako\u0111er va\u017eno obratiti pa\u017enju na napomene vezane uz pravo vlasni\u0161tva i autorska prava regulirana Zakonom o autorskom pravu i srodnim pravima (NN 167\/03 i 79\/07).<\/p>\n<p>Svi materijali (tekstovi, fotografije, crte\u017ei, slike, video i audio materijali), za\u0161ti\u0107eni \u017eigovi i logotipovi, te svi drugi sadr\u017eaji na web stranici za\u0161ti\u0107eni su autorskim pravima i srodnim pravima intelektualnog vlasni\u0161tva, prema Zakonu o autorskom pravu i srodnim pravima (NN 167\/03 i 79\/07). Svi ti sadr\u017eaji su isklju\u010divo informativne prirode, a njihovo kori\u0161tenje obuhva\u0107a samo osobne nekomercijalne svrhe, ako nije druga\u010dije nazna\u010deno. Korisnicima ove web stranice nije dopu\u0161teno reproduciranje, kopiranje, distribuiranje, preinaka, preno\u0161enje, objavljivanje ili revidiranje sadr\u017eaja ovih stranica bez pismenog dopu\u0161tenja tvrtke Hrvatska komora zdravstvenih radnika.<\/p>\n<p>Prava kori\u0161tenja vodi\u010da i \u010dlanaka<\/p>\n<p>Svaki vodi\u010d i \u010dlanak preuzet sa web stranice (bilo da je preuzet ostavljanjem e-mail adrese ili direktnim preuzimanjem ili kopiranjem sa web stranice) smatra se za\u0161ti\u0107enim autorskim djelom tvrtke Hrvatska komora zdravstvenih radnika, te je kao takav za\u0161ti\u0107en Zakonom o autorskom pravu i srodnim pravima (NN 167\/03 i 79\/07). Kori\u0161tenje i ispisivanje tih sadr\u017eaja dopu\u0161teno je isklju\u010divo u svrhu informiranja i osobne, nekomercijalne svrhe korisnika. Korisnicima nije dopu\u0161teno reproduciranje, kopiranje, distribuiranje, preinaka, preno\u0161enje, objavljivanje ili revidiranje sadr\u017eaja vodi\u010da i \u010dlanaka bez pismenog dopu\u0161tenja tvrtke Hrvatska komora zdravstvenih radnika. Korisnicima nije dopu\u0161ten bilo koji oblik javnog kori\u0161tenja autorskih djela (javno kori\u0161tenje autorskog djela je \u201csvako kori\u0161tenje autorskog djela koje je pristupa\u010dno javnosti ili kori\u0161tenje u prostoru koji je pristupa\u010dan pripadnicima javnosti, kao i omogu\u0107avanje pripadnicima javnosti pristupa autorskom djelu u vrijeme i na mjestu koje sami odaberu (putem Interneta)\u201d \u2013 Dr\u017eavni zavod za intelektualno vlasni\u0161tvo, www.dziv.hr. Ako \u017eelite koristiti vodi\u010de i \u010dlanke sa web stranice u svrhe koje nisu obuhva\u0107ene Zakonom o autorskim pravima i srodnim pravima, kontaktirajte tvrtku Hrvatska komora zdravstvenih radnika na e-mail hkzr@hkzr.hr te objasnite u detalje potrebu za ovakvom vrstom upotrebe.<\/p>\n<p>Prava kori\u0161tenja \u201cAnalize web stranice\u201d<\/p>\n<p>\u201cAnaliza web stranice\u201d (u daljnjem tekstu: Analiza) za\u0161ti\u0107eno je autorsko djelo tvrtke Hrvatska komora zdravstvenih radnika, te time spada u kategoriju pisanog djela za\u0161ti\u0107enog zakonskim okvirom stvorenim pod Zakonom o autorskom pravu i srodnim pravima (NN 167\/03 i 79\/07). Tako\u0111er, preuzimanjem ove Analize vi kao korisnik (u daljnjem tekstu: Naru\u010ditelj) stupate u dodatan ugovor s tvrtkom Hrvatska komora zdravstvenih radnika (ugovor koji je zaseban pravni akt, ali spada pod izvorni Ugovor Uvjeta kori\u0161tenja ove web stranice spomenut ranije u tekstu te je podlo\u017ean njegovim odredbama, kao i odredbama Zakona o autorskom pravu i srodnim pravima, dalje u tekstu: Podugovor), te pristajete na sljede\u0107e uvjete kori\u0161tenja:<\/p>\n<p>Analiza se daje isklju\u010divo na uvid Naru\u010ditelju putem e-maila u digitalnoj formi, \u0161to je njezina jedina ovla\u0161tena namjena. Neovla\u0161tenim namjenama smatrat \u0107e se sve ostale aktivnosti, a neke od njih uklju\u010duju:<\/p>\n<p>1. Masovno umno\u017eavanje bilo koje vrste bez pismenog pristanka tvrtke Hrvatska komora zdravstvenih radnika.<\/p>\n<p>2. Masovna reprodukcija bilo koje vrste bez pismenog pristanka tvrtke Hrvatska komora zdravstvenih radnika.<\/p>\n<p>3. Distribucija bilo koje vrste bez pismenog pristanka tvrtke Hrvatska komora zdravstvenih radnika (Analizu nije dopu\u0161teno davati na uvid tre\u0107im osobama bez na\u0161eg pristanka, pravo pregledavanja ima samo Naru\u010ditelj).<\/p>\n<p>4. Kori\u0161tenje za prezentacije bilo koje vrste bez pismenog pristanka tvrtke Hrvatska komora zdravstvenih radnika.<\/p>\n<p>5. Citiranje bilo kojeg dijela Analize bez pismenog pristanka tvrtke Hrvatska komora zdravstvenih radnika.<\/p>\n<p>6. Uzimanje bilo kojeg dijela tekstualnog sadr\u017eaja Analize, njegova modifikacija i daljnja reprodukcija.<\/p>\n<p>Kako se ne bi dogodilo da netko bez va\u0161eg znanja prekr\u0161i neku od odredbi autorskog prava, ovog Podugovora i ovih uvjeta kori\u0161tenja, predla\u017eemo da analizu ne proslje\u0111ujete tre\u0107im osobama (\u0161to se odredbama ovog Podugovora samo po sebi smatra neovla\u0161tenom upotrebom), po\u0161to je ona u obliku u kojemu je isklju\u010divo namjenjena Naru\u010ditelju. Ova analiza tako\u0111er sadr\u017ei svoj jedinstveni digitalni otisak, po \u010demu mo\u017eemo prona\u0107i njezino porijeklo \u010dak i nakon njezine modifikacije, te izvornog prekr\u0161itelja zakonski goniti do najvi\u0161eg mogu\u0107eg zakonskog stupnja po pravnim okvirima Republike Hrvatske.<\/p>\n<p>Tvrtka Hrvatska komora zdravstvenih radnika zadr\u017eava pravo odbiti zahtjev za izradom analize bez obja\u0161njenja i prethodne najave. Za izradu analize potrebno nam je nekoliko sati ili vi\u0161e, pa u obzir ne\u0107emo uzimati tvrtke i pojedince koji nam po\u0161alju na analizu hobi-portale, neprofitne web stranice (osim humanitarnih organizacija), blogove smje\u0161tene na blog servise (poput Blog.hr) i sli\u010dne web stranice. Tako\u0111er, kao razlog za analizu web stranice ne\u0107emo priznavati Va\u0161u \u201cznati\u017eelju\u201d.<\/p>\n","protected":false},"excerpt":{"rendered":"<p>Kori\u0161tenjem web stranice www.hkzr.hr(u vlasni\u0161tvu tvrtke Hrvatska komora zdravstvenih radnika za usluge) stupate u zakoniti ugovor sa tvrtkom Hrvatska komora zdravstvenih radnika, po kojemu imate odre\u0111ena prava i obaveze. Pristupom, upotrebom, pretragom, pregledom ili bilo kojim sli\u010dnim \u010dinom, vi nedvosmisleno potvr\u0111ujete da ste u potpunosti pro\u010ditali, razumjeli i slo\u017eili se da \u0107e vas ova prava <\/p>\n","protected":false},"author":2,"featured_media":0,"parent":0,"menu_order":0,"comment_status":"closed","ping_status":"closed","template":"","meta":{"footnotes":""},"yst_prominent_words":[],"class_list":["post-2339","page","type-page","status-publish"],"_links":{"self":[{"href":"https:\/\/hkzr.hr\/hr\/wp-json\/wp\/v2\/pages\/2339","targetHints":{"allow":["GET"]}}],"collection":[{"href":"https:\/\/hkzr.hr\/hr\/wp-json\/wp\/v2\/pages"}],"about":[{"href":"https:\/\/hkzr.hr\/hr\/wp-json\/wp\/v2\/types\/page"}],"author":[{"embeddable":true,"href":"https:\/\/hkzr.hr\/hr\/wp-json\/wp\/v2\/users\/2"}],"replies":[{"embeddable":true,"href":"https:\/\/hkzr.hr\/hr\/wp-json\/wp\/v2\/comments?post=2339"}],"version-history":[{"count":2,"href":"https:\/\/hkzr.hr\/hr\/wp-json\/wp\/v2\/pages\/2339\/revisions"}],"predecessor-version":[{"id":2349,"href":"https:\/\/hkzr.hr\/hr\/wp-json\/wp\/v2\/pages\/2339\/revisions\/2349"}],"wp:attachment":[{"href":"https:\/\/hkzr.hr\/hr\/wp-json\/wp\/v2\/media?parent=2339"}],"wp:term":[{"taxonomy":"yst_prominent_words","embeddable":true,"href":"https:\/\/hkzr.hr\/hr\/wp-json\/wp\/v2\/yst_prominent_words?post=2339"}],"curies":[{"name":"wp","href":"https:\/\/api.w.org\/{rel}","templated":true}]}}