{"id":2335,"date":"2018-05-25T11:52:28","date_gmt":"2018-05-25T11:52:28","guid":{"rendered":"http:\/\/hkzr.hr\/hr\/?page_id=2335"},"modified":"2018-05-25T11:52:28","modified_gmt":"2018-05-25T11:52:28","slug":"postavke-privatnosti","status":"publish","type":"page","link":"https:\/\/hkzr.hr\/hr\/postavke-privatnosti\/","title":{"rendered":"Postavke privatnosti"},"content":{"rendered":"<a class=\"wordpress-gdpr-back-link\" href=\"https:\/\/hkzr.hr\/hr\/zastita-privatnosti\/\">&larr; Natrag na GDPR privatnost<\/a><div class=\"wordpress-gdpr-privacy-settings\"><table class=\"table wordpress-gdpr-privacy-settings-table\"><thead><tr><th>Ime<\/th><th>Razlog<\/th><th>OMOGU\u0106ENO<\/th><\/tr><\/thead><tr><td>Kola\u010di\u0107i<\/td><td>Kola\u010di\u0107i koristimo kako bismo vam pru\u017eili bolji do\u017eivljaj web mjesta.<\/td><td><input class=\"form-control\" type=\"checkbox\" name=\"wordpress_gdpr_cookies_allowed\" value=\"1\" required><\/td><\/tr><tr><td>Google Analytics<\/td><td>Pratimo anonimne korisni\u010dke podatke kako bismo pobolj\u0161ali na\u0161u web stranicu.<\/td><td><input class=\"form-control\" type=\"checkbox\" name=\"wordpress_gdpr_analytics_allowed\" value=\"1\" required><\/td><\/tr><\/table><\/div>\n","protected":false},"excerpt":{"rendered":"&larr; Natrag na GDPR privatnostImeRazlogOMOGU\u0106ENOKola\u010di\u0107iKola\u010di\u0107i koristimo kako bismo vam pru\u017eili bolji do\u017eivljaj web mjesta.Google AnalyticsPratimo anonimne korisni\u010dke podatke kako bismo pobolj\u0161ali na\u0161u web stranicu.","protected":false},"author":2,"featured_media":0,"parent":0,"menu_order":0,"comment_status":"closed","ping_status":"closed","template":"","meta":{"footnotes":""},"yst_prominent_words":[],"class_list":["post-2335","page","type-page","status-publish"],"_links":{"self":[{"href":"https:\/\/hkzr.hr\/hr\/wp-json\/wp\/v2\/pages\/2335","targetHints":{"allow":["GET"]}}],"collection":[{"href":"https:\/\/hkzr.hr\/hr\/wp-json\/wp\/v2\/pages"}],"about":[{"href":"https:\/\/hkzr.hr\/hr\/wp-json\/wp\/v2\/types\/page"}],"author":[{"embeddable":true,"href":"https:\/\/hkzr.hr\/hr\/wp-json\/wp\/v2\/users\/2"}],"replies":[{"embeddable":true,"href":"https:\/\/hkzr.hr\/hr\/wp-json\/wp\/v2\/comments?post=2335"}],"version-history":[{"count":1,"href":"https:\/\/hkzr.hr\/hr\/wp-json\/wp\/v2\/pages\/2335\/revisions"}],"predecessor-version":[{"id":2336,"href":"https:\/\/hkzr.hr\/hr\/wp-json\/wp\/v2\/pages\/2335\/revisions\/2336"}],"wp:attachment":[{"href":"https:\/\/hkzr.hr\/hr\/wp-json\/wp\/v2\/media?parent=2335"}],"wp:term":[{"taxonomy":"yst_prominent_words","embeddable":true,"href":"https:\/\/hkzr.hr\/hr\/wp-json\/wp\/v2\/yst_prominent_words?post=2335"}],"curies":[{"name":"wp","href":"https:\/\/api.w.org\/{rel}","templated":true}]}}