{"id":2327,"date":"2018-05-25T11:50:49","date_gmt":"2018-05-25T11:50:49","guid":{"rendered":"http:\/\/hkzr.hr\/hr\/?page_id=2327"},"modified":"2018-05-28T09:47:28","modified_gmt":"2018-05-28T09:47:28","slug":"odricanje-od-odgovornosti","status":"publish","type":"page","link":"https:\/\/hkzr.hr\/hr\/odricanje-od-odgovornosti\/","title":{"rendered":"Odricanje od odgovornosti"},"content":{"rendered":"<p>Analiza web stranice je informativnog karaktera, te Hrvatska komora zdravstvenih radnika ne preuzima bilo kakvu odgovornost za eventualnu financijsku i materijalnu \u0161tetu koja mo\u017ee nastati njezinom upotrebom. Hrvatska komora zdravstvenih radnika ne\u0107e biti odgovorna za sadr\u017eaj analize niti za na\u010din na koji se taj sadr\u017eaj upotrebljava. Savjeti navedeni u analizi isporu\u010duju se naru\u010ditelju \u201ctakvi kakvi jesu\u201d bez bilo kakvog jamstva ili obe\u0107anja.<\/p>\n","protected":false},"excerpt":{"rendered":"<p>Analiza web stranice je informativnog karaktera, te Hrvatska komora zdravstvenih radnika ne preuzima bilo kakvu odgovornost za eventualnu financijsku i materijalnu \u0161tetu koja mo\u017ee nastati njezinom upotrebom. Hrvatska komora zdravstvenih radnika ne\u0107e biti odgovorna za sadr\u017eaj analize niti za na\u010din na koji se taj sadr\u017eaj upotrebljava. Savjeti navedeni u analizi isporu\u010duju se naru\u010ditelju \u201ctakvi kakvi <\/p>\n","protected":false},"author":2,"featured_media":0,"parent":0,"menu_order":0,"comment_status":"closed","ping_status":"closed","template":"","meta":{"footnotes":""},"yst_prominent_words":[],"class_list":["post-2327","page","type-page","status-publish"],"_links":{"self":[{"href":"https:\/\/hkzr.hr\/hr\/wp-json\/wp\/v2\/pages\/2327","targetHints":{"allow":["GET"]}}],"collection":[{"href":"https:\/\/hkzr.hr\/hr\/wp-json\/wp\/v2\/pages"}],"about":[{"href":"https:\/\/hkzr.hr\/hr\/wp-json\/wp\/v2\/types\/page"}],"author":[{"embeddable":true,"href":"https:\/\/hkzr.hr\/hr\/wp-json\/wp\/v2\/users\/2"}],"replies":[{"embeddable":true,"href":"https:\/\/hkzr.hr\/hr\/wp-json\/wp\/v2\/comments?post=2327"}],"version-history":[{"count":2,"href":"https:\/\/hkzr.hr\/hr\/wp-json\/wp\/v2\/pages\/2327\/revisions"}],"predecessor-version":[{"id":2347,"href":"https:\/\/hkzr.hr\/hr\/wp-json\/wp\/v2\/pages\/2327\/revisions\/2347"}],"wp:attachment":[{"href":"https:\/\/hkzr.hr\/hr\/wp-json\/wp\/v2\/media?parent=2327"}],"wp:term":[{"taxonomy":"yst_prominent_words","embeddable":true,"href":"https:\/\/hkzr.hr\/hr\/wp-json\/wp\/v2\/yst_prominent_words?post=2327"}],"curies":[{"name":"wp","href":"https:\/\/api.w.org\/{rel}","templated":true}]}}