{"id":2325,"date":"2018-05-25T11:50:17","date_gmt":"2018-05-25T11:50:17","guid":{"rendered":"http:\/\/hkzr.hr\/hr\/?page_id=2325"},"modified":"2018-05-28T09:47:03","modified_gmt":"2018-05-28T09:47:03","slug":"kolacici","status":"publish","type":"page","link":"https:\/\/hkzr.hr\/hr\/kolacici\/","title":{"rendered":"Kola\u010di\u0107i"},"content":{"rendered":"<p>Kako bi se osigurao ispravan rad web stranice, ponekad na va\u0161e ure\u0111aje pohranjujemo male podatkovne datoteke poznate pod nazivom kola\u010di\u0107i. Isto \u010dini i ve\u0107ina velikih web-mjesta.<\/p>\n<p>\u0160to su kola\u010di\u0107i?<\/p>\n<p>Kola\u010di\u0107 je mala tekstna datoteka koja se pohranjuje na ra\u010dunalo ili mobilni ure\u0111aj pri posjetu odre\u0111enom web-mjestu. S pomo\u0107u kola\u010di\u0107a web-mjesto pamti va\u0161e radnje i \u017eeljene postavke (poput prijave, jezika, veli\u010dine fonta i drugih \u017eeljenih postavki koje se odnose na prikaz) tijekom duljeg razdoblja, pa ih nije potrebno ponovno unositi pri svakom povratku na web-mjesto odnosno pri pregledavanju njegovih razli\u010ditih stranica.<\/p>\n<p>Kola\u010di\u0107i (cookies) su podaci poslani sa web stranice i spremljeni na korisnikov internet preglednik, u toku pregledavanja web stranice. Svakim kori\u0161tenjem web stranice, preglednik \u0161alje kola\u010di\u0107e natrag na server, kako bi informirao web stranicu o prethodnim aktivnostima korisnika.<\/p>\n<p>Kola\u010di\u0107i su dizajnirani kao pouzdani mehanizmi za pam\u0107enje informacija (kao \u0161to su npr. proizvodi ko\u0161arice), ili da bilje\u017ee druge korisnikove aktivnosti (klikanje na odre\u0111ene linkove, logiranje, posje\u0107ene stranice i sl..)<\/p>\n<p>Kako se kontroliraju kola\u010di\u0107i?<\/p>\n<p>Kola\u010di\u0107e mo\u017eete kontrolirati i\/ili izbrisati prema \u017eelji. Vi\u0161e informacija potra\u017eite na: aboutcookies.org.\u00a0 Mo\u017eete izbrisati sve kola\u010di\u0107e koji su ve\u0107 pohranjeni na ra\u010dunalu, a postavke ve\u0107ine preglednika omogu\u0107uju blokiranje pohrane kola\u010di\u0107a. Ako blokirate kola\u010di\u0107e, mo\u017eda \u0107ete pri svakom posjetu web-mjestu morati ru\u010dno prilago\u0111ivati neke \u017eeljene postavke, a odre\u0111ene usluge i funkcije mo\u017eda ne\u0107e biti dostupne.<\/p>\n","protected":false},"excerpt":{"rendered":"<p>Kako bi se osigurao ispravan rad web stranice, ponekad na va\u0161e ure\u0111aje pohranjujemo male podatkovne datoteke poznate pod nazivom kola\u010di\u0107i. Isto \u010dini i ve\u0107ina velikih web-mjesta. \u0160to su kola\u010di\u0107i? Kola\u010di\u0107 je mala tekstna datoteka koja se pohranjuje na ra\u010dunalo ili mobilni ure\u0111aj pri posjetu odre\u0111enom web-mjestu. S pomo\u0107u kola\u010di\u0107a web-mjesto pamti va\u0161e radnje i \u017eeljene <\/p>\n","protected":false},"author":2,"featured_media":0,"parent":0,"menu_order":0,"comment_status":"closed","ping_status":"closed","template":"","meta":{"footnotes":""},"yst_prominent_words":[],"class_list":["post-2325","page","type-page","status-publish"],"_links":{"self":[{"href":"https:\/\/hkzr.hr\/hr\/wp-json\/wp\/v2\/pages\/2325","targetHints":{"allow":["GET"]}}],"collection":[{"href":"https:\/\/hkzr.hr\/hr\/wp-json\/wp\/v2\/pages"}],"about":[{"href":"https:\/\/hkzr.hr\/hr\/wp-json\/wp\/v2\/types\/page"}],"author":[{"embeddable":true,"href":"https:\/\/hkzr.hr\/hr\/wp-json\/wp\/v2\/users\/2"}],"replies":[{"embeddable":true,"href":"https:\/\/hkzr.hr\/hr\/wp-json\/wp\/v2\/comments?post=2325"}],"version-history":[{"count":2,"href":"https:\/\/hkzr.hr\/hr\/wp-json\/wp\/v2\/pages\/2325\/revisions"}],"predecessor-version":[{"id":2346,"href":"https:\/\/hkzr.hr\/hr\/wp-json\/wp\/v2\/pages\/2325\/revisions\/2346"}],"wp:attachment":[{"href":"https:\/\/hkzr.hr\/hr\/wp-json\/wp\/v2\/media?parent=2325"}],"wp:term":[{"taxonomy":"yst_prominent_words","embeddable":true,"href":"https:\/\/hkzr.hr\/hr\/wp-json\/wp\/v2\/yst_prominent_words?post=2325"}],"curies":[{"name":"wp","href":"https:\/\/api.w.org\/{rel}","templated":true}]}}