{"id":2323,"date":"2018-05-25T11:49:48","date_gmt":"2018-05-25T11:49:48","guid":{"rendered":"http:\/\/hkzr.hr\/hr\/?page_id=2323"},"modified":"2018-05-25T11:49:48","modified_gmt":"2018-05-25T11:49:48","slug":"dpo-na-zahtjev","status":"publish","type":"page","link":"https:\/\/hkzr.hr\/hr\/dpo-na-zahtjev\/","title":{"rendered":"DPO na zahtjev"},"content":{"rendered":"<a class=\"wordpress-gdpr-back-link\" href=\"https:\/\/hkzr.hr\/hr\/zastita-privatnosti\/\">&larr; Natrag na GDPR privatnost<\/a><form action=\"\/hr\/wp-json\/wp\/v2\/pages\/2323\" class=\"wordpress-gdpr-form wordpress-gdpr-form-contact-dpo\" method=\"post\"><input type=\"hidden\" name=\"wordpress_gdpr_form_type\" value=\"contact-dpo\"><div class=\"form-group\"><label for=\"gdpr_firstname\">Va\u0161e ime (*)<\/label><input class=\"form-control\" type=\"text\" name=\"gdpr_firstname\" value=\"\" required \/><\/div><div class=\"form-group\"><label for=\"gdpr_lastname\">Va\u0161e Prezime (*)<\/label><input class=\"form-control\" type=\"text\" name=\"gdpr_lastname\" value=\"\" required \/><\/div><div class=\"form-group\"><label for=\"gdpr_email\">Va\u0161 Email (*)<\/label><input class=\"form-control\" type=\"email\" name=\"gdpr_email\" value=\"\" required \/><\/div><div class=\"form-group\"><label for=\"gdpr_message\">Va\u0161a Poruka (*)<\/label><textarea class=\"form-control\" name=\"gdpr_message\" required \/><\/textarea><\/div><div class=\"form-group\"><label for=\"gdpr_terms\"><input class=\"form-control\" type=\"checkbox\" name=\"gdpr_terms\" value=\"1\" required \/>Sla\u017eem se s pravilima o privatnosti i da \u0107e se moji podaci pohraniti na ovaj zahtjev za GDPR.<\/label><\/div><input type=\"submit\" name=\"gdpr_submitted\" value=\"Po\u0161alji\"\/><\/form>\n","protected":false},"excerpt":{"rendered":"&larr; Natrag na GDPR privatnostVa\u0161e ime (*)Va\u0161e Prezime (*)Va\u0161 Email (*)Va\u0161a Poruka (*)Sla\u017eem se s pravilima o privatnosti i da \u0107e se moji podaci pohraniti na ovaj zahtjev za GDPR.","protected":false},"author":2,"featured_media":0,"parent":0,"menu_order":0,"comment_status":"closed","ping_status":"closed","template":"","meta":{"footnotes":""},"yst_prominent_words":[],"class_list":["post-2323","page","type-page","status-publish"],"_links":{"self":[{"href":"https:\/\/hkzr.hr\/hr\/wp-json\/wp\/v2\/pages\/2323","targetHints":{"allow":["GET"]}}],"collection":[{"href":"https:\/\/hkzr.hr\/hr\/wp-json\/wp\/v2\/pages"}],"about":[{"href":"https:\/\/hkzr.hr\/hr\/wp-json\/wp\/v2\/types\/page"}],"author":[{"embeddable":true,"href":"https:\/\/hkzr.hr\/hr\/wp-json\/wp\/v2\/users\/2"}],"replies":[{"embeddable":true,"href":"https:\/\/hkzr.hr\/hr\/wp-json\/wp\/v2\/comments?post=2323"}],"version-history":[{"count":1,"href":"https:\/\/hkzr.hr\/hr\/wp-json\/wp\/v2\/pages\/2323\/revisions"}],"predecessor-version":[{"id":2324,"href":"https:\/\/hkzr.hr\/hr\/wp-json\/wp\/v2\/pages\/2323\/revisions\/2324"}],"wp:attachment":[{"href":"https:\/\/hkzr.hr\/hr\/wp-json\/wp\/v2\/media?parent=2323"}],"wp:term":[{"taxonomy":"yst_prominent_words","embeddable":true,"href":"https:\/\/hkzr.hr\/hr\/wp-json\/wp\/v2\/yst_prominent_words?post=2323"}],"curies":[{"name":"wp","href":"https:\/\/api.w.org\/{rel}","templated":true}]}}