{"id":2319,"date":"2018-05-25T11:49:06","date_gmt":"2018-05-25T11:49:06","guid":{"rendered":"http:\/\/hkzr.hr\/hr\/?page_id=2319"},"modified":"2018-05-25T11:49:16","modified_gmt":"2018-05-25T11:49:16","slug":"zastita-privatnosti","status":"publish","type":"page","link":"https:\/\/hkzr.hr\/hr\/zastita-privatnosti\/","title":{"rendered":"Za\u0161tita privatnosti"},"content":{"rendered":"<div class=\"wordpress-gdpr-privacy-center\"><div class=\"wordpress-gdpr-privacy-center-items\"><a href=\"https:\/\/hkzr.hr\/hr\/dpo-na-zahtjev\/\" class=\"wordpress-gdpr-privacy-center-item\"><div class=\"wordpress-gdpr-privacy-center-item-dpo\"><i class=\"fa fa-user-circle-o\"><\/i><h2 class=\"wordpress-gdpr-privacy-center-item-headline\">DPO na zahtjev<\/h2><p class=\"wordpress-gdpr-privacy-center-item-desc\">Obratite se na\u0161em slu\u017ebeniku za za\u0161titu podataka.<\/p><div class=\"wordpress-gdpr-privacy-center-item-action\">Saznaj Vi\u0161e<\/div><\/div><\/a><a href=\"https:\/\/hkzr.hr\/hr\/kolacici\/\" class=\"wordpress-gdpr-privacy-center-item\"><div class=\"wordpress-gdpr-privacy-center-item-cookie-policy\"><i class=\"fa fa-list-alt\"><\/i><h2 class=\"wordpress-gdpr-privacy-center-item-headline\">Prihva\u0107anje kola\u010di\u0107a<\/h2><p class=\"wordpress-gdpr-privacy-center-item-desc\">Pro\u010ditajte vi\u0161e o na\u0161im pravilima o kola\u010di\u0107ima.<\/p><div class=\"wordpress-gdpr-privacy-center-item-action\">Saznaj Vi\u0161e<\/div><\/div><\/a><a href=\"https:\/\/hkzr.hr\/hr\/odricanje-od-odgovornosti\/\" class=\"wordpress-gdpr-privacy-center-item\"><div class=\"wordpress-gdpr-privacy-center-item-disclaimer\"><i class=\"fa fa-gavel\"><\/i><h2 class=\"wordpress-gdpr-privacy-center-item-headline\">Odricanje od odgovornosti<\/h2><p class=\"wordpress-gdpr-privacy-center-item-desc\">Saznajte vi\u0161e o na\u0161im obvezama.<\/p><div class=\"wordpress-gdpr-privacy-center-item-action\">Saznaj Vi\u0161e<\/div><\/div><\/a><a href=\"https:\/\/hkzr.hr\/hr\/zaboravi-me\/\" class=\"wordpress-gdpr-privacy-center-item\"><div class=\"wordpress-gdpr-privacy-center-item-forget-me\"><i class=\"fa fa-eraser\"><\/i><h2 class=\"wordpress-gdpr-privacy-center-item-headline\">Zaboravi me<\/h2><p class=\"wordpress-gdpr-privacy-center-item-desc\">Po\u0161aljite zahtjev za brisanje va\u0161ih privatnih podataka.<\/p><div class=\"wordpress-gdpr-privacy-center-item-action\">Saznaj Vi\u0161e<\/div><\/div><\/a><a href=\"https:\/\/hkzr.hr\/hr\/otisak\/\" class=\"wordpress-gdpr-privacy-center-item\"><div class=\"wordpress-gdpr-privacy-center-item-imprint\"><i class=\"fa fa-file-text-o\"><\/i><h2 class=\"wordpress-gdpr-privacy-center-item-headline\">Otisak<\/h2><p class=\"wordpress-gdpr-privacy-center-item-desc\">Saznajte vi\u0161e o na\u0161em vlasni\u0161tvu i autorstvu.<\/p><div class=\"wordpress-gdpr-privacy-center-item-action\">Saznaj Vi\u0161e<\/div><\/div><\/a><a href=\"https:\/\/hkzr.hr\/hr\/pristup-podacima\/\" class=\"wordpress-gdpr-privacy-center-item\"><div class=\"wordpress-gdpr-privacy-center-item-request-data\"><i class=\"fa fa-database\"><\/i><h2 class=\"wordpress-gdpr-privacy-center-item-headline\">Zatra\u017eite podatke<\/h2><p class=\"wordpress-gdpr-privacy-center-item-desc\">Po\u0161aljite zahtjev za dobivanje kopije svih Va\u0161ih pohranjenih podataka.<\/p><div class=\"wordpress-gdpr-privacy-center-item-action\">Saznaj Vi\u0161e<\/div><\/div><\/a><a href=\"https:\/\/hkzr.hr\/hr\/pravila-o-privatnosti\/\" class=\"wordpress-gdpr-privacy-center-item\"><div class=\"wordpress-gdpr-privacy-center-item-privacy-policy\"><i class=\"fa fa-file-text\"><\/i><h2 class=\"wordpress-gdpr-privacy-center-item-headline\">Pravila o privatnosti<\/h2><p class=\"wordpress-gdpr-privacy-center-item-desc\">Ovdje pro\u010ditajte na\u0161e Pravilo o privatnosti.<\/p><div class=\"wordpress-gdpr-privacy-center-item-action\">Saznaj Vi\u0161e<\/div><\/div><\/a><a href=\"https:\/\/hkzr.hr\/hr\/postavke-privatnosti\/\" class=\"wordpress-gdpr-privacy-center-item\"><div class=\"wordpress-gdpr-privacy-center-item-privacy-settings\"><i class=\"fa fa-user-secret\"><\/i><h2 class=\"wordpress-gdpr-privacy-center-item-headline\">Postavke privatnosti<\/h2><p class=\"wordpress-gdpr-privacy-center-item-desc\">Ovdje konfigurirajte postavke privatnosti.<\/p><div class=\"wordpress-gdpr-privacy-center-item-action\">Saznaj Vi\u0161e<\/div><\/div><\/a><a href=\"https:\/\/hkzr.hr\/hr\/uvjeti-koristenja\/\" class=\"wordpress-gdpr-privacy-center-item\"><div class=\"wordpress-gdpr-privacy-center-item-terms-conditions\"><i class=\"fa fa-align-left\"><\/i><h2 class=\"wordpress-gdpr-privacy-center-item-headline\">Uvjeti kori\u0161tenja<\/h2><p class=\"wordpress-gdpr-privacy-center-item-desc\">Pro\u010ditajte vi\u0161e o Uvjetima i odredbama na\u0161e web stranice.<\/p><div class=\"wordpress-gdpr-privacy-center-item-action\">Saznaj Vi\u0161e<\/div><\/div><\/a><a href=\"https:\/\/hkzr.hr\/hr\/otkazi-pretplatu\/\" class=\"wordpress-gdpr-privacy-center-item\"><div class=\"wordpress-gdpr-privacy-center-item-unsubscribe\"><i class=\"fa fa-envelope\"><\/i><h2 class=\"wordpress-gdpr-privacy-center-item-headline\">Otka\u017ei pretplatu<\/h2><p class=\"wordpress-gdpr-privacy-center-item-desc\">Otka\u017eite pretplatu na na\u0161im newsletterima.<\/p><div class=\"wordpress-gdpr-privacy-center-item-action\">Saznaj Vi\u0161e<\/div><\/div><\/a><\/div><\/div>\n","protected":false},"excerpt":{"rendered":"DPO na zahtjevObratite se na\u0161em slu\u017ebeniku za za\u0161titu podataka.Saznaj Vi\u0161ePrihva\u0107anje kola\u010di\u0107aPro\u010ditajte vi\u0161e o na\u0161im pravilima o kola\u010di\u0107ima.Saznaj Vi\u0161eOdricanje od odgovornostiSaznajte vi\u0161e o na\u0161im obvezama.Saznaj Vi\u0161eZaboravi mePo\u0161aljite zahtjev za brisanje va\u0161ih privatnih podataka.Saznaj Vi\u0161eOtisakSaznajte vi\u0161e o na\u0161em vlasni\u0161tvu i autorstvu.Saznaj Vi\u0161eZatra\u017eite podatkePo\u0161aljite zahtjev za dobivanje kopije svih Va\u0161ih pohranjenih podataka.Saznaj Vi\u0161ePravila o privatnostiOvdje pro\u010ditajte na\u0161e Pravilo ","protected":false},"author":2,"featured_media":0,"parent":0,"menu_order":0,"comment_status":"closed","ping_status":"closed","template":"","meta":{"footnotes":""},"yst_prominent_words":[],"class_list":["post-2319","page","type-page","status-publish"],"_links":{"self":[{"href":"https:\/\/hkzr.hr\/hr\/wp-json\/wp\/v2\/pages\/2319","targetHints":{"allow":["GET"]}}],"collection":[{"href":"https:\/\/hkzr.hr\/hr\/wp-json\/wp\/v2\/pages"}],"about":[{"href":"https:\/\/hkzr.hr\/hr\/wp-json\/wp\/v2\/types\/page"}],"author":[{"embeddable":true,"href":"https:\/\/hkzr.hr\/hr\/wp-json\/wp\/v2\/users\/2"}],"replies":[{"embeddable":true,"href":"https:\/\/hkzr.hr\/hr\/wp-json\/wp\/v2\/comments?post=2319"}],"version-history":[{"count":3,"href":"https:\/\/hkzr.hr\/hr\/wp-json\/wp\/v2\/pages\/2319\/revisions"}],"predecessor-version":[{"id":2322,"href":"https:\/\/hkzr.hr\/hr\/wp-json\/wp\/v2\/pages\/2319\/revisions\/2322"}],"wp:attachment":[{"href":"https:\/\/hkzr.hr\/hr\/wp-json\/wp\/v2\/media?parent=2319"}],"wp:term":[{"taxonomy":"yst_prominent_words","embeddable":true,"href":"https:\/\/hkzr.hr\/hr\/wp-json\/wp\/v2\/yst_prominent_words?post=2319"}],"curies":[{"name":"wp","href":"https:\/\/api.w.org\/{rel}","templated":true}]}}