{"id":2122,"date":"2012-02-03T22:48:38","date_gmt":"2012-02-03T21:48:38","guid":{"rendered":"http:\/\/hkzr.hr\/hr\/?page_id=882"},"modified":"2024-10-03T09:44:59","modified_gmt":"2024-10-03T09:44:59","slug":"zakoni-i-ostali-propisi","status":"publish","type":"page","link":"https:\/\/hkzr.hr\/hr\/dokumenti\/zakoni-i-ostali-propisi\/","title":{"rendered":"Zakoni i ostali propisi"},"content":{"rendered":"<p>[vc_row][vc_column][vc_column_text]<strong>ZAKONI<\/strong><\/p>\n<ul>\n<li><a href=\"https:\/\/hkzr.hr\/hr\/wp-content\/uploads\/2023\/10\/Zakon-o-izmjenama-i-dopunama-Zakona-o-reguliranim-profesijama-i-priznavanju-inozemnih-stru\u010dnih-kvalifikacija.pdf\">Zakon o izmjenama i dopunama Zakona o reguliranim profesijama i priznavanju inozemnih stru\u010dnih kvalifikacija NN 123\/2023<\/a><\/li>\n<li>Zakon o op\u0107em upravnom postupku (NN\u00a0\u00a0<a href=\"http:\/\/narodne-novine.nn.hr\/clanci\/sluzbeni\/2009_04_47_1065.html\">47\/09 i\u00a0\u00a0<\/a>NN\u00a0<a href=\"https:\/\/narodne-novine.nn.hr\/clanci\/sluzbeni\/2021_10_110_1930.html\">110\/21<\/a>)<\/li>\n<li><a href=\"https:\/\/zakon.hr\/z\/65\/Zakon-o-op%C4%87em-upravnom-postupku?msclkid=10adbad6cf9e11ec877bed102802f43e\">Zakon o op\u0107em upravnom postupku\u00a0<\/a>\u00a0(NN\u00a0<a href=\"https:\/\/www.zakon.hr\/cms.htm?id=50194\">47\/09<\/a>,\u00a0<a href=\"https:\/\/www.zakon.hr\/cms.htm?id=50191\">110\/21<\/a>)<\/li>\n<li>Zakon o upravnim pristojbama (NN\u00a0<a href=\"https:\/\/narodne-novine.nn.hr\/clanci\/sluzbeni\/2016_12_115_2521.html\">115\/16<\/a>)<\/li>\n<li>Zakon o pe\u010datima i \u017eigovima s grbom Republike Hrvatske (NN\u00a0\u00a0<a href=\"http:\/\/narodne-novine.nn.hr\/clanci\/sluzbeni\/1995_05_33_647.html\">33\/95<\/a>)<\/li>\n<li>Zakon o pravu na pristup informacijama (\u201cNarodne novine\u201d, br.\u00a0<a href=\"https:\/\/narodne-novine.nn.hr\/clanci\/sluzbeni\/2013_02_25_403.html\">25\/13<\/a>,\u00a0<a href=\"https:\/\/narodne-novine.nn.hr\/clanci\/sluzbeni\/2015_08_85_1649.html\">85\/15<\/a>)<\/li>\n<li>Zakon o pravu na pristup informacijama (\u201cNarodne novine\u201d, br. <a href=\"http:\/\/www.zakon.hr\/cms.htm?id=12099\" target=\"_blank\" rel=\"noopener\">25\/13<\/a>,\u00a0<a href=\"http:\/\/www.zakon.hr\/cms.htm?id=12101\" target=\"_blank\" rel=\"noopener\">85\/15<\/a>,\u00a0<a href=\"https:\/\/www.zakon.hr\/cms.htm?id=52735\" target=\"_blank\" rel=\"noopener\">69\/22<\/a>) na snazi od 25.06.2022.<\/li>\n<li>Zakon o provedbi Op\u0107e uredbe o za\u0161titi podataka (\u201cNarodne novine\u201d, br.\u00a0<a href=\"https:\/\/narodne-novine.nn.hr\/clanci\/sluzbeni\/2018_05_42_805.html\">42\/18<\/a>)<\/li>\n<li>Zakon o arhivskom gradivu i arhivima (\u201cNarodne novine\u201d, br.\u00a0<a href=\"https:\/\/narodne-novine.nn.hr\/clanci\/sluzbeni\/2018_07_61_1265.html\">61\/18<\/a>,\u00a0<a href=\"https:\/\/narodne-novine.nn.hr\/clanci\/sluzbeni\/2019_10_98_1948.html\">98\/19<\/a>)<\/li>\n<li><a href=\"https:\/\/www.zakon.hr\/z\/499\/Zakon-o-reguliranim-profesijama-i-priznavanju-inozemnih-stru%C4%8Dnih-kvalifikacija\">Zakon o reguliranim profesijama i priznavanju inozemnih stru\u010dnih\u00a0kvalifikacija<\/a>\u00a0(<a href=\"http:\/\/narodne-novine.nn.hr\/clanci\/sluzbeni\/2009_10_124_3045.html\">NN, br. 124\/2009<\/a>,\u00a0<a href=\"http:\/\/narodne-novine.nn.hr\/clanci\/sluzbeni\/2011_04_45_1050.html\">NN, br. 45\/2011<\/a>,\u00a0<a href=\"http:\/\/narodne-novine.nn.hr\/clanci\/sluzbeni\/2015_07_82_1569.html\">NN, br. 82\/2015<\/a>,\u00a0<a href=\"https:\/\/narodne-novine.nn.hr\/clanci\/sluzbeni\/2019_07_70_1452.html\">NN, br. 70\/2019<\/a>,\u00a0<a href=\"https:\/\/narodne-novine.nn.hr\/clanci\/sluzbeni\/2020_04_47_948.html\">NN br. 47\/2020<\/a>)<\/li>\n<li><a href=\"http:\/\/narodne-novine.nn.hr\/clanci\/sluzbeni\/2009_07_87_2127.html\">Zakon o djelatnostima u zdravstvu<\/a>\u00a0(\u00bbNarodne novine\u00ab br. 87\/09)<\/li>\n<li><a href=\"https:\/\/zakon.hr\/z\/190\/Zakon-o-zdravstvenoj-za%C5%A1titi?msclkid=8cb4e521d06411ec8f27fa8143158828\">Zakon o zdravstvenoj za\u0161titi <\/a>NN\u00a0<a href=\"https:\/\/www.zakon.hr\/cms.htm?id=42307\">100\/18<\/a>,\u00a0<a href=\"https:\/\/www.zakon.hr\/cms.htm?id=42305\">125\/19<\/a>,\u00a0<a href=\"https:\/\/www.zakon.hr\/cms.htm?id=46858\">147\/20<\/a><\/li>\n<li><a href=\"https:\/\/zakon.hr\/z\/333\/Zakon-o-upravnim-pristojbama\" target=\"_blank\" rel=\"noopener\">Zakon o upravnim pristojbama (\u201eNarodne novine\u201c br. 115\/16, 114\/22)<\/a><\/li>\n<li><a href=\"https:\/\/zakon.hr\/z\/190\/Zakon-o-zdravstvenoj-za%C5%A1titi\" target=\"_blank\" rel=\"noopener\">Zakon o zdravstvenoj za\u0161titi (\u201eNarodne novine\u201c br. 100\/18, 125\/19, 133\/20, 147\/20, 136\/21, 119\/22, 156\/22, 33\/23)<\/a><\/li>\n<li><a href=\"https:\/\/hkzr.hr\/hr\/wp-content\/uploads\/2024\/04\/Zakon-o-izmjenama-i-dopunama-Zakona-o-zdravstvenoj-za\u0161titi.html\">Zakon o izmjenama i dopunama Zakona o zdravstvenoj za\u0161titi<\/a><br \/>\n<a href=\"https:\/\/hkzr.hr\/hr\/wp-content\/uploads\/2024\/04\/Zakon-o-izmjenama-i-dopunama-Zakona-o-zdravstvenoj-za\u0161titi.html\">NN 36\/2024, (579), zakon, 25.3.2024.<\/a><\/li>\n<\/ul>\n<p><strong>UREDBE<br \/>\n<\/strong><\/p>\n<ul>\n<li>Uredba o uredskom poslovanju (NN\u00a0\u00a0<a href=\"http:\/\/narodne-novine.nn.hr\/clanci\/sluzbeni\/2009_01_7_171.html\">7\/09<\/a>\u00a0i\u00a0<a href=\"https:\/\/narodne-novine.nn.hr\/clanci\/sluzbeni\/2021_07_75_1415.html\">75\/21<\/a>)<\/li>\n<li><a href=\"http:\/\/hkzr.hr\/hr\/wp-content\/uploads\/2021\/05\/Op%C4%87a-uredba-o-za%C5%A1titi-podataka-SL-EU-L119.pdf\">Op\u0107a uredba o za\u0161titi podataka (SL EU L119)<\/a><\/li>\n<li><a href=\"https:\/\/www.zakon.hr\/cms.htm?id=55507\" target=\"_blank\" rel=\"noopener\">NN 156\/2022 (30.12.2022.), Uredba o Tarifi upravnih pristojbi<\/a><\/li>\n<\/ul>\n<p><strong>DIREKTIVE<\/strong><strong>\u00a0<\/strong><\/p>\n<ul>\n<li><a href=\"http:\/\/ec.europa.eu\/internal_market\/qualifications\/policy_developments\/legislation\/index_en.htm\">Direktiva 2005\/36\/EZ<\/a><\/li>\n<li><a href=\"https:\/\/eur-lex.europa.eu\/legal-content\/HR\/TXT\/PDF\/?uri=CELEX:32013L0055&amp;from=EN%20\">Direktiva 2013\/55\/EU<\/a><\/li>\n<\/ul>\n<p>&nbsp;<\/p>\n<p><strong>PRAVILNICI<\/strong><\/p>\n<ul>\n<li><a href=\"http:\/\/hkzr.hr\/hr\/wp-content\/uploads\/2012\/02\/pravilnik-o-pripravni%C4%8Dkom-sta%C5%BEu-zdravstvenih-radnika.pdf\">Pravilnik o pripravni\u010dkom sta\u017eu zdravstvenih radnika<\/a><\/li>\n<li><a href=\"http:\/\/hkzr.hr\/hr\/wp-content\/uploads\/2012\/02\/Pravilnik-o-mjerilima-za-primanje-zdravstvenih-radnika-na-pripravni%C4%8Dki-sta%C5%BE.pdf\">Pravilnik o mjerilima za primanje zdravstvenih radnika na pripravni\u010dki sta\u017e<br \/>\n<\/a><\/li>\n<li><a href=\"http:\/\/hkzr.hr\/hr\/wp-content\/uploads\/2012\/02\/Pravilnik-o-mjerilima-za-priznavanje-inozemnih-stru%C4%8Dnih-kvalifikacija.pdf\">Pravilnik o mjerilima za priznavanje inozemnih stru\u010dnih kvalifikacija<\/a><a href=\"http:\/\/hkzr.hr\/hr\/wp-content\/uploads\/2012\/02\/Pravilnik-o-mjerilima-za-primanje-zdravstvenih-radnika-na-pripravni%C4%8Dki-sta%C5%BE.pdf\"><br \/>\n<\/a><\/li>\n<li><a href=\"http:\/\/hkzr.hr\/hr\/wp-content\/uploads\/2012\/02\/Pravilnik-o-minimalnim-uvjetima-u-pogledu-prostora-radnika-i-medicinsko-tehni%C4%8Dke-opreme-za-obavljanje-zdravstvene-djelatnosti.pdf\">Pravilnik o minimalnim uvjetima u pogledu prostora, radnika i medicinsko-tehni\u010dke opreme za obavljanje zdravstvene djelatnosti<\/a><\/li>\n<\/ul>\n<p>&nbsp;<\/p>\n<p><strong>ODLUKE<\/strong><\/p>\n<ul>\n<li><a href=\"https:\/\/hkzr.hr\/hr\/wp-content\/uploads\/2023\/10\/Odluka-o-dono\u0161enju-Plana-i-programa-mjera-zdravstvene-za\u0161tite-2023.-2026..pdf\">Odluka o dono\u0161enju Plana i programa mjera zdravstvene za\u0161tite 2023. &#8211; 2026.<\/a><\/li>\n<li><a href=\"https:\/\/www.hlk.hr\/EasyEdit\/UserFiles\/propisi\/2021\/odluka-o-donosenju-plana-i-programa-mjera-zdravstvene-zastite-2020-2022-142-20.pdf\">Odluka o dono\u0161enju Plana i programa mjera zdravstvene za\u0161tite 2020. \u2013 2022. (\u201eNarodne novine\u201c br. 142\/20)<\/a><\/li>\n<li><a href=\"https:\/\/www.hlk.hr\/EasyEdit\/UserFiles\/propisi\/2021\/prilog-plan-i-program-mjera-zdravstvene-zastite-2020-2022-142-20.pdf\">Plan i program mjera zdravstvene za\u0161tite 2020. \u2013 2022.<\/a><\/li>\n<\/ul>\n<p>&nbsp;<\/p>\n<p><strong>KOLEKTIVNI UGOVORI<\/strong><\/p>\n<ul>\n<li><a href=\"https:\/\/www.hlk.hr\/EasyEdit\/UserFiles\/propisi\/temeljeni-kolektivni-ugovor-za-sluzbenike-i-namjestenike-u-javnim-sluzbama-128-17.pdf\">Temeljni kolektivni ugovor za slu\u017ebenike i namje\u0161tenike u javnim slu\u017ebama (&#8220;Narodne novine&#8221; br. 128\/17)<\/a><\/li>\n<li><a href=\"https:\/\/www.hlk.hr\/EasyEdit\/UserFiles\/propisi\/dopuna-temeljenom-kolektivnom-ugovoru-za-sluzbenike-i-namjestenike-u-javnim-sluzbama-47-18.pdf\">Dopuna Temeljnog kolektivnog ugovora za slu\u017ebenike i namje\u0161tenike u javnim slu\u017ebama (&#8220;Narodne novine&#8221; br. 47\/18)<\/a><\/li>\n<li><a href=\"https:\/\/www.hlk.hr\/EasyEdit\/UserFiles\/propisi\/2019-2020\/dodatak-temeljenom-kolektivnom-ugovoru-za-sluzbenike-i-namjestenike-u-javnim-sluzbama-123-19.pdf\">Dodatak Temeljnom kolektivnom ugovoru za slu\u017ebenike i namje\u0161tenike u javnim slu\u017ebama (\u201eNarodne novine\u201c br. 123\/19)<\/a><\/li>\n<li><a href=\"https:\/\/hkzr.hr\/hr\/wp-content\/uploads\/2023\/10\/Dodatak-III.-Temeljnom-kolektivnom-ugovoru-za-slu\u017ebenike-i-namje\u0161tenike-u-javnim-slu\u017ebama.pdf\">Dodatak III. Temeljnom kolektivnom ugovoru za slu\u017ebenike i namje\u0161tenike u javnim slu\u017ebama NN 128\/2023<\/a><\/li>\n<li><a href=\"https:\/\/www.hlk.hr\/EasyEdit\/UserFiles\/propisi\/2019-2020\/dodatak-ii-temeljenom-kolektivnom-ugovoru-za-sluzbenike-i-namjestenike-u-javnim-sluzbama-66-20.pdf\">Dodatak II. Temeljnom kolektivnom ugovoru za slu\u017ebenike i namje\u0161tenike u javnim slu\u017ebama (\u201eNarodne novine\u201c 66\/20)<\/a><\/li>\n<li><a href=\"https:\/\/www.hlk.hr\/EasyEdit\/UserFiles\/propisi\/2019-2020\/sporazum-o-osnovici-za-izracun-place-u-javnim-sluzbama-2-19.pdf\">Sporazum o osnovici za izra\u010dun pla\u0107e u javnim slu\u017ebama (\u201eNarodne novine\u201c 2\/19)<\/a><\/li>\n<li><a href=\"https:\/\/www.hlk.hr\/EasyEdit\/UserFiles\/propisi\/kolektivni-ugovor-za-djelatnost-zdravstva-i-zdravstvenog-osiguranja-nn-29-18.pdf\">Kolektivni ugovor za djelatnost zdravstva i zdravstvenog osiguranja (&#8220;Narodne novine&#8221; br. 29\/18)<\/a><\/li>\n<li><a href=\"https:\/\/www.hlk.hr\/EasyEdit\/UserFiles\/propisi\/dodatak-i-kolektivnom-ugovoru-za-djelatnost-zdravstva-i-zdravstvenog-osiguranja-nn-35-19.pdf\">Dodatak I. Kolektivnom ugovoru za djelatnost zdravstva i zdravstvenog osiguranja (&#8220;Narodne novine&#8221; br. 35\/19)<\/a><\/li>\n<li><a href=\"https:\/\/www.hlk.hr\/EasyEdit\/UserFiles\/propisi\/izmjena-dodatka-i-kolektivnom-ugovoru-za-djelatnost-zdravstva-i-zdravstvenog-osiguranja-nn-78-19.pdf\">Izmjena Dodatka I. Kolektivnom ugovoru za djelatnost zdravstva i zdravstvenog osiguranja (&#8220;Narodne novine&#8221; br. 78\/19)<\/a><\/li>\n<li><a href=\"https:\/\/www.hlk.hr\/EasyEdit\/UserFiles\/propisi\/dodatak-ii-kolektivnom-ugovoru-za-djelatnost-zdravstva-i-zdravstvenog-osiguranja-nn-92-19.pdf\">Dodatak II. Kolektivnom ugovoru za djelatnost zdravstva i zdravstvenog osiguranja (&#8220;Narodne novine&#8221; br. 92\/19)<\/a><\/li>\n<li><a href=\"https:\/\/www.hlk.hr\/EasyEdit\/UserFiles\/kolektivni-ugovor\/1-dodatak-iii-kolektivnom-ugovoru-za-djelatnost-zdravstva-i-zdravstvenog-osiguranja-pdf.pdf\">Dodatak III. Kolektivnom ugovoru za djelatnost zdravstva i zdravstvenog osiguranja (&#8220;Narodne novine&#8221; br. 56\/20)<\/a><\/li>\n<li><a href=\"https:\/\/narodne-novine.nn.hr\/clanci\/sluzbeni\/2022_10_127_1933.html\" target=\"_blank\" rel=\"noopener\">Dodatak I. Temeljnom kolektivnom ugovoru za slu\u017ebenike i namje\u0161tenike u javnim slu\u017ebama, (Nar. nov., br. 127\/22)<\/a><\/li>\n<\/ul>\n<p>[\/vc_column_text][\/vc_column][\/vc_row]<\/p>\n","protected":false},"excerpt":{"rendered":"<p>[vc_row][vc_column][vc_column_text]ZAKONI Zakon o izmjenama i dopunama Zakona o reguliranim profesijama i priznavanju inozemnih stru\u010dnih kvalifikacija NN 123\/2023 Zakon o op\u0107em upravnom postupku (NN\u00a0\u00a047\/09 i\u00a0\u00a0NN\u00a0110\/21) Zakon o op\u0107em upravnom postupku\u00a0\u00a0(NN\u00a047\/09,\u00a0110\/21) Zakon o upravnim pristojbama (NN\u00a0115\/16) Zakon o pe\u010datima i \u017eigovima s grbom Republike Hrvatske (NN\u00a0\u00a033\/95) Zakon o pravu na pristup informacijama (\u201cNarodne novine\u201d, br.\u00a025\/13,\u00a085\/15) Zakon o <\/p>\n","protected":false},"author":1,"featured_media":0,"parent":367,"menu_order":0,"comment_status":"closed","ping_status":"open","template":"page-blocks.php","meta":{"footnotes":""},"yst_prominent_words":[],"class_list":["post-2122","page","type-page","status-publish"],"_links":{"self":[{"href":"https:\/\/hkzr.hr\/hr\/wp-json\/wp\/v2\/pages\/2122","targetHints":{"allow":["GET"]}}],"collection":[{"href":"https:\/\/hkzr.hr\/hr\/wp-json\/wp\/v2\/pages"}],"about":[{"href":"https:\/\/hkzr.hr\/hr\/wp-json\/wp\/v2\/types\/page"}],"author":[{"embeddable":true,"href":"https:\/\/hkzr.hr\/hr\/wp-json\/wp\/v2\/users\/1"}],"replies":[{"embeddable":true,"href":"https:\/\/hkzr.hr\/hr\/wp-json\/wp\/v2\/comments?post=2122"}],"version-history":[{"count":11,"href":"https:\/\/hkzr.hr\/hr\/wp-json\/wp\/v2\/pages\/2122\/revisions"}],"predecessor-version":[{"id":3714,"href":"https:\/\/hkzr.hr\/hr\/wp-json\/wp\/v2\/pages\/2122\/revisions\/3714"}],"up":[{"embeddable":true,"href":"https:\/\/hkzr.hr\/hr\/wp-json\/wp\/v2\/pages\/367"}],"wp:attachment":[{"href":"https:\/\/hkzr.hr\/hr\/wp-json\/wp\/v2\/media?parent=2122"}],"wp:term":[{"taxonomy":"yst_prominent_words","embeddable":true,"href":"https:\/\/hkzr.hr\/hr\/wp-json\/wp\/v2\/yst_prominent_words?post=2122"}],"curies":[{"name":"wp","href":"https:\/\/api.w.org\/{rel}","templated":true}]}}