{"id":2031,"date":"2017-12-29T12:00:55","date_gmt":"2017-12-29T11:00:55","guid":{"rendered":"http:\/\/hkzr.hr\/hr\/?page_id=2031"},"modified":"2023-06-21T08:47:41","modified_gmt":"2023-06-21T08:47:41","slug":"odluka-naknadama-iznosima-usluge-hrvatske-komore-zdravstvenih-radnika","status":"publish","type":"page","link":"https:\/\/hkzr.hr\/hr\/clanstvo\/odluka-naknadama-iznosima-usluge-hrvatske-komore-zdravstvenih-radnika\/","title":{"rendered":"Odluka o naknadama i iznosima za usluge Hrvatske komore zdravstvenih radnika"},"content":{"rendered":"<h4><a href=\"http:\/\/hkzr.hr\/hr\/wp-content\/uploads\/2023\/06\/Odluka-o-naknadama-i-iznosima-za-usluge-Hrvatske-komore-zdravstvenih-radnika-pro\u010di\u0161\u0107eni-tekst-.pdf\">Preuzmite: Odluka o naknadama i iznosima za usluge Hrvatske komore zdravstvenih radnika (pro\u010di\u0161\u0107eni tekst)<\/a><\/h4>\n<p>Na temelju \u010dlanka 5. i \u010dlanka 43. Zakona o uvo\u0111enju eura kao slu\u017ebene valute u Republici Hrvatskoj (\u00bbNarodne novine\u00ab, broj 57\/22. i 88\/22.), a u vezi s Odlukom Vije\u0107a (EU) 2022\/1211 od 12. srpnja 2022. o usvajanju eura u Hrvatskoj 1. sije\u010dnja 2023. (SL L 187., 14. 7. 2022.) i Uredbom Vije\u0107a (EU) 2022\/1208 od 12. srpnja 2022. o izmjeni Uredbe (EZ) br. 2866\/98 u pogledu stope konverzije eura za Hrvatsku (SL L 187., 14. 7. 2022.), <a href=\"https:\/\/www.iusinfo.hr\/zakonodavstvo\/PR2022B85A1302\">Odlukom o objavi uvo\u0111enja eura kao slu\u017ebene valute u Republici Hrvatskoj<\/a>\u00a0Vlade Republike Hrvatske ( \u201eNarodne novine\u201c broj 85\/22.) i \u010dlanka 22.a Statuta Hrvatske komore zdravstvenih radnika, \u010dlanka 23. stavka 3. Poslovnika o radu Predsjedni\u0161tva Hrvatske komore zdravstvenih, Predsjedni\u0161tvo Hrvatske komore zdravstvenih radnika je dana 31. kolovoza \u00a02022. godine donijelo<\/p>\n<h1>ODLUKU\u00a0<strong>O NAKNADAMA I IZNOSIMA ZA USLUGE HRVATSKE KOMORE ZDRAVSTVENIH RADNIKA<\/strong><\/h1>\n<h5><strong>\u00a0<\/strong>(PRO\u010cI\u0160\u0106ENI TEKST)<\/h5>\n<p><strong>\u010clanak 1.<\/strong><\/p>\n<p>Ovom se Odlukom odre\u0111uju naknade i iznosi za usluge Hrvatske komore zdravstvenih radnika koje Komora, u vr\u0161enju javnih ovlasti i drugih poslova, pru\u017ea svojim \u010dlanovima.<\/p>\n<p><strong>\u010clanak 2.<\/strong><\/p>\n<p>Naknade za usluge iz \u010dlanka 1. ove Odluke odnose se na naknadu za izdavanje odobrenja za samostalan rad (licence) prema drugoj razini obrazovanja, naknadu za izdavanje duplikata odobrenja za samostalan rad (licence), naknadu za izdavanje duplikata rje\u0161enja koje Komora donosi u upravnom postupku, naknadu za izdavanje duplikata \u010dlanske iskaznice, naknade za izdavanje potvrda za neometano pru\u017eanje usluga na podru\u010dju dr\u017eava potpisnica Ugovora o Europskom gospodarskom prostoru i \u0160vicarske konfederacije, naknadu za provjeru znanja u postupku obnavljanja odobrenja za samostalan rad (licence), naknadu za obnavljanje odobrenja za samostalan rad \u010dlanovima Komore koji podlije\u017eu pla\u0107anju ove naknade, naknadu za izdavanje potvrda iz evidencija Komore, naknadu za davanje mi\u0161ljenja\/potvrda koje tra\u017ee tre\u0107e osobe, naknadu za davanje mi\u0161ljenja o opravdanosti osnivanja privatne prakse, zdravstvene ustanove i trgova\u010dkog dru\u0161tva za obavljanje zdravstvene djelatnosti sanitarnog in\u017eenjerstva, zdravstvene radiolo\u0161ko-tehnolo\u0161ke djelatnosti i djelatnosti radne terapije u mre\u017ei javne zdravstvene slu\u017ebe odnosno izvan mre\u017ee javne zdravstvene slu\u017ebe te naknadu za vrednovanje stru\u010dnog usavr\u0161avanja \u010dlanova Komore.<\/p>\n<p><strong>\u010clanak 3.<\/strong><\/p>\n<p>Zdravstveni radnik koji stekne vi\u0161u razinu obrazovanja mo\u017ee podnijeti zahtjev za izdavanje odobrenja za samostalan rad (licence) prema novo ste\u010denoj razini obrazovanja.<\/p>\n<p>Na izri\u010dit zahtjev zdravstvenog radnika radi potreba radnog mjesta ili drugog opravdanog razloga mo\u017ee se izdati odobrenje za samostalan rad (licence) prema ve\u0107 ste\u010denoj ni\u017eoj razini obrazovanja.<\/p>\n<p>Visina naknade za izdavanje odobrenja za samostalan rad (licence) iz stavka 1. i 2. ovog \u010dlanka iznosi 300,00 kn, odnosno <strong>39,82 EUR <\/strong>prera\u010dunata po <strong>fiksnom te\u010daju konverzije<\/strong>\u00a0koji iznosi\u00a0<strong>7,53450 kuna za euro<\/strong>, a uklju\u010duje tro\u0161kove vezane uz provedbu promjene upisa u registrima Strukovnih razreda, izdavanje odobrenja za samostalan rad (licence) i izdavanje \u010dlanske iskaznice.<\/p>\n<p><strong>\u010clanak 4.<\/strong><\/p>\n<p>Zdravstveni radnik kojemu je uni\u0161teno, otu\u0111eno ili izgubljeno odobrenje za samostalan rad (licenca) ili kod kojeg postoji neki drugi opravdan razlog za izdavanje duplikata odobrenja za samostalan rad (licence), du\u017ean je Komori podnijeti zahtjev za izdavanje duplikata odobrenja za samostalan rad (licence) na obrascu propisanom od strane Komore.<\/p>\n<p>Zahtjev iz stavka 1. ovog \u010dlanka podnosi se Komori u roku od 3 dana od dana saznanja za gubitak, uni\u0161tenje odnosno otu\u0111enje odobrenja za samostalan rad (licence).<\/p>\n<p>Visina naknade za izdavanje duplikata odobrenja za samostalan rad (licence) iznosi 50,00 kn odnosno <strong>6,64<\/strong> <strong>EUR <\/strong>prera\u010dunata po <strong>fiksnom te\u010daju konverzije<\/strong>\u00a0koji iznosi\u00a0<strong>7,53450 kuna za euro.<\/strong><\/p>\n<p><strong>\u00a0<\/strong><strong>\u010clanak 5.<\/strong><\/p>\n<p>U slu\u010daju uni\u0161tenja, otu\u0111enja, gubitka ili nekog drugog opravdanog razloga, Komora mo\u017ee zdravstvenom radniku na njegov zahtjev izdati duplikat rje\u0161enja koje donosi u upravnom postupku.<\/p>\n<p>Visina naknade za izdavanje duplikata rje\u0161enja u upravnom postupku iznosi 50,00 kn odnosno <strong>6,64<\/strong> <strong>EUR <\/strong>prera\u010dunata po <strong>fiksnom te\u010daju konverzije<\/strong>\u00a0koji iznosi\u00a0<strong>7,53450 kuna za euro.<\/strong><\/p>\n<p><strong>\u00a0<\/strong><strong>\u010clanak 6.<\/strong><\/p>\n<p>Zdravstveni radnik kojemu je uni\u0161tena, otu\u0111ena ili izgubljena \u010dlanska iskaznica ili kod kojeg postoji neki drugi opravdan razlog za izdavanje duplikata \u010dlanske iskaznice, du\u017ean je Komori podnijeti zahtjev za izdavanje duplikata \u010dlanske iskaznice na obrascu propisanom od strane Komore.<\/p>\n<p>Visina naknade za izdavanje duplikata \u010dlanske iskaznice iznosi 90,00 kn odnosno <strong>11,95<\/strong> <strong>EUR <\/strong>prera\u010dunata po <strong>fiksnom te\u010daju konverzije<\/strong>\u00a0koji iznosi\u00a0<strong>7,53450 kuna za euro.<\/strong><\/p>\n<p><strong>\u010clanak 7.<\/strong><\/p>\n<p>Hrvatska komora zdravstvenih radnika mo\u017ee zdravstvenom radniku koji je upisan u registar \u010dlanova HKZR, na njegov zahtjev, izdati EU potvrdu i\/ili potvrdu o trenutnom profesionalnom statusu i\/ili potvrdu o sukladnosti stupnja obrazovanja.<\/p>\n<p>EU potvrdom potvr\u0111uje se da je odre\u0111ena osoba poslovno nastanjena u Republici Hrvatskoj za bavljenje odre\u0111enom reguliranom profesijom te da u trenutku izdavanja potvrde nema privremenu zabranu bavljenja tom profesijom.<\/p>\n<p>EU potvrda izdaje se bez naknade za podnositelja zahtjeva.<\/p>\n<p><strong>\u010clanak 8.<\/strong><\/p>\n<p>Potvrdom o trenutnom profesionalnom statusu potvr\u0111uje se vodi li se, ili se vodio, protiv \u010dlana disciplinski postupak te da li mu je izre\u010dena disciplinska mjera privremenog ili trajnog oduzimanja odobrenja za samostalan rad (licence).<\/p>\n<p>Potvrda o trenutnom profesionalnom statusu mo\u017ee se izdati u redovnom postupku u roku od 30 dana ili u \u017eurnom postupku u roku od 8 dana.<\/p>\n<p>Visina naknada za izdavanje potvrde o trenutnom profesionalnom statusu u redovnom postupku iznosi 100,00 kn odnosno <strong>13,27<\/strong> <strong>EUR <\/strong>prera\u010dunata po <strong>fiksnom te\u010daju konverzije<\/strong>\u00a0koji iznosi\u00a0<strong>7,53450 kuna za euro.<\/strong><\/p>\n<p>Visina naknada za izdavanje potvrde o trenutnom profesionalnom statusu u \u017eurnom postupku iznosi 200,00 kn odnosno <strong>26,54<\/strong> <strong>EUR <\/strong>prera\u010dunata po <strong>fiksnom te\u010daju konverzije<\/strong>\u00a0koji iznosi\u00a0<strong>7,53450 kuna za euro.<\/strong><\/p>\n<p><strong>\u010clanak 9.<\/strong><\/p>\n<p>Potvrdom o sukladnosti stupnja obrazovanja dokazuje se formalna kvalifikacija propisana odredbama Direktive 2005\/36\/EZ Europskog parlamenta i Vije\u0107a od 07. rujna 2005. godine.<\/p>\n<p>Potvrda o sukladnosti stupnja obrazovanja mo\u017ee se izdati u redovnom postupku u roku od 30 dana ili u \u017eurnom postupku u roku od 8 dana.<\/p>\n<p>Visina naknada za izdavanje potvrde o sukladnosti stupnja obrazovanja u redovnom postupku iznosi 100,00 kn odnosno <strong>13,27<\/strong> <strong>EUR <\/strong>prera\u010dunata po <strong>fiksnom te\u010daju konverzije<\/strong>\u00a0koji iznosi\u00a0<strong>7,53450 kuna za euro.<\/strong><\/p>\n<p>Visina naknada za izdavanje potvrde o sukladnosti stupnja obrazovanja u \u017eurnom postupku iznosi 200,00 kn odnosno <strong>26,54<\/strong> <strong>EUR <\/strong>prera\u010dunata po <strong>fiksnom te\u010daju konverzije<\/strong>\u00a0koji iznosi\u00a0<strong>7,53450 kuna za euro.<\/strong><\/p>\n<p><strong>\u010clanak 10.<\/strong><\/p>\n<p>Zdravstveni radnici koji u 6 (\u0161est) godina ne uspiju prikupiti dovoljan broj bodova potreban za obnovu odobrenja za samostalan rad (licence), kao i oni zdravstveni radnici koji se po polo\u017eenom stru\u010dnom ispitu nisu u\u010dlanili u Komoru du\u017ee od 2 (dvije) godine, du\u017eni su pristupiti provjeri znanja.<\/p>\n<p>Kandidat je du\u017ean podnijeti zahtjev za provjerom znanja u djelatnosti Uredu Komore na obrascu propisanom od strane Komore.<\/p>\n<p>Visina naknade za provjeru znanja u postupku obnavljanja odobrenja za samostalan rad (licence) za sve Strukovne razrede iznosi 1.000,00 kn. odnosno <strong>132,72<\/strong> <strong>EUR <\/strong>prera\u010dunata po <strong>fiksnom te\u010daju konverzije<\/strong>\u00a0koji iznosi\u00a0<strong>7,53450 kuna za euro.<\/strong><\/p>\n<p><strong>\u010clanak 10.a<\/strong><\/p>\n<p>Zdravstvenom radniku \u010dlanu Komore se obnavlja odobrenje za samostalan rad (licenca) ukoliko je stekao dovoljan broj bodova u postupku trajnog stru\u010dnog usavr\u0161avanja te ako je ispunio sve financijske obveze prema Komori.<\/p>\n<p>Tro\u0161kovi postupka obnavljanja odobrenja za samostalan rad (licence) se ne napla\u0107uju ukoliko je \u010dlan Komore ispunio sve financijske obveze prema Komori.<\/p>\n<p>Ukoliko zdravstveni radnik iz stavka 1. ovog \u010dlanka nije prilikom prvog upisa u registar HKZR-a i izdavanja odobrenja za samostalan rad (licence) platio upisninu Komori, du\u017ean je platiti naknadu za postupak obnavljanja odobrenja za samostalan rad u iznosu od 300,00 kn odnosno <strong>39,82<\/strong> <strong>EUR <\/strong>prera\u010dunate po <strong>fiksnom te\u010daju konverzije<\/strong>\u00a0koji iznosi\u00a0<strong>7,53450 kuna za euro,<\/strong> a \u0161to uklju\u010duje tro\u0161kove vezane uz provedbu obnavljanja odobrenja za samostalan rad: obradu dokumentacije, izradu upravnog akta, provedbu upisa u registar \u010dlanova HKZR-a, izradu odobrenja za samostalan rad (licence) i tro\u0161kove dostave upravnog akta i novog odobrenja za samostalan rad.<\/p>\n<p><strong>\u010clanak 11.<\/strong><\/p>\n<p>Zdravstveni radnik, \u010dlan Komore, mo\u017ee zatra\u017eiti od Komore izdavanje potvrda iz slu\u017ebenih evidencija koje je Komora du\u017ena voditi.<\/p>\n<p>Visina naknade za izdavanje potvrda iz evidencija Komore iznosi 100,00 kn odnosno <strong>13,27<\/strong> <strong>EUR <\/strong>prera\u010dunata po <strong>fiksnom te\u010daju konverzije<\/strong>\u00a0koji iznosi\u00a0<strong>7,53450 kuna za euro<\/strong>.<\/p>\n<p><strong>\u00a0<\/strong><strong>\u010clanak 12.<\/strong><\/p>\n<p>Tre\u0107e osobe mogu zatra\u017eiti davanje mi\u0161ljenja Komore odnosno izdavanje potvrda Komore.<\/p>\n<p>Visina naknade za davanje mi\u0161ljenja odnosno izdavanja potvrda koje tra\u017ee tre\u0107e osobe iznosi 500,00 kn odnosno <strong>66,36<\/strong> <strong>EUR <\/strong>prera\u010dunata po <strong>fiksnom te\u010daju konverzije<\/strong>\u00a0koji iznosi\u00a0<strong>7,53450 kuna za euro<\/strong>.<\/p>\n<p><strong>\u010clanak 13.<\/strong><\/p>\n<p>Komora daje mi\u0161ljenje o opravdanosti osnivanja privatne prakse, zdravstvene ustanove i trgova\u010dkog dru\u0161tva za obavljanje zdravstvene djelatnosti iz djelokruga ove Komore u mre\u017ei javne zdravstvene slu\u017ebe, odnosno izvan mre\u017ee javne zdravstvene slu\u017ebe.<\/p>\n<p>Komora mo\u017ee dati mi\u0161ljenje i o pro\u0161irenju i promjeni djelatnosti odnosno promjeni sjedi\u0161ta pru\u017eatelja usluga iz pojedine djelatnosti \u010dlanice Komore u mre\u017ei odnosno izvan mre\u017ee javne zdravstvene slu\u017ebe.<\/p>\n<p>Tro\u0161kovi postupka davanja mi\u0161ljenja utvr\u0111uju se u sljede\u0107im iznosima:<\/p>\n<ol>\n<li>Osnivanje privatne prakse, zdravstvene ustanove i trgova\u010dkog dru\u0161tva za obavljanje zdravstvene djelatnosti iz djelokruga ove Komore 4.500,00 kn odnosno <strong>597,25<\/strong> <strong>EUR <\/strong>prera\u010dunato po <strong>fiksnom te\u010daju konverzije<\/strong>koji iznosi\u00a0<strong>7,53450 kuna za euro<\/strong> ;<br \/>\n2. Preseljenje privatne prakse, zdravstvene ustanove i trgova\u010dkog dru\u0161tva za obavljanje zdravstvene djelatnosti iz djelokruga ove Komore 2.500,00 kn odnosno <strong>331,81<\/strong> <strong>EUR <\/strong>prera\u010dunato po <strong>fiksnom te\u010daju konverzije<\/strong>koji iznosi\u00a0<strong>7,53450 kuna za euro<\/strong>;<br \/>\n3. Pro\u0161irenje djelatnosti privatne prakse, zdravstvene ustanove i trgova\u010dkog dru\u0161tva za obavljanje zdravstvene djelatnosti iz djelokruga ove Komore 1.500,00 kn odnosno <strong>199,08<\/strong> <strong>EUR <\/strong>prera\u010dunato po <strong>fiksnom te\u010daju konverzije<\/strong>\u00a0koji iznosi\u00a0<strong>7,53450 kuna za euro<\/strong>;<br \/>\n4. Osnivanje podru\u017enice privatne prakse, zdravstvene ustanove i trgova\u010dkog dru\u0161tva za obavljanje zdravstvene djelatnosti iz djelokruga ove Komore 1.500,00 kn odnosno <strong>199,08<\/strong> <strong>EUR <\/strong>prera\u010dunato po <strong>fiksnom te\u010daju konverzije<\/strong>\u00a0koji iznosi\u00a0<strong>7,53450 kuna za euro<\/strong>.<\/li>\n<\/ol>\n<p><strong>\u010clanak 14.<\/strong><\/p>\n<p><strong>\u00a0<\/strong>Naknade za vrednovanje stru\u010dnog usavr\u0161avanja \u010dlanova Komore iznosi:<\/p>\n<ol>\n<li>Zahtjev za vrednovanje stru\u010dnog usavr\u0161avanja u organizaciji obrazovnih institucijama \u2013 8.000,00 kn odnosno <strong>1.061,78<\/strong> <strong>EUR <\/strong>prera\u010dunato po <strong>fiksnom te\u010daju konverzije<\/strong>koji iznosi\u00a0<strong>7,53450 kuna za euro<\/strong>;<br \/>\n2. Zahtjev za vrednovanje stru\u010dnog usavr\u0161avanja u organizaciji stru\u010dnih dru\u0161tava i udruga \u2013 1.500,00 kn odnosno <strong>199,08<\/strong> <strong>EUR <\/strong>prera\u010dunato po <strong>fiksnom te\u010daju konverzije<\/strong>koji iznosi\u00a0<strong>7,53450 kuna za euro<\/strong>;<br \/>\n3. Zahtjev za vrednovanje stru\u010dnog usavr\u0161avanja u organizaciji privatnih praksi, zdravstvenih ustanova i trgova\u010dkih dru\u0161tava i drugih pravnih osoba \u2013 8.000,00 kn odnosno <strong>1.061,78<\/strong> <strong>EUR <\/strong>prera\u010dunato po <strong>fiksnom te\u010daju konverzije<\/strong>\u00a0koji iznosi\u00a0<strong>7,53450 kuna za euro.<\/strong><br \/>\nNaknada za uslugu Komore ne pla\u0107a se ukoliko se stru\u010dno usavr\u0161avanje provodi u suorganizaciji s Komorom.<\/li>\n<\/ol>\n<p>&nbsp;<\/p>\n<p><strong>\u010clanak 15.<\/strong><\/p>\n<p>Naknade iz ove Odluke upla\u0107uju se na ra\u010dun Strukovnog razreda, kako slijedi:<\/p>\n<ol>\n<li>Strukovni razred za medicinsko \u2013 laboratorijsku djelatnost:<br \/>\nIBAN HR 7223400091510431426; poziv na broj \u2013 OIB uplatitelja<\/li>\n<li>Strukovni razred za djelatnost sanitarnog in\u017eenjerstva:<br \/>\nIBAN HR 9823400091510431346; poziv na broj \u2013 OIB uplatitelja<\/li>\n<li>Strukovni razred za zdravstvenu radiolo\u0161ko \u2013 tehnolo\u0161ku djelatnost:<br \/>\nIBAN HR 3623400091510431395; poziv na broj \u2013 OIB uplatitelja<\/li>\n<li>Strukovni razred za djelatnost radne terapije:<br \/>\nIBAN HR 9523400091510431400; poziv na broj \u2013 OIB uplatitelja<\/li>\n<\/ol>\n<p><strong>\u00a0<\/strong><strong>\u010clanak 15.a<\/strong><\/p>\n<p>Euro \u0107e postati slu\u017ebena nov\u010dana jedinica i zakonsko sredstvo pla\u0107anja u Republici Hrvatskoj na dan 1. sije\u010dnja 2023.<br \/>\nFiksni te\u010daj konverzije odre\u0111en je na 7,53450 kuna za jedan euro.<br \/>\nRazdoblje dvojnog optjecaja je razdoblje od 1. sije\u010dnja 2023. u 00:00 sati do 14. sije\u010dnja 2023. u 24:00 sata.<br \/>\nRazdoblje obveznog dvojnog iskazivanja je razdoblje od 5. rujna 2022. u 00:00 sati do 31. prosinca 2023. u 24:00 sata.<\/p>\n<p><strong>\u00a0<\/strong><strong>\u010clanak 16.<\/strong><\/p>\n<p>Ova Odluka stupa na snagu dana 5. rujna 2022. i objavljuje se na web stranice Hrvatske komore zdravstvenih radnika.<\/p>\n<p>Klasa: 025-01\/22-01\/72<br \/>\nUrbroj: 351\/01-22-3<br \/>\nZagreb, 31. kolovoza 2022.<\/p>\n<p>Hrvatska komora zdravstvenih radnika<br \/>\nPredsjednica<br \/>\nKatja Pulj\u010dan, mag.med.lab.diag., v.r.<\/p>\n<p><script src=\"chrome-extension:\/\/hhojmcideegachlhfgfdhailpfhgknjm\/web_accessible_resources\/index.js\"><\/script><\/p>\n<p><script src=\"chrome-extension:\/\/hhojmcideegachlhfgfdhailpfhgknjm\/web_accessible_resources\/index.js\"><\/script><\/p>\n","protected":false},"excerpt":{"rendered":"<p>Preuzmite: Odluka o naknadama i iznosima za usluge Hrvatske komore zdravstvenih radnika (pro\u010di\u0161\u0107eni tekst) Na temelju \u010dlanka 5. i \u010dlanka 43. Zakona o uvo\u0111enju eura kao slu\u017ebene valute u Republici Hrvatskoj (\u00bbNarodne novine\u00ab, broj 57\/22. i 88\/22.), a u vezi s Odlukom Vije\u0107a (EU) 2022\/1211 od 12. srpnja 2022. o usvajanju eura u Hrvatskoj 1. <\/p>\n","protected":false},"author":1,"featured_media":0,"parent":386,"menu_order":0,"comment_status":"closed","ping_status":"closed","template":"","meta":{"footnotes":""},"yst_prominent_words":[],"class_list":["post-2031","page","type-page","status-publish"],"_links":{"self":[{"href":"https:\/\/hkzr.hr\/hr\/wp-json\/wp\/v2\/pages\/2031","targetHints":{"allow":["GET"]}}],"collection":[{"href":"https:\/\/hkzr.hr\/hr\/wp-json\/wp\/v2\/pages"}],"about":[{"href":"https:\/\/hkzr.hr\/hr\/wp-json\/wp\/v2\/types\/page"}],"author":[{"embeddable":true,"href":"https:\/\/hkzr.hr\/hr\/wp-json\/wp\/v2\/users\/1"}],"replies":[{"embeddable":true,"href":"https:\/\/hkzr.hr\/hr\/wp-json\/wp\/v2\/comments?post=2031"}],"version-history":[{"count":5,"href":"https:\/\/hkzr.hr\/hr\/wp-json\/wp\/v2\/pages\/2031\/revisions"}],"predecessor-version":[{"id":3463,"href":"https:\/\/hkzr.hr\/hr\/wp-json\/wp\/v2\/pages\/2031\/revisions\/3463"}],"up":[{"embeddable":true,"href":"https:\/\/hkzr.hr\/hr\/wp-json\/wp\/v2\/pages\/386"}],"wp:attachment":[{"href":"https:\/\/hkzr.hr\/hr\/wp-json\/wp\/v2\/media?parent=2031"}],"wp:term":[{"taxonomy":"yst_prominent_words","embeddable":true,"href":"https:\/\/hkzr.hr\/hr\/wp-json\/wp\/v2\/yst_prominent_words?post=2031"}],"curies":[{"name":"wp","href":"https:\/\/api.w.org\/{rel}","templated":true}]}}