{"id":1961,"date":"2017-12-29T12:00:09","date_gmt":"2017-12-29T11:00:09","guid":{"rendered":"http:\/\/hkzr.hr\/hr\/?page_id=1961"},"modified":"2017-12-29T12:00:09","modified_gmt":"2017-12-29T11:00:09","slug":"upute-obnavljanje-odobrenja-samostalan-rad-licence","status":"publish","type":"page","link":"https:\/\/hkzr.hr\/hr\/clanstvo\/upute-obnavljanje-odobrenja-samostalan-rad-licence\/","title":{"rendered":"UPUTE ZA OBNAVLJANJE ODOBRENJA ZA SAMOSTALAN RAD (LICENCE)"},"content":{"rendered":"<p>Klasa: 003-08\/17-01\/76<br \/>\nUr.broj: 351\/01-17-11<br \/>\nZagreb, 21.12.2017.g.<\/p>\n<p style=\"text-align: center;\"><strong>UPUTE ZA OBNAVLJANJE ODOBRENJA ZA SAMOSTALAN RAD (LICENCE)<\/strong><\/p>\n<p style=\"text-align: center;\">\n<p>1. Zdravstveni radnik, \u010dlan HKZR-a, du\u017ean je podnijeti zahtjev Komori za obnavljanje Odobrenja za samostalan rad (licence) najkasnije 3 (tri) mjeseca prije isteka roka od 6 (\u0161est) godina od dobivanja Odobrenja za samostalan rad (licence).<\/p>\n<p>2. Zdravstvenom radniku, \u010dlanu HKZR-a, mo\u017ee se obnoviti Odobrenje za samostalan rad (licenca) ako je u razdoblju od 6 (\u0161est) godina, tj. licencnom razdoblju stekao:<\/p>\n<p style=\"padding-left: 30px;\">-magistri sanitarnog in\u017eenjerstva, diplomirani sanitarni in\u017eenjeri, magistri radiolo\u0161ke tehnologije, magistri medicinsko-laboratorijske dijagnostike 120 bodova,<\/p>\n<p style=\"padding-left: 30px;\">-prvostupnici sanitarnog in\u017eenjerstva, prvostupnici radiolo\u0161ke tehnologije, prvostupnici radne terapije, prvostupnici medicinsko-laboratorijske dijagnostike, in\u017eenjeri medicinske radiologije, vi\u0161i radni terapeuti, vi\u0161i fizikalni terapeuti \u2013 smjer radne terapije, in\u017eenjeri medicinsko- laboratorijske dijagnostike, prvostupnici medicinsko-laboratorijske dijagnostike i prvostupnici medicinsko-laboratorijske dijagnostike sa zavr\u0161enim te\u010dajem iz citodijagnostike-citotehnologe ili sa zavr\u0161enim te\u010dajem iz transfuzijske medicine 90 bodova,<\/p>\n<p style=\"padding-left: 30px;\">-sanitarni tehni\u010dari, zdravstveno-laboratorijski tehni\u010dari, zdravstveno-laboratorijski tehni\u010dari sa zavr\u0161enim te\u010dajem iz citodijagnostike-citoskrinere i zdravstveno-laboratorijski tehni\u010dari sa zavr\u0161enim te\u010dajem iz transfuzijske medicine 60 bodova.<\/p>\n<p style=\"padding-left: 30px;\">\n<p>3. Ukoliko su ispunjeni uvjeti za obnavljanje Odobrenja za samostalan rad (licence), \u0161to podrazumijeva sakupljen dovoljan broj bodova u postupku trajnog stru\u010dnog usavr\u0161avanja i podmirene sve financijske obveze prema HKZR, potrebno je popuniti obrazac Zahtjeva za obnavljanje Odobrenja za samostalan rad (licence).<\/p>\n<p style=\"padding-left: 30px;\">Broj bodova i uplatu \u010dlanarina svaki \u010dlan mo\u017ee provjeriti putem korisni\u010dkih podataka u registru HKZR-a i putem e-maila od Ureda Komore.<\/p>\n<p style=\"padding-left: 30px;\">\n<p>4. Uz obrazac Zahtjeva za obnavljanje Odobrenja za samostalan rad (licence), potrebno je prilo\u017eiti Izjavu o po\u0161tivanju eti\u010dkih i deontolo\u0161kih na\u010dela, presliku Odobrenja za samostalan rad, kao i<\/p>\n<p style=\"padding-left: 30px;\">Zahtjev za promjenu i nadopunu podataka u registru HKZR-a, ukoliko je do\u0161lo do promjene osobnih podataka uz odgovaraju\u0107e dokaze.<\/p>\n<p style=\"padding-left: 30px;\">\n<p>5. Za sve \u010dlanove HKZR-a koji su uredno podmirili svoje financijske obveze prema Komori, tro\u0161kovi postupka obnavljanja Odobrenja za samostalan rad (licence) se ne napla\u0107uju.<\/p>\n<p>&nbsp;<\/p>\n<p>&nbsp;<\/p>\n<p><strong>OBRASCI:<\/strong><\/p>\n<p style=\"padding-left: 30px;\"><a href=\"http:\/\/hkzr.hr\/hr\/wp-content\/uploads\/2012\/02\/ZAHTJEV-ZA-OBNAVLJANJE-ODOBRENJA-ZA-SAMOSTALAN-RAD-LICENCE.doc\" target=\"_blank\" rel=\"noopener noreferrer\">Zahtjev za obnavljanje Odobrenja za samostalan rad (licence)<\/a><\/p>\n<p style=\"padding-left: 30px;\"><a href=\"http:\/\/hkzr.hr\/hr\/wp-content\/uploads\/2012\/02\/Izjava-o-po%C5%A1tivanju-eti%C4%8Dkih-i-deontolo%C5%A1kih-na%C4%8Dela.pdf\" target=\"_blank\" rel=\"noopener noreferrer\">Izjavu o po\u0161tivanju eti\u010dkih i deontolo\u0161kih na\u010dela<\/a><\/p>\n<p style=\"padding-left: 30px;\"><a href=\"http:\/\/hkzr.hr\/hr\/wp-content\/uploads\/2011\/10\/Zahtjev-za-promjenu-i-nadopunu-podataka-u-registru-hkzr.pdf\" target=\"_blank\" rel=\"noopener noreferrer\">Zahtjev za promjenu i nadopunu podataka u registru HKZR-a<\/a><\/p>\n<p>Svu potrebnu dokumentaciju vezano uz obnavljanje Odobrenja za samostalni rad poslati preporu\u010deno na adresu: Hrvatska komora zdravstvenih radnika, 10 000 Zagreb, p.p. 191 ili urud\u017ebirati u Uredu HKZR-a, Zagreb, Ilica 229.<\/p>\n","protected":false},"excerpt":{"rendered":"<p>Klasa: 003-08\/17-01\/76 Ur.broj: 351\/01-17-11 Zagreb, 21.12.2017.g. UPUTE ZA OBNAVLJANJE ODOBRENJA ZA SAMOSTALAN RAD (LICENCE) 1. Zdravstveni radnik, \u010dlan HKZR-a, du\u017ean je podnijeti zahtjev Komori za obnavljanje Odobrenja za samostalan rad (licence) najkasnije 3 (tri) mjeseca prije isteka roka od 6 (\u0161est) godina od dobivanja Odobrenja za samostalan rad (licence). 2. Zdravstvenom radniku, \u010dlanu HKZR-a, mo\u017ee <\/p>\n","protected":false},"author":1,"featured_media":0,"parent":386,"menu_order":0,"comment_status":"closed","ping_status":"closed","template":"","meta":{"footnotes":""},"yst_prominent_words":[],"class_list":["post-1961","page","type-page","status-publish"],"_links":{"self":[{"href":"https:\/\/hkzr.hr\/hr\/wp-json\/wp\/v2\/pages\/1961","targetHints":{"allow":["GET"]}}],"collection":[{"href":"https:\/\/hkzr.hr\/hr\/wp-json\/wp\/v2\/pages"}],"about":[{"href":"https:\/\/hkzr.hr\/hr\/wp-json\/wp\/v2\/types\/page"}],"author":[{"embeddable":true,"href":"https:\/\/hkzr.hr\/hr\/wp-json\/wp\/v2\/users\/1"}],"replies":[{"embeddable":true,"href":"https:\/\/hkzr.hr\/hr\/wp-json\/wp\/v2\/comments?post=1961"}],"version-history":[{"count":0,"href":"https:\/\/hkzr.hr\/hr\/wp-json\/wp\/v2\/pages\/1961\/revisions"}],"up":[{"embeddable":true,"href":"https:\/\/hkzr.hr\/hr\/wp-json\/wp\/v2\/pages\/386"}],"wp:attachment":[{"href":"https:\/\/hkzr.hr\/hr\/wp-json\/wp\/v2\/media?parent=1961"}],"wp:term":[{"taxonomy":"yst_prominent_words","embeddable":true,"href":"https:\/\/hkzr.hr\/hr\/wp-json\/wp\/v2\/yst_prominent_words?post=1961"}],"curies":[{"name":"wp","href":"https:\/\/api.w.org\/{rel}","templated":true}]}}