{"id":1929,"date":"2016-12-18T11:22:39","date_gmt":"2016-12-18T10:22:39","guid":{"rendered":"http:\/\/hkzr.hr\/hr\/?page_id=1929"},"modified":"2023-11-08T12:42:50","modified_gmt":"2023-11-08T12:42:50","slug":"cesta-pitanja-odgovori","status":"publish","type":"page","link":"https:\/\/hkzr.hr\/hr\/clanstvo\/cesta-pitanja-odgovori\/","title":{"rendered":"\u010cesta pitanja i odgovori"},"content":{"rendered":"<p>[vc_row][vc_column][vc_tta_accordion][vc_tta_section title=&#8221;Koji su mi dokumenti potrebni za upis u registar HKZR?&#8221; tab_id=&#8221;1526636373856-e5505890-e87e&#8221;][vc_column_text]Na temelju \u010dlanka 9. Pravilnika o izdavanju, obnavljanju i oduzimanju odobrenja za samostalan rad (licence) Hrvatske komore zdravstvenih radnika potrebno je podnijeti Zahtjev za izdavanje odobrenja za samostan rad, Prilog I. Pravilnika o izdavanju, obnavljanju i oduzimanju odobrenja za samostalan rad (licence) i prilo\u017eiti sljede\u0107u dokumentaciju:<\/p>\n<p>1. popunjen obrazac za upis u registar (Prilog I. Pravilnika o Registru \u010dlanova Hrvatske komore zdravstvenih radnika)<\/p>\n<p>2. dokaz o stru\u010dnoj kvalifikaciji koja obuhva\u0107a formalno obrazovanje i profesionalnu osposobljenost za obavljanje regulirane profesije iz djelatnosti sanitarnog in\u017eenjerstva, zdravstvene radiolo\u0161ko- tehnolo\u0161ke djelatnosti, djelatnosti radne terapije i medicinsko-laboratorijske djelatnosti,<\/p>\n<p>3. dokaz o dr\u017eavljanstvu,<\/p>\n<p>4. dokaz o polo\u017eenom ili priznatom stru\u010dnom ispitu od strane ministarstva nadle\u017enog za zdravstvo. Radnici djelatnosti sanitarnog in\u017eenjerstva koji nemaju polo\u017een stru\u010dni ispit prila\u017eu potvrdu od poslodavca da imaju vi\u0161e od godinu dana radnog iskustva na poslovima sanitarnog in\u017eenjerstva, na dan stupanja na snagu Pravilnika o dopunama Pravilnika o pripravni\u010dkom sta\u017eu zdravstvenih radnika, tj. na dan 12. velja\u010de 2013.god.,<\/p>\n<p>5. izjava o po\u0161tivanju eti\u010dkih i deontolo\u0161kih na\u010dela struke<\/p>\n<p>6. dokaz o upla\u0107enoj upisnini, upisnina iznosi 39,82 EUR, a uklju\u010duje tro\u0161kove vezane uz provedbu upisa u registrima Strukovnih razreda HKZR, izdavanje odobrenja za samostalan rad (licence) i izdavanje \u010dlanske iskaznice, a upla\u0107uju se na ra\u010dun Strukovnog razreda HKZR, kako slijedi:1. Strukovni razred za medicinsko \u2013 laboratorijsku djelatnost: IBAN HR 7223400091510431426; poziv na broj \u2013 OIB uplatitelja, 2. Strukovni razred za djelatnost sanitarnog in\u017eenjerstva: IBAN HR 9823400091510431346; poziv na broj \u2013 OIB uplatitelja, 3. Strukovni razred za zdravstvenu radiolo\u0161ko \u2013 tehnolo\u0161ku djelatnost: IBAN HR 3623400091510431395; poziv na broj \u2013 OIB uplatitelja, 4. Strukovni razred za djelatnost radne terapije: IBAN HR 9523400091510431400; poziv na broj \u2013 OIB uplatitelja,<\/p>\n<p>7. izjava o suglasnosti za sustezanjem dijela pla\u0107e na ime \u010dlanarine, potvr\u0111ena od strane poslodavca, 8. vjen\u010dani list ili druga javna isprava kao dokaz o promjeni prezimena,<\/p>\n<p>8. potvrda o nezaposlenosti Hrvatskog zavoda za zapo\u0161ljavanje ili potvrda Hrvatskog zavoda za mirovinsko osiguranje o radnopravnom statusu,<\/p>\n<p>9. rje\u0161enje o priznavanju stru\u010dne kvalifikacije ste\u010dene u inozemstvu za obavljanje djelatnosti koje donosi nadle\u017eno tijelo u postupku priznavanja inozemnih stru\u010dnih kvalifikacija sukladno posebnom propisu,<\/p>\n<p>10. dokaz da se u drugoj dr\u017eavi u kojoj je obavljao djelatnost ne vodi disciplinski postupak (\u201egood standing\u201c), ne stariji od 3 mjeseca,<\/p>\n<p>11. dokaz o poznavanju hrvatskog jezika izdan od licenciranog u\u010dili\u0161ta prema zajedni\u010dkom europskom referentnom okviru za jezike, osim ako je jezik nastave bio hrvatski,<\/p>\n<p>12. dokaz o \u010dlanstvu u stale\u0161koj komori ili drugoj odgovaraju\u0107oj stale\u0161koj udruzi \u010dije je \u010dlan. Svi dokazi koji se prila\u017eu zahtjevu za izdavanje odobrenja za samostalan rad (licence) moraju biti na hrvatskom jeziku odnosno moraju biti prevedeni na hrvatski jezik od strane ovla\u0161tenog sudskog tuma\u010da. Dokazi se podnose u tiskanom papirnatom obliku u originalu ili preslici koju je potrebno ovjeriti od poslodavca, Komore ili javnog bilje\u017enika.<\/p>\n<p>Napomena: u slu\u010daju postojanja razloga propisanih \u010dlankom 16. Pravilnika o Registru \u010dlanova Hrvatske komore zdravstvenih radnika za mirovanje \u010dlanstva, stranka je du\u017ena podnijeti i zahtjev za mirovanje \u010dlanstva u Hrvatskoj komori zdravstvenih radnika i zahtjevu prilo\u017eiti odgovaraju\u0107u dokumentaciju (dokaz\/i kojim se potvr\u0111uje istinitost podataka o \u010dinjenicama \u010diji se upis ili promjena tra\u017ei, o kojima javnopravno tijelo vodi postupak).[\/vc_column_text][\/vc_tta_section][vc_tta_section title=&#8221;Gdje i kako dostavljam potrebne dokumente za upis?&#8221; tab_id=&#8221;1526636373877-2c546ab9-0449&#8243;][vc_column_text]<\/p>\n<div>\n<div>\n<p>Dokumentacija se prila\u017ee Zahtjevu za izdavanje odobrenja za samostalan rad,\u00a0Prilog I. Pravilnika o izdavanju, obnavljanju i oduzimanju odobrenja za samostalan rad (licence).\u00a0Zahtjev se mo\u017ee predati u pisanom obliku neposredno, poslati po\u0161tom, dostaviti elektroni\u010dkim putem Hrvatskoj komori zdravstvenih radnika. Podno\u0161enjem urednog zahtjeva stranka daje suglasnost Hrvatskoj komori zdravstvenih radnika da kao voditelj zbirke osobnih\u00a0 podataka mo\u017ee prikupljati, koristiti i dalje obra\u0111ivati njihove osobne podatke sukladno propisima koji ure\u0111uju za\u0161titu osobnih podataka, isklju\u010divo u svrhu provedbe upravnog postupka. Elektroni\u010dkim putem zahtjev se\u00a0podnosi na propisanom obrascu, elektroni\u010dki s kvalificiranim elektroni\u010dkim potpisom ili elektroni\u010dki uz dostavu ispisanog i vlastoru\u010dno potpisanog obrasca, sa stanjem na dan podno\u0161enja. Zahtjev dostavljen u elektroni\u010dkom obliku s kvalificiranim elektroni\u010dkim potpisom sukladno posebnim propisima smatrat \u0107e se vlastoru\u010dno potpisanim.<\/p>\n<\/div>\n<\/div>\n<p>[\/vc_column_text][\/vc_tta_section][vc_tta_section title=&#8221;Koje su moje obaveze nakon u\u010dlanjenja u HKZR?&#8221; tab_id=&#8221;1526636396241-83b28546-ab8a&#8221;][vc_column_text]<span style=\"font-size: 14px; letter-spacing: 0px;\">Svaki \u010dlan obavezan je skupljati bodove (pogledati odgovor pod to\u010dkom 7.), pla\u0107ati \u010dlanarinu (zaposleni \u010dlanovi), dostavljati\u00a0 jednom godi\u0161nje Potvrdu s HZZ-a o nezaposlenosti i\/ili Potvrdu HZMO-a o prijavama i odjavama s mirovinskog osiguranja (nezaposleni \u010dlanovi) i dostavljati dokumente vezane uz <\/span><u style=\"font-family: inherit; letter-spacing: 0px;\">promjene osobnih podataka ili zaposlenja.<\/u><\/p>\n<p>[\/vc_column_text][\/vc_tta_section][vc_tta_section title=&#8221;Kolika je visina \u010dlanarine?&#8221; tab_id=&#8221;1526636397303-c9eadc30-42ed&#8221;][vc_column_text]\u010clanarina iznosi 0,8% neto pla\u0107e, a minimalno propisana \u010dlanarina iznosi 5,31 EUR.<\/p>\n<p>U slu\u010dajevima gdje bi izra\u010dunom od 0,8% neto pla\u0107e iznos bio manji od 5,31 EUR, primjenjuje se pravilo minimalno propisane \u010dlanarine i pla\u0107a se 5,31 EUR kn.[\/vc_column_text][\/vc_tta_section][vc_tta_section title=&#8221;Prilikom u\u010dlanjenja bio\/la sam nezaposlen, ali u me\u0111uvremenu sam se zaposlio\/la. \u0160to trebam napraviti?&#8221; tab_id=&#8221;1526636400181-d93130e8-bb86&#8243;][vc_column_text]<\/p>\n<div>\n<div>\n<p>Sve izmjene vezane uz zaposlenje, potrebno je dostaviti Komori. Od dokumenata potrebno je:<\/p>\n<p>1. Ispuniti Zahtjev za aktiviranje \u010dlanstva (obrazac se nalazi na na\u0161oj web stranici pod rubrikom \u201edokumenti\u201c)<br \/>\n2. Izjavu o ustezanju pla\u0107e na ime \u010dlanarine (obrazac se nalazi na na\u0161oj web stranici pod rubrikom \u201edokumenti\u201c- isprintajte u dva primjerka, oba primjerka Vam mora poslodavac ovjeriti \u00a0i potpisati, jedan primjerak \u0161aljete nama, a jedan ostaje kod poslodavca u ra\u010dunovodstvu<br \/>\n3. Kopija Ugovora o radu.<\/p>\n<\/div>\n<p>&nbsp;<\/p>\n<\/div>\n<p>[\/vc_column_text][\/vc_tta_section][vc_tta_section title=&#8221;Promijenio\/la sam radno mjesto\/osobne podatke. \u0160to trebam napraviti?&#8221; tab_id=&#8221;1526636400905-15f92222-3034&#8243;][vc_column_text]<\/p>\n<div>\n<div>Potrebno je dostaviti Komori sljede\u0107e:<br \/>\n1. Zahtjev za promjenu i nadopunu podataka<br \/>\n2. Kopiju dokumenta koji potvr\u0111uje promjenu podataka.<br \/>\n3. Ukoliko je promijenjen poslodavac \u2013 i Izjavu o ustezanju pla\u0107e na ime \u010dlanarine (obrazac se nalazi na na\u0161oj web stranici pod rubrikom \u201edokumenti\u201c- isprintajte u dva primjerka, oba primjerka Vam mora poslodavac ovjeriti i potpisati, jedan primjerak \u0161aljete nama, a jedan ostaje kod poslodavca u ra\u010dunovodstvu)<\/div>\n<p>&nbsp;<\/p>\n<\/div>\n<p>[\/vc_column_text][\/vc_tta_section][vc_tta_section title=&#8221;Koliko bodova moram skupiti i kako se skupljaju bodovi?&#8221; tab_id=&#8221;1526636401620-9aa1d22e-63e9&#8243;][vc_column_text]<\/p>\n<div>\n<div>\n<p>Potrebni bodovi razlikuju se ovisno o struci i razini obrazovanja:<br \/>\n* magistri sanitarnog in\u017eenjerstva, diplomirani sanitarni in\u017eenjeri, magistri radiolo\u0161ke tehnologije, magistri medicinsko-laboratorijske dijagnostike <strong>120 bodova u razdoblju od \u0161est godina,<br \/>\n<\/strong>* prvostupnici sanitarnog in\u017eenjerstva, prvostupnici radiolo\u0161ke tehnologije, prvostupnici radne terapije, prvostupnici medicinsko-laboratorijske dijagnostike, in\u017eenjeri medicinske radiologije, vi\u0161i radni terapeuti, vi\u0161i fizikalni terapeuti \u2013 smjer radne terapije, in\u017eenjeri medicinsko- laboratorijske dijagnostike i prvostupnici medicinsko-laboratorijske dijagnostike sa zavr\u0161enim te\u010dajem iz citodijagnostike-citotehnologe ili sa zavr\u0161enim te\u010dajem iz transfuzijske medicine <strong>90 bodova u razdoblju od \u0161est godina,<br \/>\n<\/strong>* sanitarni tehni\u010dari, zdravstveno-laboratorijski tehni\u010dari, zdravstveno-laboratorijski tehni\u010dari sa zavr\u0161enim te\u010dajem iz citodijagnostike-citoskrinere i zdravstveno-laboratorijski tehni\u010dari sa zavr\u0161enim te\u010dajem iz transfuzijske medicine <strong>60 bodova u razdoblju od \u0161est godina<\/strong><\/p>\n<p>Bodovi se skupljaju poha\u0111anjem nekog od na\u010dina stru\u010dnog usavr\u0161avanja navedenih u Pravilniku o sadr\u017eaju, rokovima i postupku provjere stru\u010dnosti HKZR. Planovi trajnog stru\u010dnog usavr\u0161avanja objavljeni su na stranicama svakog Strukovnog razreda.<\/p>\n<\/div>\n<p>&nbsp;<\/p>\n<\/div>\n<p>[\/vc_column_text][\/vc_tta_section][vc_tta_section title=&#8221;U kojim slu\u010dajevima se podnosi Zahtjev za dono\u0161enje odluke o umanjenju broja bodova i \u0161to on zna\u010di?&#8221; tab_id=&#8221;1526636402314-9bb24973-928a&#8221;][vc_column_text]<\/p>\n<div>\n<div>Razlozi za podno\u0161enje navedenog Zahtjeva mogu biti: svi razlozi za mirovanje \u010dlanstva (nezaposlenost, rodiljni i\/ili roditeljski dopust, bolovanje du\u017ee od 42 dana, slu\u017eenje vojne obveze, drugi opravdani razlozi) kao i postojanje nekog drugog opravdanog razloga zbog kojeg \u010dlan HKZR nije bio u mogu\u0107nosti prikupljati bodove, a na temelju kojeg je mogu\u0107e umanjiti broj bodova koje je \u010dlan bio obavezan sakupiti u dvogodi\u0161njem licencnom razdoblju u kojem su trajali prethodno navedeni razlozi.<\/div>\n<p>&nbsp;<\/p>\n<\/div>\n<p>[\/vc_column_text][\/vc_tta_section][vc_tta_section title=&#8221;Kako mogu znati koliko sam bodova skupio\/la te da li su mi evidentirana predavanja koja sam poha\u0111ao\/la?&#8221; tab_id=&#8221;1526636403053-c32658b5-2e32&#8243;][vc_column_text]<\/p>\n<div>\n<div>\n<p>Nakon upisa u Registar HKZR-a bit \u0107e Vam dodijeljeno korisni\u010dko ime i lozinka na temelju kojeg \u0107ete mo\u0107i ulaziti u Registar na webu i provjeravati na svom profilu ispravnost unesenih podataka.<\/p>\n<\/div>\n<p><span style=\"line-height: 1.5;\">[\/vc_column_text][\/vc_tta_section][vc_tta_section title=&#8221;Zaboravio\/la sam svoje korisni\u010dko ime i\/ili lozinku. \u0160to trebam u\u010diniti?&#8221; tab_id=&#8221;1526636403765-1d29e2fd-d6c7&#8243;][vc_column_text]<\/span><\/p>\n<div>\n<div>\n<p>Kontaktirajte administratora svoje struke unutar Komore koji \u0107e Vam dodijeliti novu lozinku i obavijestiti Vas o korisni\u010dkom imenu.<\/p>\n<\/div>\n<p><span style=\"line-height: 1.5;\">[\/vc_column_text][\/vc_tta_section][vc_tta_section title=&#8221;Zaposlen\/a sam, ali ne u struci. Moram li pla\u0107ati \u010dlanarinu i skupljati bodove?&#8221; tab_id=&#8221;1526636404992-fff0621f-edb4&#8243;][vc_column_text]<\/span><\/p>\n<div>\n<div>Da, ukoliko ste upisani u registar HKZR, potrebno je pla\u0107ati \u010dlanarinu i skupljati bodove bez obzira \u0161to ne radite u struci. Nezaposlene osobe ili osobe \u010diji je status u mirovanju nisu obavezne pla\u0107ati \u010dlanarinu.<\/div>\n<p><span style=\"line-height: 1.5;\">[\/vc_column_text][\/vc_tta_section][vc_tta_section title=&#8221;Kako mogu ostvariti pravo na mirovanje \u010dlanstva u Hrvatskoj komori zdravstvenih radnika?&#8221; tab_id=&#8221;1526636405779-ae93e1ec-2f18&#8243;][vc_column_text]Pravo na mirovanje \u010dlanstva u Hrvatskoj komori zdravstvenih radnika \u010dlan mo\u017ee ostvariti u slu\u010daju postojanja razloga propisanih \u010dlankom 16. Pravilnika o Registru \u010dlanova Hrvatske komore zdravstvenih radnika za mirovanje \u010dlanstva. \u010clan Komore ostvaruje pravo na mirovanje \u010dlanstva: &#8211; ako je na bolovanju du\u017ee od 42 dana; &#8211; u slu\u010daju slu\u017eenja vojne obveze; &#8211; ako je na rodiljnom i\/ili roditeljskom dopustu, posvojiteljskom dopustu, dopustu radi brige i njege djeteta s te\u017eim smetnjama u razvoju, &#8211; u slu\u010daju nezaposlenosti; &#8211; ako postoje drugi opravdani razlozi, primjerice nepla\u0107eni dopust i dr. \u010clan koji ostvari pravo na mirovanje \u010dlanstva nije du\u017ean pla\u0107ati \u010dlanarinu Komori tijekom razdoblja mirovanja. \u010clan Komore kojem je odobreno mirovanje \u010dlanstva, du\u017ean je u roku od 8 dana od dana isteka mirovanja \u010dlanstva podnijeti zahtjev za aktivaciju \u010dlanstva. O mirovanju i aktivaciji \u010dlanstva odlu\u010duje se na odgovaraju\u0107i na\u010din u postupku sukladno zakonu koji propisuje op\u0107i upravni postupak. \u010clan Komore du\u017ean je podnijeti zahtjev za mirovanje \u010dlanstva u Hrvatskoj komori zdravstvenih radnika i zahtjevu prilo\u017eiti odgovaraju\u0107u dokumentaciju (dokaz\/i kojim se potvr\u0111uje istinitost podataka o \u010dinjenicama \u010diji se upis ili promjena tra\u017ei, o kojima javnopravno tijelo vodi postupak).[\/vc_column_text][\/vc_tta_section][vc_tta_section title=&#8221;Stekao\/la sam vi\u0161i stupanj obrazovanja i \u017eelim novu licencu za vi\u0161i stupanj. \u0160to trebam napraviti?&#8221; tab_id=&#8221;1526636406509-03fabd08-c2c8&#8243;][vc_column_text]Potrebno je dostaviti HKZR:<br \/>\n1. Potvrdu o uplati 39,82 EUR na ra\u010dun svojeg strukovnog razreda (brojevi ra\u010duna su na na\u0161oj web stranici). U model napi\u0161ite HR00, a u poziv na broj primatelja Va\u0161 OIB.<br \/>\n2. Ispuniti Zahtjev za upis u registar \u010dlanova HKZR (obrazac se nalazi na na\u0161oj web stranici pod rubrikom dokumenti. Ispuniti Zahtjev za odobrenje za samostalan rad (obrazac se nalazi na na\u0161oj web stranici pod rubrikom dokumenti)<br \/>\n4. Ispuniti Izjavu o po\u0161tivanju eti\u010dkih i deontolo\u0161kih na\u010dela (obrazac se nalazi na na\u0161oj web stranici pod rubrikom dokumenti)<br \/>\n5. Diploma (ovjerenu kod poslodavca ili javnog bilje\u017enika ili original \u2013 original \u0107emo vam vratiti po\u0161tom)<br \/>\n6. Ispuniti Zahtjev za promjenu i nadopunu podataka (obrazac se nalazi na na\u0161oj web stranici pod rubrikom dokumenti)<br \/>\n7. Izjavu o zadr\u017eavanju Odobrenja za samostalan rad (licence) za ni\u017ei stupanj obrazovanja ukoliko Vam je to potrebno zbog potreba radnog mjesta ili nekog drugog opravdanog razloga.[\/vc_column_text][\/vc_tta_section][vc_tta_section title=&#8221;\u0160to ako imam vi\u0161e bodova nego \u0161to je potrebno u razdoblju od dvije godine? Mogu li se ti bodovi prenijeti u drugo razdoblje?&#8221; tab_id=&#8221;1526636407280-29926677-9195&#8243;][vc_column_text]<\/p>\n<div>\n<div>Bodovi se na\u010delno ne mogu prenositi iz jednog razdoblja u drugo. Bodovi se stje\u010du u svakom dvogodi\u0161njem licencnom razdoblju sukladno Pravilniku o sadr\u017eaju, rokovima i postupku provjere stru\u010dnosti HKZR, a licencna razdoblja se ra\u010dunaju od dana izdavanja odobrenja za samostalan rad.<\/div>\n<p><span style=\"line-height: 1.5;\">[\/vc_column_text][\/vc_tta_section][vc_tta_section title=&#8221;\u0160to se treba napraviti u slu\u010daju odlaska na rad u inozemstvo?&#8221; tab_id=&#8221;1526636408238-9f7e0341-6faf&#8221;][vc_column_text]<\/span><\/p>\n<div>\n<div>U slu\u010daju odlaska u inozemstvo, Komora mo\u017ee izdati tri potvrde (ovisno koju Vas poslodavac tra\u017ei ili sve tri ukoliko niste sigurni koja \u0107e Vam trebati): EU potvrda, Potvrda o sukladnosti obrazovanja i Potvrda o trenutnom profesionalnom statusu. Potrebno je ispuniti Zahtjeve za izdavanje tih potvrda (obrasci se nalaze na na\u0161oj web stranici pod rubrikom \u010clanstvo \u2013 Priznavanje inozemnih stru\u010dnih kvalifikacija), te navedene Priloge koji se tra\u017ee u svakom Zahtjevu.<\/div>\n<p><span style=\"line-height: 1.5;\">[\/vc_column_text][\/vc_tta_section][vc_tta_section title=&#8221;Kako se ispisati iz registra HKZR?&#8221; tab_id=&#8221;1526636409036-35e13adc-cff2&#8243;][vc_column_text]<br \/>\n<\/span><\/p>\n<p style=\"font-weight: 400;\">Ispis iz registra Komore izvr\u0161it \u0107e se ako su za to ispunjeni uvjeti propisani zakonom, Statutom i drugim op\u0107im aktima Komore: &#8211; na osobni zahtjev \u010dlana, &#8211; po slu\u017ebenoj du\u017enosti ili prijedlogu ovla\u0161tene osobe odnosno nadle\u017enog tijela. Ispis iz registra Komore izvr\u0161it \u0107e se i u slu\u010daju: &#8211; ako \u010dlan ne podmiri \u010dlanarinu za prethodno licencno razdoblje, &#8211; ako \u010dlan ne ispuni uvjete propisane aktom Komore kojim je reguliran sadr\u017eaj, rokovi i postupak provjere stru\u010dnosti, &#8211; smrti \u010dlana. \u010cinjenica smrti \u010dlana Komore se dokazuje relevantnim dokazom, utvr\u0111uje putem slu\u017ebenih evidencija, u suradnji s ovla\u0161tenim institucijama, a u slu\u010daju umirovljenja \u010dlana Komore ista \u010dinjenica se dokazuje upravnim aktom nadle\u017enog tijela. Ispis iz registra podrazumijeva i provo\u0111enje postupka progla\u0161enja neva\u017ee\u0107im Odobrenja za samostalan rad (licence) i \u010dlanske iskaznice. O ispisu iz registra odlu\u010duje se na odgovaraju\u0107i na\u010din u postupku sukladno zakonu koji propisuje op\u0107i upravni postupak.<\/p>\n<p style=\"font-weight: 400;\">Potrebno je dostaviti:<br \/>\n1. Zahtjev za ispis iz registra (obrazac se nalazi na na\u0161oj web stranici pod rubrikom dokumenti)<br \/>\n2. Dokaz o razlogu ispisa \u2013 rje\u0161enje o umirovljenju, smrtni list<br \/>\n3. Original odobrenje za samostalan rad (licencu) i \u010dlansku iskaznicu<\/p>\n<p>[\/vc_column_text][\/vc_tta_section][\/vc_tta_accordion][\/vc_column][\/vc_row][vc_row][vc_column][vc_column_text]<\/p>\n<\/div>\n<\/div>\n<\/div>\n<\/div>\n<\/div>\n<p>[\/vc_column_text][\/vc_column][\/vc_row]<\/p>\n","protected":false},"excerpt":{"rendered":"<p>[vc_row][vc_column][vc_tta_accordion][vc_tta_section title=&#8221;Koji su mi dokumenti potrebni za upis u registar HKZR?&#8221; tab_id=&#8221;1526636373856-e5505890-e87e&#8221;][vc_column_text]Na temelju \u010dlanka 9. Pravilnika o izdavanju, obnavljanju i oduzimanju odobrenja za samostalan rad (licence) Hrvatske komore zdravstvenih radnika potrebno je podnijeti Zahtjev za izdavanje odobrenja za samostan rad, Prilog I. Pravilnika o izdavanju, obnavljanju i oduzimanju odobrenja za samostalan rad (licence) i prilo\u017eiti <\/p>\n","protected":false},"author":1,"featured_media":0,"parent":386,"menu_order":0,"comment_status":"closed","ping_status":"closed","template":"page-blocks.php","meta":{"footnotes":""},"yst_prominent_words":[],"class_list":["post-1929","page","type-page","status-publish"],"_links":{"self":[{"href":"https:\/\/hkzr.hr\/hr\/wp-json\/wp\/v2\/pages\/1929","targetHints":{"allow":["GET"]}}],"collection":[{"href":"https:\/\/hkzr.hr\/hr\/wp-json\/wp\/v2\/pages"}],"about":[{"href":"https:\/\/hkzr.hr\/hr\/wp-json\/wp\/v2\/types\/page"}],"author":[{"embeddable":true,"href":"https:\/\/hkzr.hr\/hr\/wp-json\/wp\/v2\/users\/1"}],"replies":[{"embeddable":true,"href":"https:\/\/hkzr.hr\/hr\/wp-json\/wp\/v2\/comments?post=1929"}],"version-history":[{"count":7,"href":"https:\/\/hkzr.hr\/hr\/wp-json\/wp\/v2\/pages\/1929\/revisions"}],"predecessor-version":[{"id":3558,"href":"https:\/\/hkzr.hr\/hr\/wp-json\/wp\/v2\/pages\/1929\/revisions\/3558"}],"up":[{"embeddable":true,"href":"https:\/\/hkzr.hr\/hr\/wp-json\/wp\/v2\/pages\/386"}],"wp:attachment":[{"href":"https:\/\/hkzr.hr\/hr\/wp-json\/wp\/v2\/media?parent=1929"}],"wp:term":[{"taxonomy":"yst_prominent_words","embeddable":true,"href":"https:\/\/hkzr.hr\/hr\/wp-json\/wp\/v2\/yst_prominent_words?post=1929"}],"curies":[{"name":"wp","href":"https:\/\/api.w.org\/{rel}","templated":true}]}}