{"id":1890,"date":"2016-05-29T21:35:56","date_gmt":"2016-05-29T19:35:56","guid":{"rendered":"http:\/\/hkzr.hr\/hr\/?page_id=1890"},"modified":"2025-01-13T11:51:33","modified_gmt":"2025-01-13T11:51:33","slug":"pristup-informacijama","status":"publish","type":"page","link":"https:\/\/hkzr.hr\/hr\/pristup-informacijama\/","title":{"rendered":"Pristup informacijama"},"content":{"rendered":"<p>[vc_row][vc_column][vc_column_text]<strong>Naknada za pristup informacijama<\/strong><\/p>\n<p>Pravilnik o Sredi\u0161njem katalogu slu\u017ebenih dokumenata Republike Hrvatske (\u201cNarodne novine\u201d, br. 123\/22)<\/p>\n<p>Pravilnikom propisuje se na\u010din ustrojavanja, vo\u0111enja i odr\u017eavanja Sredi\u0161njeg kataloga slu\u017ebenih dokumenata Republike Hrvatske. Svrha Sredi\u0161njeg kataloga je omogu\u0107iti korisnicima trajnu dostupnost slu\u017ebenih dokumenata radi informiranja i ponovne uporabe. Sredi\u0161nji katalog vodi i odr\u017eava Digitalni informacijsko-dokumentacijski ured Vlade Republike Hrvatske.<\/p>\n<p>Kriteriji za odre\u0111ivanje visine naknade stvarnih materijalnih tro\u0161kova i tro\u0161kova dostave informacije (\u201cNarodne novine\u201d, br. 12\/14)<br \/>\nIspravak kriterija za odre\u0111ivanje visine naknade stvarnih materijalnih tro\u0161kova i tro\u0161kova dostave informacije (\u201cNarodne novine\u201d, br. 15\/14)<br \/>\nIzmjene kriterija za odre\u0111ivanje visine naknade stvarnih materijalnih tro\u0161kova i tro\u0161kova dostave informacije (\u201cNarodne novine\u201d, br. 141\/22)<\/p>\n<p>Kriterijima se propisuje visina naknade stvarnih materijalnih tro\u0161kova koje pla\u0107a korisnik prava na informaciju, a koji nastaju pru\u017eanjem informacije prema Zakonu o pravu na pristup informacijama.<\/p>\n<p>&#8212;-<\/p>\n<p>Zakonom o pravu na pristup informacijama (\u201eNarodne novine\u201c, broj 25\/13. i 85\/15.) ure\u0111uje se pravo na pristup informacijama i ponovnu uporabu informacija koje posjeduju tijela javne vlasti, propisuju se na\u010dela prava na pristup informacijama i ponovnu uporabu informacija, ograni\u010denja prava na pristup informacijama i ponovnu uporabu informacija, postupak za ostvarivanje i za\u0161titu prava na pristup informacijama i ponovnu uporabu informacija, djelokrug, na\u010din rada i uvjeti za imenovanje i razrje\u0161enje Povjerenika za informiranje, inspekcijski nadzor nad provedbom ovoga Zakona, prekr\u0161ajne odredbe vezane za ostvarivanje prava na pristup informacijama te se ure\u0111uju i druge obveze tijela javne vlasti. U Zakon je prenesena Direktiva 2003\/98 o ponovnoj uporabi informacija u javnom sektoru zbog povezanosti s pravom na pristup informacija, \u0161to su u\u010dinile i druge europske dr\u017eave \u010dlanice primjerice Republika Slovenija. Zakon sadr\u017ei odredbe koje su u skladu sa Uredbom 1049\/2001 Europskog parlamenta i Vije\u0107a od 30. svibnja 2001. o javnom pristupu dokumentima Europskog parlamenta, Vije\u0107a i Komisije.<\/p>\n<p><strong>Zakon o pravu na pristup informacijama (\u201cNarodne novine\u201d, br.\u00a0<\/strong><a href=\"https:\/\/narodne-novine.nn.hr\/clanci\/sluzbeni\/2013_02_25_403.html\"><strong>25\/13<\/strong><\/a><strong>,\u00a0<\/strong><a href=\"https:\/\/narodne-novine.nn.hr\/clanci\/sluzbeni\/2015_08_85_1649.html\"><strong>85\/15<\/strong><\/a><strong>)<\/strong><\/p>\n<p><b>Zakon o pravu na pristup informacijama (\u201cNarodne novine\u201d, br.\u00a0<a href=\"https:\/\/narodne-novine.nn.hr\/clanci\/sluzbeni\/2013_02_25_403.html\" target=\"_blank\" rel=\"noopener\">25\/13<\/a>,\u00a0<a href=\"https:\/\/narodne-novine.nn.hr\/clanci\/sluzbeni\/2015_08_85_1649.html\">85\/15<\/a>,\u00a0<a href=\"https:\/\/narodne-novine.nn.hr\/clanci\/sluzbeni\/2022_06_69_1025.html\">69\/22<\/a>)<\/b><\/p>\n<p>25. lipnja 2022. godine stupio je na snagu Zakon o pravu na pristup informacijama (\u201cNarodne novine\u201d, br. 25\/13, 85\/15, 69\/22). Pro\u010di\u0161\u0107eni tekst i korisne informacije dostupne se na mre\u017enoj stranici Povjerenika za informiranje <a href=\"https:\/\/pristupinfo.hr\/pravni-okvir\/\">PRAVNI OKVIR &#8211; Povjerenik za informiranje (pristupinfo.hr)<\/a><\/p>\n<p>Korisnik ostvaruje pravo na pristup informaciji podno\u0161enjem usmenog ili pisanog zahtjeva nadle\u017enom tijelu. Ako je zahtjev podnesen usmeno ili putem telefona, sastavit \u0107e se slu\u017ebena bilje\u0161ka, a ako je podnesen putem elektroni\u010dke komunikacije, smatrat \u0107e se da je podnesen pisani zahtjev. Pisani zahtjev sadr\u017ei: naziv i sjedi\u0161te tijela javne vlasti kojem se zahtjev podnosi, podatke koji su va\u017eni za prepoznavanje tra\u017eene informacije, ime i prezime i adresu fizi\u010dke osobe podnositelja zahtjeva, tvrtku, odnosno naziv pravne osobe i njezino sjedi\u0161te. Podnositelj zahtjeva nije obvezan navesti razloge zbog kojih tra\u017ei pristup informaciji, niti je obvezan pozvati se na primjenu ovog Zakona.<\/p>\n<ul>\n<li>pisanim putem na adresu: <strong>Trg Drage Iblera 9,<br \/>\n10000 Zagreb, Hrvatska<br \/>\np. 191<\/strong>;<\/li>\n<li>elektroni\u010dkim putem na adresu:\u00a0<a href=\"mailto:hkzr@hkzr.hr\"><strong>ana.gracin@zrtd.hkzr.hr<\/strong><\/a>;<\/li>\n<li>na broj <strong>tel:\u00a0+385 1\u00a04667 990<\/strong>;<\/li>\n<li>osobno u Uredu Komore radnim danom u vremenu od 8,00 do 15,00 sati.<\/li>\n<\/ul>\n<p><strong>Naknada za pristup informacijama<\/strong><\/p>\n<p><strong>\u00a0<\/strong>Na temelju \u010dlanka 19. Zakona o pravu na pristup informacijama, Hrvatska komora zdravstvenih radnika ima pravo tra\u017eiti od korisnika naknadu stvarnih materijalnih tro\u0161kova koji nastanu pru\u017eanjem informacije, sukladno \u010dlanku 17. navedenog Zakona, kao i naknadu tro\u0161kova dostave tra\u017eene informacije. Na zahtjev korisnika tijelo javne vlasti du\u017eno je dostaviti na\u010din izra\u010duna naknade.<\/p>\n<p>Kriterijima se propisuje visina naknade stvarnih materijalnih tro\u0161kova koje pla\u0107a korisnik prava na informaciju, a koji nastaju pru\u017eanjem informacije prema Zakonu o pravu na pristup informacijama.<\/p>\n<p>Kriterije za odre\u0111ivanje visine naknade i na\u010din naplate naknade propisao je Povjerenik za informiranje (<a href=\"http:\/\/narodne-novine.nn.hr\/clanci\/sluzbeni\/2014_01_12_231.html\">http:\/\/narodne-novine.nn.hr\/clanci\/sluzbeni\/2014_01_12_231.html<\/a>).<\/p>\n<p><strong>Ponovna uporaba informacija<\/strong><\/p>\n<p><strong>\u00a0<\/strong>Zahtjev za ponovnu uporabu informacija, da bi bio valjan, obavezno mora sadr\u017eavati:<\/p>\n<ul>\n<li>naziv i sjedi\u0161te tijela javne vlasti kojem se zahtjev podnosi;<\/li>\n<li>podatke koji su va\u017eni za prepoznavanje tra\u017eene informacije;<\/li>\n<li>ime, prezime i adresu fizi\u010dke osobe koja podnosi zahtjev, ili tvrtku, odnosno naziv pravne osobe i njezino sjedi\u0161te;<\/li>\n<li>informacije koje podnositelj \u017eeli ponovno upotrijebiti;<\/li>\n<li>oblik i na\u010din na koji \u017eeli primiti sadr\u017eaj tra\u017eenih informacija;<\/li>\n<li>svrhu kori\u0161tenja informacija (komercijalna ili nekomercijalna svrha).<\/li>\n<\/ul>\n<p>Nepotpuni zahtjevi ne mogu se uputiti u postupak.<\/p>\n<p>Uvjeti za ponovnu uporabu informacija (<a href=\"http:\/\/narodne-novine.nn.hr\/clanci\/sluzbeni\/2015_08_85_1649.html\">Zakon o izmjenama i dopunama Zakona o pravu na pristup informacijama, NN 85\/2015<\/a>):<\/p>\n<p>(1) Tijelo javne vlasti korisniku daje podatke za ponovnu uporabu bez ograni\u010denja, za slobodnu uporabu i u otvorenom formatu.<\/p>\n<p>(2) U opravdanim slu\u010dajevima tijelo javne vlasti mo\u017ee odrediti uvjete za ponovnu uporabu. U slu\u010daju odre\u0111ivanja uvjeta za ponovnu uporabu njihov sadr\u017eaj i primjena ne smiju neopravdano ograni\u010davati mogu\u0107nost ponovne uporabe, niti se smiju koristiti kako bi se ograni\u010dilo tr\u017ei\u0161no natjecanje.<\/p>\n<p>(3) Uvjeti za ponovnu uporabu informacija ne smiju biti diskriminiraju\u0107i za iste ili sli\u010dne vrste informacija, odnosno za komercijalnu ili nekomercijalnu uporabu.<\/p>\n<p>(4) Na tijelo javne vlasti koje ponovno koristi svoje informacije kao osnovu za komercijalne aktivnosti koje ne spadaju u djelokrug njegovih javnih poslova primjenjuju se isti uvjeti kao za druge korisnike.<\/p>\n<p>(5) Vrste i sadr\u017eaj dozvola kojima se utvr\u0111uju uvjeti ponovne uporabe, u skladu sa standardnim otvorenim dozvolama, pravilnikom ure\u0111uje ministar nadle\u017ean za poslove uprave.<\/p>\n<p>(6) Tijelo javne vlasti du\u017eno je na svojoj internetskoj stranici objaviti dozvole kojima se odre\u0111uju uvjeti ponovne uporabe ili poveznice na takve dozvole, u skladu\u00a0<a href=\"https:\/\/narodne-novine.nn.hr\/clanci\/sluzbeni\/2017_07_67_1577.html\">sa standardnim otvorenim dozvolama<\/a>.<\/p>\n<p><strong>Preuzimanje obrazaca<\/strong><\/p>\n<ul>\n<li style=\"font-weight: 400;\"><a href=\"http:\/\/hkzr.hr\/hr\/wp-content\/uploads\/2023\/02\/Zahtjev-za-pristup-informacijama-obrazac.doc\">Zahtjev za pristup informacijama<\/a><\/li>\n<li style=\"font-weight: 400;\"><a href=\"http:\/\/hkzr.hr\/hr\/wp-content\/uploads\/2023\/02\/Zahtjev-za-ispravak-ili-dopunu-informacije-obrazac.doc\">Zahtjev za dopunu ili ispravak informacije<\/a><\/li>\n<li style=\"font-weight: 400;\"><a href=\"http:\/\/hkzr.hr\/hr\/wp-content\/uploads\/2023\/02\/Zahtjev-za-ponovnu-uporabu-informacija-obrazac.doc\">Zahtjev za ponovnu uporabu informacija<\/a><\/li>\n<li style=\"font-weight: 400;\"><a href=\"http:\/\/hkzr.hr\/hr\/wp-content\/uploads\/2023\/02\/\u017dalba-protiv-rje\u0161enja-obrazac.doc\">\u017dalba protiv rje\u0161enja<\/a><\/li>\n<li style=\"font-weight: 400;\"><a href=\"http:\/\/hkzr.hr\/hr\/wp-content\/uploads\/2023\/02\/\u017dalba-\u0161utnja-uprave-obrazac.doc\">\u017dalba \u0161utnja uprave<\/a><\/li>\n<\/ul>\n<p><strong> Slu\u017ebenik za informiranje<\/strong><\/p>\n<p>Temeljem \u010dlanka 13. stavka 1. Zakona o pravu na pristup informacijama (\u201eNarodne novine\u201c br. 25\/13, 8515, 69\/22) te \u010dlanka 22.a Statuta HKZR i \u010dlanka 23. stavka 3. Poslovnika o radu Predsjedni\u0161tva HKZR-a, Predsjedni\u0161tvo Hrvatske komore zdravstvenih radnika dana 8. srpnja 2024. (KLASA: 025-01\/24-01\/69 URBROJ: 351\/01-24-4) donijelo je odluku da se slu\u017ebenikom za informiranje u Hrvatskoj komori zdravstvenih radnika imenuje Ana Gracin bacc.oec.<\/p>\n<p>Slu\u017ebenika je mogu\u0107e kontaktirati na e-mail:\u00a0<a href=\"mailto:ana.gracin@zrtd.hkzr.hr\">ana.gracin@zrtd.hkzr.hr<\/a><\/p>\n<p><strong>Izvje\u0161\u0107a o provedbi Zakona o pravu na pristup informacijama\u00a0<\/strong><\/p>\n<p><strong>Izvje\u0161\u0107e o provedbi Zakona o pravu na pristup informacijama za 2017. godinu<\/strong><\/p>\n<p><a href=\"http:\/\/hkzr.hr\/hr\/wp-content\/uploads\/2018\/01\/Godisnje_izvjesce-1-za-2017..pdf\">Godi\u0161nje izvje\u0161\u0107e [pdf]<\/a><\/p>\n<p><a href=\"http:\/\/hkzr.hr\/hr\/wp-content\/uploads\/2018\/01\/izvjesce-2017-1.csv\">Godi\u0161nje izvje\u0161\u0107e [csv]<\/a><\/p>\n<p><strong>Izvje\u0161\u0107e o provedbi Zakona o pravu na pristup informacijama za 2018. godinu<\/strong><\/p>\n<p><a href=\"http:\/\/hkzr.hr\/hr\/wp-content\/uploads\/2019\/01\/Godisnje_izvjesce.pdf\">Godi\u0161nje izvje\u0161\u0107e [pdf]<\/a><\/p>\n<p><strong>Izvje\u0161\u0107e o provedbi Zakona o pravu na pristup informacijama za 2019. godinu<\/strong><\/p>\n<p><a href=\"http:\/\/hkzr.hr\/hr\/wp-content\/uploads\/2020\/01\/Izvje%C5%A1%C4%87e-o-provedbi-Zakona-o-pravu-na-pristup-informacijama-za-2019.-godinu.pdf\">Godi\u0161nje izvje\u0161\u0107e [pdf]<\/a><\/p>\n<p><a href=\"http:\/\/hkzr.hr\/hr\/wp-content\/uploads\/2020\/01\/Izvje%C5%A1%C4%87e-o-provedbi-Zakona-o-pravu-na-pristup-informacijama-za-2019..csv\">Godi\u0161nje izvje\u0161\u0107e [csv]<\/a><\/p>\n<p><strong>Izvje\u0161\u0107e o provedbi Zakona o pravu na pristup informacijama (NN 25\/13, 85\/15) za 2020. godinu<\/strong><\/p>\n<p><a href=\"http:\/\/hkzr.hr\/hr\/wp-content\/uploads\/2021\/01\/Godisnje-izvjesce-o-provedbi-ZPPI-za-2020..pdf\">Godi\u0161nje izvje\u0161\u0107e o provedbi ZPPI za 2020.<\/a><\/p>\n<p><strong>Izvje\u0161\u0107e o provedbi Zakona o pravu na pristup informacijama za 2021. godinu<\/strong><\/p>\n<p><a href=\"http:\/\/hkzr.hr\/hr\/wp-content\/uploads\/2022\/01\/Godisnje_izvjesce-1.pdf\">Godi\u0161nje izvje\u0161\u0107e [PDF]<\/a><\/p>\n<p><a href=\"http:\/\/hkzr.hr\/hr\/wp-content\/uploads\/2022\/01\/Godisnje_izvjesce-1.csv\">Godi\u0161nje izvje\u0161\u0107e [CSV]<\/a><\/p>\n<p><strong>Izvje\u0161\u0107e o provedbi Zakona o pravu na pristup informacijama za 2022. godinu<\/strong><\/p>\n<p><a href=\"http:\/\/hkzr.hr\/hr\/wp-content\/uploads\/2023\/01\/Godisnje_izvjesce.pdf\">Godi\u0161nje izvje\u0161\u0107e [PDF]<\/a><\/p>\n<p><a href=\"http:\/\/hkzr.hr\/hr\/wp-content\/uploads\/2023\/01\/Godisnje_izvjesce.csv\">Godi\u0161nje izvje\u0161\u0107e [CSV]<\/a><\/p>\n<p><b>Izvje\u0161\u0107e o provedbi Zakona o pravu na pristup informacijama za 2022. godinu<\/b><\/p>\n<p><a href=\"http:\/\/hkzr.hr\/hr\/wp-content\/uploads\/2023\/01\/Godisnje_izvjesce-1.pdf\">Godi\u0161nje izvje\u0161\u0107e [PDF]<\/a><\/p>\n<p><a href=\"http:\/\/hkzr.hr\/hr\/wp-content\/uploads\/2023\/01\/Godisnje_izvjesce-1.csv\">Godi\u0161nje izvje\u0161\u0107e [CSV]<\/a><\/p>\n<p><strong>Godi\u0161nje izvje\u0161\u0107e o provedbi Zakona o pravu na pristup informacijama (NN 25\/13, 85\/15 i 69\/22) za 2023. godinu<\/strong><\/p>\n<p><a href=\"https:\/\/hkzr.hr\/hr\/wp-content\/uploads\/2024\/01\/Izvje\u0161\u0107e-o-provedbi-Zakona-o-pravu-na-pristup-informacijama-za-2023.-godinu.pdf\">Godi\u0161nje izvje\u0161\u0107e [PDF]<\/a><\/p>\n<p><strong>Godi\u0161nje izvje\u0161\u0107a o provedbi Zakona o pravu na pristup informacijama (NN 25\/13, 85\/15 i 69\/22) za 2024. godinu<\/strong><\/p>\n<p><a href=\"https:\/\/hkzr.hr\/hr\/wp-content\/uploads\/2025\/01\/Godisnje_izvjesce.csv\">Godisnje_izvjesce CSV<\/a><\/p>\n<p><a href=\"https:\/\/hkzr.hr\/hr\/wp-content\/uploads\/2025\/01\/Godisnje_izvjesce.pdf\">Godisnje_izvjesce PDF<\/a>[\/vc_column_text][\/vc_column][\/vc_row][vc_row][vc_column][vc_column_text]<\/p>\n<h4><strong>Otvoreni podaci Hrvatske komore zdravstvenih radnika<\/strong><\/h4>\n<p>Otvoreni podaci su podaci koji su javno i besplatno dostupni, a namijenjeni su ponovnoj uporabi u komercijalnu ili nekomercijalnu svrhu koja je razli\u010dita od svrhe za koju su izvorno izra\u0111eni ili prikupljeni.<\/p>\n<p>Tijela javne vlasti obvezna su u strojno \u010ditljivom obliku (CSV, XLS, XML, JSON, HTML i sl. format) objavljivati registre i baze podataka koje su izradili u okviru svoje nadle\u017enosti, a za koja ne postoje zakonska ograni\u010denja.<\/p>\n<p>Dodatno, tijela su bez obzira na karakter skupa podataka, odnosno \u010dak i ako\u00a0 postoje zakonska ograni\u010denja, obavezna objaviti popis o registrima i bazama podataka iz svoje nadle\u017enosti (tzv. asset list), uz metapodatke i informaciju o na\u010dnu pristupa odnosno ponovne uporabe (npr. otvoreni podaci, djelomi\u010dno otvoreni, dostupni samo odre\u0111enom krugu ovla\u0161tenika i sl.).<\/p>\n<p>Objava podataka u strojno \u010ditljivom obliku temeljni je preduvjet za razvoj mogu\u0107nosti koje pru\u017ea Zakon o pravu na pristup informacijama \u2013 ponovne uporabe informacija, u komercijalne ili nekomercijalne svrhe, razli\u010dite od one radi koje su nastali.<\/p>\n<div class=\"wp-block-file\"><a id=\"wp-block-file--media-649a1caf-6b62-4aca-b338-62636154cbc1\" href=\"https:\/\/www.zrtd.org\/wp-content\/uploads\/2024\/12\/Asset-lista-Hrvatska-komora-zdravstvenih-radnika.xlsx\">Asset-lista-Hrvatska-komora-zdravstvenih-radnika<\/a><\/div>\n<p>[\/vc_column_text][\/vc_column][\/vc_row]<\/p>\n","protected":false},"excerpt":{"rendered":"<p>[vc_row][vc_column][vc_column_text]Naknada za pristup informacijama Pravilnik o Sredi\u0161njem katalogu slu\u017ebenih dokumenata Republike Hrvatske (\u201cNarodne novine\u201d, br. 123\/22) Pravilnikom propisuje se na\u010din ustrojavanja, vo\u0111enja i odr\u017eavanja Sredi\u0161njeg kataloga slu\u017ebenih dokumenata Republike Hrvatske. Svrha Sredi\u0161njeg kataloga je omogu\u0107iti korisnicima trajnu dostupnost slu\u017ebenih dokumenata radi informiranja i ponovne uporabe. Sredi\u0161nji katalog vodi i odr\u017eava Digitalni informacijsko-dokumentacijski ured Vlade Republike <\/p>\n","protected":false},"author":1,"featured_media":0,"parent":0,"menu_order":0,"comment_status":"closed","ping_status":"open","template":"page-blocks.php","meta":{"footnotes":""},"yst_prominent_words":[],"class_list":["post-1890","page","type-page","status-publish"],"_links":{"self":[{"href":"https:\/\/hkzr.hr\/hr\/wp-json\/wp\/v2\/pages\/1890","targetHints":{"allow":["GET"]}}],"collection":[{"href":"https:\/\/hkzr.hr\/hr\/wp-json\/wp\/v2\/pages"}],"about":[{"href":"https:\/\/hkzr.hr\/hr\/wp-json\/wp\/v2\/types\/page"}],"author":[{"embeddable":true,"href":"https:\/\/hkzr.hr\/hr\/wp-json\/wp\/v2\/users\/1"}],"replies":[{"embeddable":true,"href":"https:\/\/hkzr.hr\/hr\/wp-json\/wp\/v2\/comments?post=1890"}],"version-history":[{"count":25,"href":"https:\/\/hkzr.hr\/hr\/wp-json\/wp\/v2\/pages\/1890\/revisions"}],"predecessor-version":[{"id":3736,"href":"https:\/\/hkzr.hr\/hr\/wp-json\/wp\/v2\/pages\/1890\/revisions\/3736"}],"wp:attachment":[{"href":"https:\/\/hkzr.hr\/hr\/wp-json\/wp\/v2\/media?parent=1890"}],"wp:term":[{"taxonomy":"yst_prominent_words","embeddable":true,"href":"https:\/\/hkzr.hr\/hr\/wp-json\/wp\/v2\/yst_prominent_words?post=1890"}],"curies":[{"name":"wp","href":"https:\/\/api.w.org\/{rel}","templated":true}]}}