{"id":1746,"date":"2015-06-30T12:02:14","date_gmt":"2015-06-30T10:02:14","guid":{"rendered":"http:\/\/hkzr.hr\/hr\/?page_id=1746"},"modified":"2018-05-18T09:09:52","modified_gmt":"2018-05-18T09:09:52","slug":"prijava-za-e-novosti","status":"publish","type":"page","link":"https:\/\/hkzr.hr\/hr\/prijava-za-e-novosti\/","title":{"rendered":"Prijava za e-novosti"},"content":{"rendered":"<p>[vc_row][vc_column][vc_column_text]Po\u0161tovani \u010dlanovi, na ovim stranicama mo\u017eete se prijaviti za primanje e-novosti Hrvatske Komore Zdravstvenih Radnika, kao i pojedina\u010dnih e-novosti Strukovnih Razreda HKZR.<\/p>\n<p><b>Molimo Vas da u gornjem redu odaberite na koje se novosti \u017eelite pretplatiti.<\/b> Potrebno se pojedina\u010dno prijaviti za sve novosti koje \u017eelite primati.<br \/>\nVa\u0161i podaci su sigurni, a kasnije se uvijek mo\u017eete odjaviti u bilo kojem trenutku.[\/vc_column_text][vc_tta_tabs][vc_tta_section title=&#8221;HKZR&#8221; tab_id=&#8221;1526634269114-f6e56489-336a&#8221;][vc_column_text]<\/p>\n<p><b>PRIJAVA ZA NOVOSTI HRVATSKE KOMORE ZDRAVSTVENIH RADNIKA<\/b><\/p>\n<form accept-charset=\"utf-8\" action=\"http:\/\/mail505.com\/app\/subscribe\" method=\"POST\"><label for=\"name\">Ime i prezime<\/label><br \/>\n<input id=\"name\" name=\"name\" type=\"text\" \/><\/p>\n<p><label for=\"email\">Email<\/label><br \/>\n<input id=\"email\" name=\"email\" type=\"text\" \/><\/p>\n<p><label for=\"StrukovniRazred\">Strukovni Razred<\/label><br \/>\n<input id=\"StrukovniRazred\" name=\"StrukovniRazred\" type=\"text\" \/><\/p>\n<p><label for=\"\u017dupanija\">\u017dupanija<\/label><br \/>\n<input id=\"\u017dupanija\" name=\"\u017dupanija\" type=\"text\" \/><input name=\"list\" type=\"hidden\" value=\"YFzUlzURSv7R3Ow6rdmm9g\" \/><\/p>\n<p><input id=\"submit\" name=\"submit\" type=\"submit\" \/><\/form>\n<p>[\/vc_column_text][\/vc_tta_section][vc_tta_section title=&#8221;SR DSI&#8221; tab_id=&#8221;1526634269144-39e3bd85-5b62&#8243;][vc_column_text]<\/p>\n<p><b>PRIJAVA ZA NOVOSTI STRUKOVNOG RAZREDA ZA DJELATNOST SANITARNOG IN\u017dENJERSTVA<\/b><\/p>\n<form accept-charset=\"utf-8\" action=\"http:\/\/mail505.com\/app\/subscribe\" method=\"POST\"><label for=\"name\">Ime i prezime<\/label><br \/>\n<input id=\"name\" name=\"name\" type=\"text\" \/><\/p>\n<p><label for=\"email\">Email<\/label><br \/>\n<input id=\"email\" name=\"email\" type=\"text\" \/><\/p>\n<p><label for=\"Strukovnirazred\">Strukovni razred<\/label><br \/>\n<input id=\"Strukovnirazred\" name=\"Strukovnirazred\" type=\"text\" \/><\/p>\n<p><label for=\"\u017dupanija\">\u017dupanija<\/label><br \/>\n<input id=\"\u017dupanija\" name=\"\u017dupanija\" type=\"text\" \/><input name=\"list\" type=\"hidden\" value=\"Hk5DJs89n892892EqPvkTe6g1g\" \/><\/p>\n<p><input id=\"submit\" name=\"submit\" type=\"submit\" \/><\/form>\n<p>[\/vc_column_text][\/vc_tta_section][vc_tta_section title=&#8221;SR ZRTD&#8221; tab_id=&#8221;1526634273019-1a6c8be2-2ce5&#8243;][vc_column_text]<\/p>\n<p><b>PRIJAVA ZA NOVOSTI STRUKOVNOG RAZREDA ZA ZDRAVSTVENU RADIOLO\u0160KO-TEHNOLO\u0160KU DJELATNOST<\/b><\/p>\n<form accept-charset=\"utf-8\" action=\"http:\/\/mail505.com\/app\/subscribe\" method=\"POST\"><label for=\"name\">Ime i prezime<\/label><br \/>\n<input id=\"name\" name=\"name\" type=\"text\" \/><\/p>\n<p><label for=\"email\">Email<\/label><br \/>\n<input id=\"email\" name=\"email\" type=\"text\" \/><\/p>\n<p><label for=\"StrukovniRazred\">Strukovni Razred<\/label><br \/>\n<input id=\"StrukovniRazred\" name=\"StrukovniRazred\" type=\"text\" \/><\/p>\n<p><label for=\"\u017dupanija\">\u017dupanija<\/label><br \/>\n<input id=\"\u017dupanija\" name=\"\u017dupanija\" type=\"text\" \/><input name=\"list\" type=\"hidden\" value=\"2V763h3ci3iq4K5k08DFCZ892g\" \/><\/p>\n<p><input id=\"submit\" name=\"submit\" type=\"submit\" \/><\/form>\n<p>[\/vc_column_text][\/vc_tta_section][vc_tta_section title=&#8221;SR DRT&#8221; tab_id=&#8221;1526634274436-ef08bcea-f3a3&#8243;][vc_column_text]<\/p>\n<p><b>PRIJAVA ZA NOVOSTI STRUKOVNOG RAZREDA ZA DJELATNOST RADNE TERAPIJE<\/b><\/p>\n<form accept-charset=\"utf-8\" action=\"http:\/\/mail505.com\/app\/subscribe\" method=\"POST\"><label for=\"name\">Ime i prezime<\/label><br \/>\n<input id=\"name\" name=\"name\" type=\"text\" \/><\/p>\n<p><label for=\"email\">Email<\/label><br \/>\n<input id=\"email\" name=\"email\" type=\"text\" \/><\/p>\n<p><label for=\"StrukovniRazred\">Strukovni Razred<\/label><br \/>\n<input id=\"StrukovniRazred\" name=\"StrukovniRazred\" type=\"text\" \/><\/p>\n<p><label for=\"\u017dupanija\">\u017dupanija<\/label><br \/>\n<input id=\"\u017dupanija\" name=\"\u017dupanija\" type=\"text\" \/><input name=\"list\" type=\"hidden\" value=\"etb96tfAoACX6VQ6dJxYAA\" \/><\/p>\n<p><input id=\"submit\" name=\"submit\" type=\"submit\" \/><\/form>\n<p>[\/vc_column_text][\/vc_tta_section][vc_tta_section title=&#8221;SR MLD&#8221; tab_id=&#8221;1526634275280-a51dde4d-8542&#8243;][vc_column_text]<\/p>\n<p><b>PRIJAVA ZA NOVOSTI STRUKOVNOG RAZREDA ZA MEDICINSKO-LABORATORIJSKU DJELATNOST<\/b><\/p>\n<form accept-charset=\"utf-8\" action=\"http:\/\/mail505.com\/app\/subscribe\" method=\"POST\"><label for=\"name\">Ime i prezime<\/label><br \/>\n<input id=\"name\" name=\"name\" type=\"text\" \/><\/p>\n<p><label for=\"email\">Email<\/label><br \/>\n<input id=\"email\" name=\"email\" type=\"text\" \/><\/p>\n<p><label for=\"Strukovnirazred\">Strukovni razred<\/label><br \/>\n<input id=\"Strukovnirazred\" name=\"Strukovnirazred\" type=\"text\" \/><\/p>\n<p><label for=\"\u017dupanija\">\u017dupanija<\/label><br \/>\n<input id=\"\u017dupanija\" name=\"\u017dupanija\" type=\"text\" \/><input name=\"list\" type=\"hidden\" value=\"dPwxszf0bPMHUpBX4duHrg\" \/><\/p>\n<p><input id=\"submit\" name=\"submit\" type=\"submit\" \/><\/form>\n<p>[\/vc_column_text][\/vc_tta_section][\/vc_tta_tabs][\/vc_column][\/vc_row]<\/p>\n","protected":false},"excerpt":{"rendered":"<p>[vc_row][vc_column][vc_column_text]Po\u0161tovani \u010dlanovi, na ovim stranicama mo\u017eete se prijaviti za primanje e-novosti Hrvatske Komore Zdravstvenih Radnika, kao i pojedina\u010dnih e-novosti Strukovnih Razreda HKZR. Molimo Vas da u gornjem redu odaberite na koje se novosti \u017eelite pretplatiti. Potrebno se pojedina\u010dno prijaviti za sve novosti koje \u017eelite primati. Va\u0161i podaci su sigurni, a kasnije se uvijek mo\u017eete odjaviti <\/p>\n","protected":false},"author":1,"featured_media":0,"parent":0,"menu_order":0,"comment_status":"closed","ping_status":"open","template":"page-blocks.php","meta":{"footnotes":""},"yst_prominent_words":[],"class_list":["post-1746","page","type-page","status-publish"],"_links":{"self":[{"href":"https:\/\/hkzr.hr\/hr\/wp-json\/wp\/v2\/pages\/1746","targetHints":{"allow":["GET"]}}],"collection":[{"href":"https:\/\/hkzr.hr\/hr\/wp-json\/wp\/v2\/pages"}],"about":[{"href":"https:\/\/hkzr.hr\/hr\/wp-json\/wp\/v2\/types\/page"}],"author":[{"embeddable":true,"href":"https:\/\/hkzr.hr\/hr\/wp-json\/wp\/v2\/users\/1"}],"replies":[{"embeddable":true,"href":"https:\/\/hkzr.hr\/hr\/wp-json\/wp\/v2\/comments?post=1746"}],"version-history":[{"count":8,"href":"https:\/\/hkzr.hr\/hr\/wp-json\/wp\/v2\/pages\/1746\/revisions"}],"predecessor-version":[{"id":2253,"href":"https:\/\/hkzr.hr\/hr\/wp-json\/wp\/v2\/pages\/1746\/revisions\/2253"}],"wp:attachment":[{"href":"https:\/\/hkzr.hr\/hr\/wp-json\/wp\/v2\/media?parent=1746"}],"wp:term":[{"taxonomy":"yst_prominent_words","embeddable":true,"href":"https:\/\/hkzr.hr\/hr\/wp-json\/wp\/v2\/yst_prominent_words?post=1746"}],"curies":[{"name":"wp","href":"https:\/\/api.w.org\/{rel}","templated":true}]}}