{"id":1027,"date":"2012-05-29T08:05:04","date_gmt":"2012-05-29T06:05:04","guid":{"rendered":"http:\/\/hkzr.hr\/hr\/?page_id=1027"},"modified":"2012-05-29T08:05:04","modified_gmt":"2012-05-29T06:05:04","slug":"naputak-clanstvu","status":"publish","type":"page","link":"https:\/\/hkzr.hr\/hr\/clanstvo\/naputak-clanstvu\/","title":{"rendered":"Naputak \u010clanstvu"},"content":{"rendered":"<p style=\"text-align: center;\"><strong>OBAVIJEST\u00a0ZDRAVSTVENIM RADNICIMA VEZANO UZ PODNO\u0160ENJE<\/strong><\/p>\n<p style=\"text-align: center;\"><strong>ZAHTJEVA<\/strong>\u00a0<strong>ZA UPIS U REGISTAR \u010cLANOVA HKZR<\/strong> <strong>i izdavanje odobrenja za samostalan rad (licenca)<\/strong><\/p>\n<p>&nbsp;<\/p>\n<p>Zdravstveni radnici djelatnosti sanitarnog in\u017eenjerstva, zdravstveno radiolo\u0161ko \u2013 tehnolo\u0161ke djelatnosti, djelatnosti radne terapije i medicinsko \u2013 laboratorijske djelatnosti koji, temeljem Zakona o djelatnostima u zdravstvu (NN 87\/09), mogu obavljati svoju djelatnost samo ako su upisani \u00a0u registar \u010dlanova Hrvatske komore zdravstvenih radnika \u00a0i imaju odobrenje za samostalan rad izdano od ove Komore.<\/p>\n<p><strong><em>Za upis u registar \u010dlanova Komore<\/em><\/strong>, radnici moraju podnijeti sljede\u0107u dokumentaciju:<\/p>\n<p><strong>1. ZAHTJEV ZA UPIS U REGISTAR KOMORE<\/strong><\/p>\n<p><strong>2. PRESLIKU IZJAVE O SUGLASNOSTI POSLODAVCU (s dokazom da je izjava predana poslodavcu) DA MU SE OD PLA\u0106E USTEGNE MJESE\u010cNA \u010cLANARINA KOMORI ( 0,8% od neto \u00a0pla\u0107e)<\/strong><\/p>\n<p><strong>3. ORIGINAL ILI OVJERENU PRESLIKU SVJEDOD\u017dBE ILI DIPLOME O ZAVR\u0160ENOM OBRAZOVANJU (\u00a0<\/strong><em>ovjera \u00a0poslodavca, \u00a0HKZR ili javnog bilje\u017enika<\/em><strong>)<\/strong><\/p>\n<p><strong>4. ORIGINAL ILI OVJERENU PRESLIKU UVJERENJA O POLO\u017dENOM\u00a0<\/strong><strong>STRU\u010cNOM ISPITU (<\/strong><em>ovjera \u00a0\u00a0poslodavca, HKZR ili javnog bilje\u017enika<\/em><strong>)<br \/>\n<\/strong><em>(Radnici djelatnosti sanitarnog in\u017eenjerstva koji nemaju polo\u017een stru\u010dni ispit trebaju prilo\u017eiti potvrdu od poslodavca da imaju vi\u0161e od godinu dana radnog iskustva na poslovima sanitarnog in\u017eenjerstva, na dan stupanja na snagu Pravilnika o dopunama Pravilnika o pripravni\u010dkom sta\u017eu zdravstvenih radnika, tj. na dan 12. velja\u010de 2013.god.)<\/em><\/p>\n<p><strong>5. ORIGINAL ILI OVJERENA PRESLIKA DOMOVNICE (<\/strong><em>ovjera poslodavca, HKZR ili javnog bilje\u017enika<\/em><strong>)<\/strong><\/p>\n<p><strong>6. ORIGINAL ILI OVJERENA PRESLIKA VJEN\u010cANOG LISTA ILI DRUGOG DOKUMENTA KOJI DOKAZUJE PROMJENU PREZIMENA \/ako je do promjene do\u0161lo (<\/strong><em>ovjera \u00a0poslodavca, HKZR ili \u00a0javnog bilje\u017enika<\/em><strong>)<\/strong><\/p>\n<p><strong>7. POTVRDA O UPLA\u0106ENOJ UPISNINI (300,00 kn)<\/strong><\/p>\n<p><strong>8. POTVRDA HRVATSKOG ZAVODA ZA ZAPO\u0160LJAVANJE O NEZAPOSLENOSTI UZ ZAHTJEV ZA MIROVANJE \u010cLANSTVA (<\/strong><em>za nezaposlene osobe<\/em>)<\/p>\n<p><strong>9. Izjava o potvrdi statusa nezaposlene osobe<\/strong> (\u010dlan koji ostvari pravo na mirovanje \u010dlanstva zbog nezaposlenosti du\u017ean je svaka tri mjeseca dostaviti Komori dokaz o okolnostima\u00a0 razloga mirovanja, tj. dokaz o\u00a0 statusu nezaposlene osobe.)<\/p>\n<p>&nbsp;<\/p>\n<p><strong><em>Za izdavanje odobrenja za samostalan rad (licenca)<\/em><\/strong>, radnici moraju podnijeti sljede\u0107u dokumentaciju:<\/p>\n<p><strong>1. Zahtjev za izdavanje odobrenja za samostalan rad<\/strong><\/p>\n<p><strong>2. Zahtjev za upis u registar komore<\/strong><\/p>\n<p><strong>3. ORIGINAL ILI OVJERENA PRESLIKA <\/strong><strong>dokazA o stru\u010dnoj kvalifikaciji koja obuhva\u0107a formalno obrazovanje i profesionalnu osposobljenost <\/strong><strong>\u00a0<\/strong><strong>za obavljanje reguliranih profesija<\/strong> iz djelatnostisanitarnog in\u017eenjerstva, zdravstveno radiolo\u0161ko \u2013 tehnolo\u0161ke djelatnosti, djelatnosti radne terapije i medicinsko- laboratorijske djelatnosti<em> ( ovjera \u00a0poslodavca, \u00a0HKZR ili javnog bilje\u017enika)<\/em>,<\/p>\n<p><strong>4. ORIGINAL ILI OVJERENA PRESLIKA <\/strong><strong>rje\u0161enjA o priznavanju inozemne stru\u010dne kvalifikacije<\/strong><em>(ovjera \u00a0\u00a0poslodavca, HKZR ili javnog bilje\u017enika<\/em><em>)<\/em>,<\/p>\n<p><strong>5. ORIGINAL ILI OVJERENA PRESLIKA <\/strong><strong>dokazA o polo\u017eenom ili priznatom stru\u010dnom ispitu od strane ministarstva nadle\u017enog za zdravstvo <\/strong><em>(ovjera \u00a0\u00a0poslodavca, HKZR ili javnog bilje\u017enika<\/em><em>)<\/em><em>(Radnici djelatnosti sanitarnog in\u017eenjerstva koji nemaju polo\u017een stru\u010dni ispit trebaju prilo\u017eiti potvrdu od poslodavca da imaju vi\u0161e od godinu dana radnog iskustva na poslovima sanitarnog in\u017eenjerstva, na dan stupanja na snagu Pravilnika o dopunama Pravilnika o pripravni\u010dkom sta\u017eu zdravstvenih radnika, tj. na dan 12. velja\u010de 2013.god.)<\/em><\/p>\n<p><strong>6. ORIGINAL ILI OVJERENA PRESLIKA <\/strong><strong>dokazA o\u00a0 dr\u017eavljanstvu,<\/strong><em> (ovjera poslodavca, HKZR ili javnog bilje\u017enika)<\/em><\/p>\n<p><strong>7. Izjava o po\u0161tivanju eti\u010dkih i deontolo\u0161kih na\u010dela struke<\/strong><\/p>\n<p><strong>8. Dokaz o poznavanju hrvatskog jezika na razini koja je potrebna za nesmetanu i nu\u017enu komunikaciju s pacijentom, odnosno klijentom<\/strong> (za strane dr\u017eavljane).<\/p>\n<p>&nbsp;<\/p>\n<p><strong><em>Napomena:<\/em><\/strong><\/p>\n<p>Svi dokazi koji se prila\u017eu zahtjevima moraju biti na hrvatskom jeziku odnosno moraju biti prevedeni na hrvatski jezik od strane ovla\u0161tenog sudskog tuma\u010da.<\/p>\n<p>Zahtjevi i prilozi dostavljaju se u tiskanom papirnatom obliku u orginalu ili preslici koju je potrebno ovjeriti <em>od poslodavca, HKZR ili javnog bilje\u017enika<\/em>.<\/p>\n<p>Zdravstveni radnici koji ne dostave kompletnu dokumentaciju te izjavu, potvr\u0111enu od poslodavca, o mjese\u010dnoj ustezi od pla\u0107e mjese\u010dne \u010dlanarine HKZR, \u00a0ne mogu biti upisani u registar \u010dlanova HKZR, te ne mogu dobiti odobrenje za samostalan rad, a niti sudjelovati u radu HKZR.<\/p>\n<p>Svi \u010dlanovi HKZR koji su na dan osnivanja HKZR, 03. velja\u010de 2010. god., \u00a0radili na poslovima djelatnosti sanitarnog in\u017eenjerstva, zdravstveno radiolo\u0161ko-tehnolo\u0161ke djelatnosti, djelatnosti radne terapije te medicinsko-laboratorijske djelatnosti, te ispunjavali uvjete za upis u registar \u010dlanova HKZR, bili su du\u017eni do 29. listopada 2010. god. podnijeti zahtjev za upis u registar \u010dlanova HKZR, te su bili du\u017eni pla\u0107ati \u010dlanarinu HKZR s isplatom pla\u0107e za mjesec listopad 2010. god.<\/p>\n<p>&nbsp;<\/p>\n<p>Zahtjeve treba dostaviti\/poslati u Komoru sa svim prilozima preporu\u010denom po\u0161tom na adresu<strong>:<\/strong><\/p>\n<p style=\"text-align: center;\"><strong>Hrvatska komora zdravstvenih radnika,<\/strong><\/p>\n<p style=\"text-align: center;\"><strong>P.P. 191,<\/strong><\/p>\n<p style=\"text-align: center;\"><strong>10000 Zagreb<\/strong><\/p>\n<p style=\"text-align: left;\" align=\"center\">ili urud\u017ebirati u Uredu Komore.<\/p>\n<p style=\"text-align: left;\" align=\"center\">\n<p><strong>Molimo Vas da kod uplata vodite brigu o poslovnim ra\u010dunima pojedinog Strukovnog razreda, te da uplatu vr\u0161ite na Strukovni razred djelatnosti kojoj pripadate:<\/strong><\/p>\n<table border=\"0\" width=\"640\" cellpadding=\"0\">\n<tbody>\n<tr>\n<td>\n<ul>\n<li>Strukovni razred za medicinsko-laboratorijsku djelatnost<\/li>\n<\/ul>\n<\/td>\n<td><b>HR7223400091510431426<\/b><\/td>\n<\/tr>\n<tr>\n<td>\n<ul>\n<li>Strukovni razred za djelatnost sanitarnog in\u017eenjerstva<\/li>\n<\/ul>\n<\/td>\n<td><b>HR9823400091510431346<\/b><\/td>\n<\/tr>\n<tr>\n<td>\n<ul>\n<li>Strukovni razred za zdravstvenu radiolo\u0161ko &#8211; tehnolo\u0161ku djelatnost<\/li>\n<\/ul>\n<\/td>\n<td><b>HR3623400091510431395<\/b><\/td>\n<\/tr>\n<tr>\n<td>\n<ul>\n<li>Strukovni razred za djelatnost radne terapije<\/li>\n<\/ul>\n<\/td>\n<td><b>HR9523400091510431400<\/b><\/td>\n<\/tr>\n<\/tbody>\n<\/table>\n","protected":false},"excerpt":{"rendered":"<p>OBAVIJEST\u00a0ZDRAVSTVENIM RADNICIMA VEZANO UZ PODNO\u0160ENJE ZAHTJEVA\u00a0ZA UPIS U REGISTAR \u010cLANOVA HKZR i izdavanje odobrenja za samostalan rad (licenca) &nbsp; Zdravstveni radnici djelatnosti sanitarnog in\u017eenjerstva, zdravstveno radiolo\u0161ko \u2013 tehnolo\u0161ke djelatnosti, djelatnosti radne terapije i medicinsko \u2013 laboratorijske djelatnosti koji, temeljem Zakona o djelatnostima u zdravstvu (NN 87\/09), mogu obavljati svoju djelatnost samo ako su upisani \u00a0u <\/p>\n","protected":false},"author":1,"featured_media":0,"parent":386,"menu_order":0,"comment_status":"closed","ping_status":"open","template":"","meta":{"footnotes":""},"yst_prominent_words":[],"class_list":["post-1027","page","type-page","status-publish"],"_links":{"self":[{"href":"https:\/\/hkzr.hr\/hr\/wp-json\/wp\/v2\/pages\/1027","targetHints":{"allow":["GET"]}}],"collection":[{"href":"https:\/\/hkzr.hr\/hr\/wp-json\/wp\/v2\/pages"}],"about":[{"href":"https:\/\/hkzr.hr\/hr\/wp-json\/wp\/v2\/types\/page"}],"author":[{"embeddable":true,"href":"https:\/\/hkzr.hr\/hr\/wp-json\/wp\/v2\/users\/1"}],"replies":[{"embeddable":true,"href":"https:\/\/hkzr.hr\/hr\/wp-json\/wp\/v2\/comments?post=1027"}],"version-history":[{"count":0,"href":"https:\/\/hkzr.hr\/hr\/wp-json\/wp\/v2\/pages\/1027\/revisions"}],"up":[{"embeddable":true,"href":"https:\/\/hkzr.hr\/hr\/wp-json\/wp\/v2\/pages\/386"}],"wp:attachment":[{"href":"https:\/\/hkzr.hr\/hr\/wp-json\/wp\/v2\/media?parent=1027"}],"wp:term":[{"taxonomy":"yst_prominent_words","embeddable":true,"href":"https:\/\/hkzr.hr\/hr\/wp-json\/wp\/v2\/yst_prominent_words?post=1027"}],"curies":[{"name":"wp","href":"https:\/\/api.w.org\/{rel}","templated":true}]}}